{"id":149,"date":"2018-11-22T10:58:59","date_gmt":"2018-11-22T10:58:59","guid":{"rendered":"https:\/\/claireideas.com\/?page_id=149"},"modified":"2018-11-22T11:11:43","modified_gmt":"2018-11-22T11:11:43","slug":"my-work","status":"publish","type":"page","link":"https:\/\/claireideas.com\/ro\/my-work\/","title":{"rendered":"My Work"},"content":{"rendered":"<div id=\"attachment_164\" style=\"width: 310px\" class=\"wp-caption aligncenter\"><img fetchpriority=\"high\" decoding=\"async\" aria-describedby=\"caption-attachment-164\" class=\"wp-image-164 size-medium\" title=\"Lake View\" src=\"https:\/\/claireideas.com\/wp-content\/uploads\/2018\/11\/IMG_20181020_232233_049-300x300.jpg\" alt=\"\" width=\"300\" height=\"300\" srcset=\"https:\/\/claireideas.com\/wp-content\/uploads\/2018\/11\/IMG_20181020_232233_049-300x300.jpg 300w, https:\/\/claireideas.com\/wp-content\/uploads\/2018\/11\/IMG_20181020_232233_049-150x150.jpg 150w, https:\/\/claireideas.com\/wp-content\/uploads\/2018\/11\/IMG_20181020_232233_049-768x768.jpg 768w, https:\/\/claireideas.com\/wp-content\/uploads\/2018\/11\/IMG_20181020_232233_049-1024x1024.jpg 1024w\" sizes=\"(max-width: 300px) 100vw, 300px\" \/><p id=\"caption-attachment-164\" class=\"wp-caption-text\">October 2018<\/p><\/div>\n<div id=\"attachment_163\" style=\"width: 310px\" class=\"wp-caption aligncenter\"><img decoding=\"async\" aria-describedby=\"caption-attachment-163\" class=\"wp-image-163 size-medium\" title=\"Sparkles\" src=\"https:\/\/claireideas.com\/wp-content\/uploads\/2018\/11\/IMG_20180916_005952_886-300x237.jpg\" alt=\"\" width=\"300\" height=\"237\" srcset=\"https:\/\/claireideas.com\/wp-content\/uploads\/2018\/11\/IMG_20180916_005952_886-300x237.jpg 300w, https:\/\/claireideas.com\/wp-content\/uploads\/2018\/11\/IMG_20180916_005952_886-768x608.jpg 768w, https:\/\/claireideas.com\/wp-content\/uploads\/2018\/11\/IMG_20180916_005952_886-1024x810.jpg 1024w\" sizes=\"(max-width: 300px) 100vw, 300px\" \/><p id=\"caption-attachment-163\" class=\"wp-caption-text\">September 2018<\/p><\/div>\n<div id=\"attachment_162\" style=\"width: 310px\" class=\"wp-caption aligncenter\"><img decoding=\"async\" aria-describedby=\"caption-attachment-162\" class=\"wp-image-162 size-medium\" title=\"Greek View\" src=\"https:\/\/claireideas.com\/wp-content\/uploads\/2018\/11\/IMG_20180721_141000_685-300x300.jpg\" alt=\"\" width=\"300\" height=\"300\" srcset=\"https:\/\/claireideas.com\/wp-content\/uploads\/2018\/11\/IMG_20180721_141000_685-300x300.jpg 300w, https:\/\/claireideas.com\/wp-content\/uploads\/2018\/11\/IMG_20180721_141000_685-150x150.jpg 150w, https:\/\/claireideas.com\/wp-content\/uploads\/2018\/11\/IMG_20180721_141000_685-768x768.jpg 768w, https:\/\/claireideas.com\/wp-content\/uploads\/2018\/11\/IMG_20180721_141000_685-1024x1024.jpg 1024w\" sizes=\"(max-width: 300px) 100vw, 300px\" \/><p id=\"caption-attachment-162\" class=\"wp-caption-text\">July 2018<\/p><\/div>\n<div id=\"attachment_161\" style=\"width: 250px\" class=\"wp-caption aligncenter\"><img loading=\"lazy\" decoding=\"async\" aria-describedby=\"caption-attachment-161\" class=\"wp-image-161 size-medium\" title=\"On top of the mountains \" src=\"https:\/\/claireideas.com\/wp-content\/uploads\/2018\/11\/IMG_20180418_014329_514-240x300.jpg\" alt=\"\" width=\"240\" height=\"300\" srcset=\"https:\/\/claireideas.com\/wp-content\/uploads\/2018\/11\/IMG_20180418_014329_514-240x300.jpg 240w, https:\/\/claireideas.com\/wp-content\/uploads\/2018\/11\/IMG_20180418_014329_514-768x960.jpg 768w, https:\/\/claireideas.com\/wp-content\/uploads\/2018\/11\/IMG_20180418_014329_514-819x1024.jpg 819w\" sizes=\"(max-width: 240px) 100vw, 240px\" \/><p id=\"caption-attachment-161\" class=\"wp-caption-text\">April 2018<\/p><\/div>\n<div id=\"attachment_160\" style=\"width: 250px\" class=\"wp-caption aligncenter\"><img loading=\"lazy\" decoding=\"async\" aria-describedby=\"caption-attachment-160\" class=\"wp-image-160 size-medium\" title=\"Sweet Lady \" src=\"https:\/\/claireideas.com\/wp-content\/uploads\/2018\/11\/IMG_20180427_231937_601-240x300.jpg\" alt=\"\" width=\"240\" height=\"300\" srcset=\"https:\/\/claireideas.com\/wp-content\/uploads\/2018\/11\/IMG_20180427_231937_601-240x300.jpg 240w, https:\/\/claireideas.com\/wp-content\/uploads\/2018\/11\/IMG_20180427_231937_601.jpg 652w\" sizes=\"(max-width: 240px) 100vw, 240px\" \/><p id=\"caption-attachment-160\" class=\"wp-caption-text\">December 2014<\/p><\/div>\n","protected":false},"excerpt":{"rendered":"","protected":false},"author":1,"featured_media":0,"parent":0,"menu_order":0,"comment_status":"closed","ping_status":"closed","template":"","meta":{"footnotes":""},"class_list":["post-149","page","type-page","status-publish","hentry"],"translation":{"provider":"WPGlobus","version":"3.0.2","language":"ro","enabled_languages":["en","ro"],"languages":{"en":{"title":true,"content":true,"excerpt":false},"ro":{"title":false,"content":false,"excerpt":false}}},"yoast_head":"<!-- This site is optimized with the Yoast SEO plugin v27.5 - https:\/\/yoast.com\/product\/yoast-seo-wordpress\/ -->\n<title>My Work - Claire Ideas<\/title>\n<meta name=\"robots\" content=\"index, follow, max-snippet:-1, max-image-preview:large, max-video-preview:-1\" \/>\n<link rel=\"canonical\" href=\"https:\/\/claireideas.com\/my-work\/\" \/>\n<meta property=\"og:locale\" content=\"ro_RO\" \/>\n<meta property=\"og:type\" content=\"article\" \/>\n<meta property=\"og:title\" content=\"My Work - Claire Ideas\" \/>\n<meta property=\"og:url\" content=\"https:\/\/claireideas.com\/my-work\/\" \/>\n<meta property=\"og:site_name\" content=\"Claire Ideas\" \/>\n<meta property=\"article:publisher\" content=\"https:\/\/www.facebook.com\/Claire-Ideas-Interior-Design-Project-Management-2133054803437241\/\" \/>\n<meta property=\"article:modified_time\" content=\"2018-11-22T11:11:43+00:00\" \/>\n<meta property=\"og:image\" content=\"https:\/\/claireideas.com\/wp-content\/uploads\/2018\/11\/IMG_20181020_232233_049-300x300.jpg\" \/>\n<meta name=\"twitter:card\" content=\"summary_large_image\" \/>\n<script type=\"application\/ld+json\" class=\"yoast-schema-graph\">{\"@context\":\"https:\\\/\\\/schema.org\",\"@graph\":[{\"@type\":\"WebPage\",\"@id\":\"https:\\\/\\\/claireideas.com\\\/my-work\\\/\",\"url\":\"https:\\\/\\\/claireideas.com\\\/my-work\\\/\",\"name\":\"My Work - Claire Ideas\",\"isPartOf\":{\"@id\":\"https:\\\/\\\/claireideas.com\\\/#website\"},\"primaryImageOfPage\":{\"@id\":\"https:\\\/\\\/claireideas.com\\\/my-work\\\/#primaryimage\"},\"image\":{\"@id\":\"https:\\\/\\\/claireideas.com\\\/my-work\\\/#primaryimage\"},\"thumbnailUrl\":\"https:\\\/\\\/claireideas.com\\\/wp-content\\\/uploads\\\/2018\\\/11\\\/IMG_20181020_232233_049-300x300.jpg\",\"datePublished\":\"2018-11-22T10:58:59+00:00\",\"dateModified\":\"2018-11-22T11:11:43+00:00\",\"description\":\"expertiz\u0103 tehnic\u0103 construc\u021bii, audit energetic cl\u0103diri, expert tehnic structuri beton, sustenabilitate, expertize tehnice, expertiz\u0103 tehnica A1, expertiz\u0103 tehnica SAAC, ap\u0103, canal, canalizare, verificator proiecte, verificator A1, verificator B7, verificator D5, expert A1, expert SAAC, expert Is\",\"breadcrumb\":{\"@id\":\"https:\\\/\\\/claireideas.com\\\/my-work\\\/#breadcrumb\"},\"inLanguage\":\"ro-RO\",\"potentialAction\":[{\"@type\":\"ReadAction\",\"target\":[\"https:\\\/\\\/claireideas.com\\\/my-work\\\/\"]}]},{\"@type\":\"ImageObject\",\"inLanguage\":\"ro-RO\",\"@id\":\"https:\\\/\\\/claireideas.com\\\/my-work\\\/#primaryimage\",\"url\":\"https:\\\/\\\/claireideas.com\\\/wp-content\\\/uploads\\\/2018\\\/11\\\/IMG_20181020_232233_049-300x300.jpg\",\"contentUrl\":\"https:\\\/\\\/claireideas.com\\\/wp-content\\\/uploads\\\/2018\\\/11\\\/IMG_20181020_232233_049-300x300.jpg\"},{\"@type\":\"BreadcrumbList\",\"@id\":\"https:\\\/\\\/claireideas.com\\\/my-work\\\/#breadcrumb\",\"itemListElement\":[{\"@type\":\"ListItem\",\"position\":1,\"name\":\"Home\",\"item\":\"https:\\\/\\\/claireideas.com\\\/\"},{\"@type\":\"ListItem\",\"position\":2,\"name\":\"My Work\"}]},{\"@type\":\"WebSite\",\"@id\":\"https:\\\/\\\/claireideas.com\\\/#website\",\"url\":\"https:\\\/\\\/claireideas.com\\\/\",\"name\":\"{:en}Claire Ideas{:}{:ro}Claire Ideas{:}\",\"description\":\"Your Business Partner - Since 2018\",\"publisher\":{\"@id\":\"https:\\\/\\\/claireideas.com\\\/#organization\"},\"potentialAction\":[{\"@type\":\"SearchAction\",\"target\":{\"@type\":\"EntryPoint\",\"urlTemplate\":\"https:\\\/\\\/claireideas.com\\\/?s={search_term_string}\"},\"query-input\":{\"@type\":\"PropertyValueSpecification\",\"valueRequired\":true,\"valueName\":\"search_term_string\"}}],\"inLanguage\":\"ro-RO\"},{\"@type\":\"Organization\",\"@id\":\"https:\\\/\\\/claireideas.com\\\/#organization\",\"name\":\"CLAIRE IDEAS\",\"url\":\"https:\\\/\\\/claireideas.com\\\/\",\"logo\":{\"@type\":\"ImageObject\",\"inLanguage\":\"ro-RO\",\"@id\":\"https:\\\/\\\/claireideas.com\\\/#\\\/schema\\\/logo\\\/image\\\/\",\"url\":\"https:\\\/\\\/claireideas.com\\\/wp-content\\\/uploads\\\/2019\\\/01\\\/Logo-Claire-Ideas.gif\",\"contentUrl\":\"https:\\\/\\\/claireideas.com\\\/wp-content\\\/uploads\\\/2019\\\/01\\\/Logo-Claire-Ideas.gif\",\"width\":499,\"height\":499,\"caption\":\"CLAIRE IDEAS\"},\"image\":{\"@id\":\"https:\\\/\\\/claireideas.com\\\/#\\\/schema\\\/logo\\\/image\\\/\"},\"sameAs\":[\"https:\\\/\\\/www.facebook.com\\\/Claire-Ideas-Interior-Design-Project-Management-2133054803437241\\\/\"]}]}<\/script>\n<!-- \/ Yoast SEO plugin. -->","yoast_head_json":{"title":"My Work - Claire Ideas","robots":{"index":"index","follow":"follow","max-snippet":"max-snippet:-1","max-image-preview":"max-image-preview:large","max-video-preview":"max-video-preview:-1"},"canonical":"https:\/\/claireideas.com\/my-work\/","og_locale":"ro_RO","og_type":"article","og_title":"My Work - Claire Ideas","og_url":"https:\/\/claireideas.com\/my-work\/","og_site_name":"Claire Ideas","article_publisher":"https:\/\/www.facebook.com\/Claire-Ideas-Interior-Design-Project-Management-2133054803437241\/","article_modified_time":"2018-11-22T11:11:43+00:00","og_image":[{"url":"https:\/\/claireideas.com\/wp-content\/uploads\/2018\/11\/IMG_20181020_232233_049-300x300.jpg","type":"","width":"","height":""}],"twitter_card":"summary_large_image","schema":{"@context":"https:\/\/schema.org","@graph":[{"@type":"WebPage","@id":"https:\/\/claireideas.com\/my-work\/","url":"https:\/\/claireideas.com\/my-work\/","name":"My Work - Claire Ideas","isPartOf":{"@id":"https:\/\/claireideas.com\/#website"},"primaryImageOfPage":{"@id":"https:\/\/claireideas.com\/my-work\/#primaryimage"},"image":{"@id":"https:\/\/claireideas.com\/my-work\/#primaryimage"},"thumbnailUrl":"https:\/\/claireideas.com\/wp-content\/uploads\/2018\/11\/IMG_20181020_232233_049-300x300.jpg","datePublished":"2018-11-22T10:58:59+00:00","dateModified":"2018-11-22T11:11:43+00:00","description":"expertiz\u0103 tehnic\u0103 construc\u021bii, audit energetic cl\u0103diri, expert tehnic structuri beton, sustenabilitate, expertize tehnice, expertiz\u0103 tehnica A1, expertiz\u0103 tehnica SAAC, ap\u0103, canal, canalizare, verificator proiecte, verificator A1, verificator B7, verificator D5, expert A1, expert SAAC, expert Is","breadcrumb":{"@id":"https:\/\/claireideas.com\/my-work\/#breadcrumb"},"inLanguage":"ro-RO","potentialAction":[{"@type":"ReadAction","target":["https:\/\/claireideas.com\/my-work\/"]}]},{"@type":"ImageObject","inLanguage":"ro-RO","@id":"https:\/\/claireideas.com\/my-work\/#primaryimage","url":"https:\/\/claireideas.com\/wp-content\/uploads\/2018\/11\/IMG_20181020_232233_049-300x300.jpg","contentUrl":"https:\/\/claireideas.com\/wp-content\/uploads\/2018\/11\/IMG_20181020_232233_049-300x300.jpg"},{"@type":"BreadcrumbList","@id":"https:\/\/claireideas.com\/my-work\/#breadcrumb","itemListElement":[{"@type":"ListItem","position":1,"name":"Home","item":"https:\/\/claireideas.com\/"},{"@type":"ListItem","position":2,"name":"My Work"}]},{"@type":"WebSite","@id":"https:\/\/claireideas.com\/#website","url":"https:\/\/claireideas.com\/","name":"{:en}Claire Ideas{:}{:ro}Claire Ideas{:}","description":"Your Business Partner - Since 2018","publisher":{"@id":"https:\/\/claireideas.com\/#organization"},"potentialAction":[{"@type":"SearchAction","target":{"@type":"EntryPoint","urlTemplate":"https:\/\/claireideas.com\/?s={search_term_string}"},"query-input":{"@type":"PropertyValueSpecification","valueRequired":true,"valueName":"search_term_string"}}],"inLanguage":"ro-RO"},{"@type":"Organization","@id":"https:\/\/claireideas.com\/#organization","name":"CLAIRE IDEAS","url":"https:\/\/claireideas.com\/","logo":{"@type":"ImageObject","inLanguage":"ro-RO","@id":"https:\/\/claireideas.com\/#\/schema\/logo\/image\/","url":"https:\/\/claireideas.com\/wp-content\/uploads\/2019\/01\/Logo-Claire-Ideas.gif","contentUrl":"https:\/\/claireideas.com\/wp-content\/uploads\/2019\/01\/Logo-Claire-Ideas.gif","width":499,"height":499,"caption":"CLAIRE IDEAS"},"image":{"@id":"https:\/\/claireideas.com\/#\/schema\/logo\/image\/"},"sameAs":["https:\/\/www.facebook.com\/Claire-Ideas-Interior-Design-Project-Management-2133054803437241\/"]}]}},"amp_enabled":true,"_links":{"self":[{"href":"https:\/\/claireideas.com\/ro\/wp-json\/wp\/v2\/pages\/149","targetHints":{"allow":["GET"]}}],"collection":[{"href":"https:\/\/claireideas.com\/ro\/wp-json\/wp\/v2\/pages"}],"about":[{"href":"https:\/\/claireideas.com\/ro\/wp-json\/wp\/v2\/types\/page"}],"author":[{"embeddable":true,"href":"https:\/\/claireideas.com\/ro\/wp-json\/wp\/v2\/users\/1"}],"replies":[{"embeddable":true,"href":"https:\/\/claireideas.com\/ro\/wp-json\/wp\/v2\/comments?post=149"}],"version-history":[{"count":3,"href":"https:\/\/claireideas.com\/ro\/wp-json\/wp\/v2\/pages\/149\/revisions"}],"predecessor-version":[{"id":165,"href":"https:\/\/claireideas.com\/ro\/wp-json\/wp\/v2\/pages\/149\/revisions\/165"}],"wp:attachment":[{"href":"https:\/\/claireideas.com\/ro\/wp-json\/wp\/v2\/media?parent=149"}],"curies":[{"name":"wp","href":"https:\/\/api.w.org\/{rel}","templated":true}]}}