{"id":1714,"date":"2019-05-21T09:02:03","date_gmt":"2019-05-21T09:02:03","guid":{"rendered":"https:\/\/claireideas.com\/?page_id=1714"},"modified":"2023-11-04T09:47:16","modified_gmt":"2023-11-04T09:47:16","slug":"services-prices","status":"publish","type":"page","link":"https:\/\/claireideas.com\/ro\/services-prices\/","title":{"rendered":"Servicii de Amenajare de Interior"},"content":{"rendered":"\t\t<div data-elementor-type=\"wp-page\" data-elementor-id=\"1714\" class=\"elementor elementor-1714\">\n\t\t\t\t\t\t<section class=\"elementor-section elementor-top-section elementor-element elementor-element-5ee2899f elementor-section-boxed elementor-section-height-default elementor-section-height-default\" data-id=\"5ee2899f\" data-element_type=\"section\" data-e-type=\"section\">\n\t\t\t\t\t\t<div class=\"elementor-container elementor-column-gap-default\">\n\t\t\t\t\t<div class=\"elementor-column elementor-col-100 elementor-top-column elementor-element elementor-element-3f00cb78\" data-id=\"3f00cb78\" data-element_type=\"column\" data-e-type=\"column\">\n\t\t\t<div class=\"elementor-widget-wrap elementor-element-populated\">\n\t\t\t\t\t\t<div class=\"elementor-element elementor-element-50358251 elementor-widget elementor-widget-text-editor\" data-id=\"50358251\" data-element_type=\"widget\" data-e-type=\"widget\" data-widget_type=\"text-editor.default\">\n\t\t\t\t<div class=\"elementor-widget-container\">\n\t\t\t\t\t\t\t\t\t<p>{:en}<\/p>\n<figure class=\"wp-block-gallery columns-3 is-cropped wp-block-gallery-2 is-layout-flex wp-block-gallery-is-layout-flex\">\n<ul class=\"blocks-gallery-grid\">\n<li class=\"blocks-gallery-item\">\n<figure><img fetchpriority=\"high\" decoding=\"async\" width=\"1024\" height=\"668\" class=\"wp-image-2046\" src=\"https:\/\/claireideas.com\/wp-content\/uploads\/2019\/06\/BW37-1024x668.jpg\" alt=\"\" data-id=\"2046\" data-link=\"https:\/\/claireideas.com\/services-prices\/bw37\/\" srcset=\"https:\/\/claireideas.com\/wp-content\/uploads\/2019\/06\/BW37-1024x668.jpg 1024w, https:\/\/claireideas.com\/wp-content\/uploads\/2019\/06\/BW37-300x196.jpg 300w, https:\/\/claireideas.com\/wp-content\/uploads\/2019\/06\/BW37-768x501.jpg 768w, https:\/\/claireideas.com\/wp-content\/uploads\/2019\/06\/BW37.jpg 1388w\" sizes=\"(max-width: 1024px) 100vw, 1024px\" \/><\/figure>\n<\/li>\n<li class=\"blocks-gallery-item\">\n<figure><img decoding=\"async\" width=\"1024\" height=\"649\" class=\"wp-image-2056\" src=\"https:\/\/claireideas.com\/wp-content\/uploads\/2019\/06\/BW4-1024x649.jpg\" alt=\"\" data-id=\"2056\" data-link=\"https:\/\/claireideas.com\/services-prices\/bw4\/\" srcset=\"https:\/\/claireideas.com\/wp-content\/uploads\/2019\/06\/BW4-1024x649.jpg 1024w, https:\/\/claireideas.com\/wp-content\/uploads\/2019\/06\/BW4-300x190.jpg 300w, https:\/\/claireideas.com\/wp-content\/uploads\/2019\/06\/BW4-768x487.jpg 768w, https:\/\/claireideas.com\/wp-content\/uploads\/2019\/06\/BW4.jpg 1509w\" sizes=\"(max-width: 1024px) 100vw, 1024px\" \/><\/figure>\n<\/li>\n<li class=\"blocks-gallery-item\">\n<figure><img decoding=\"async\" width=\"1024\" height=\"644\" class=\"wp-image-2058\" src=\"https:\/\/claireideas.com\/wp-content\/uploads\/2019\/06\/BW11-1024x644.jpg\" alt=\"\" data-id=\"2058\" data-link=\"https:\/\/claireideas.com\/services-prices\/bw11\/\" srcset=\"https:\/\/claireideas.com\/wp-content\/uploads\/2019\/06\/BW11-1024x644.jpg 1024w, https:\/\/claireideas.com\/wp-content\/uploads\/2019\/06\/BW11-300x189.jpg 300w, https:\/\/claireideas.com\/wp-content\/uploads\/2019\/06\/BW11-768x483.jpg 768w, https:\/\/claireideas.com\/wp-content\/uploads\/2019\/06\/BW11.jpg 1607w\" sizes=\"(max-width: 1024px) 100vw, 1024px\" \/><\/figure>\n<\/li>\n<\/ul>\n<\/figure>\n<p><\/p>\n<p><\/p>\n<p class=\"has-medium-font-size\"><strong>Preparatory Services consist of: <\/strong><\/p>\n<p><\/p>\n<p><\/p>\n<ol class=\"wp-block-list\">\n<li>We<br>get to know each other;<\/li>\n<li>We<br>become familiar with your location and your wishes;<\/li>\n<li>We<br>prepare the offer and we sign the contract;<\/li>\n<li>We<br>come to your location and we take measurements.<\/li>\n<\/ol>\n<p><\/p>\n<p><\/p>\n<p class=\"has-medium-font-size\"><strong>Consulting Services during the Design Period consist of:<\/strong><\/p>\n<p><\/p>\n<p><\/p>\n<ol class=\"wp-block-list\">\n<li>Identifying<br>the functional issues of the space;<\/li>\n<li>Identifying<br>the solutions for minimizing the functional problems;<\/li>\n<li>Consultancy<br>in setting the traffic flows within your space according to your needs;<\/li>\n<li>Consultancy<br>in choosing the colours and the furniture;<\/li>\n<li>Consultancy<br>in choosing the sanitary wares;<\/li>\n<li>Consultancy<br>in choosing the lighting devices;<\/li>\n<li>Consultancy<br>in choosing and placing of sockets &amp; switches;<\/li>\n<li>Consultancy<br>during the legal approval period, if the new functionality requires (i.g.:<br>space partitioning: demolition, new wall constructions, etc.)<\/li>\n<\/ol>\n<p><\/p>\n<p><\/p>\n<p class=\"has-medium-font-size\"><strong>Design Services consist of:<\/strong><\/p>\n<p><\/p>\n<p><\/p>\n<ol class=\"wp-block-list\">\n<li>Concept establishment;<\/li>\n<li>Re-measurement plan (only if there are works changing the existing measurements, for example: functionality alterations though wall demolition and \/ or new wall construction, etc.);<\/li>\n<li>Furniture Plan;<\/li>\n<li>Presentation of the proposed furniture;<\/li>\n<li>Finishes presentation (floors, walls);<\/li>\n<li>Presentation of the proposed decorations &amp; accessories;<\/li>\n<li>Lighting plan proposal (positioning of the lighting devices, sockets &amp; switches);<\/li>\n<li>Presentation of the proposed lighting system;<\/li>\n<li>Proposal to solve natural light (windows) only where necessary;<\/li>\n<li>Suppliers\u2019 proposal list;<\/li>\n<li>Budget planning proposal and bill of quantities;<\/li>\n<li>Presentation mock-ups.<\/li>\n<\/ol>\n<p><\/p>\n<p><\/p>\n<p class=\"has-medium-font-size\"><strong>Services during the Execution Phase consist of (only for Concepts &amp; Designs created by us): <\/strong><\/p>\n<p><\/p>\n<p><\/p>\n<ol class=\"wp-block-list\">\n<li>Support in execution team selection;<\/li>\n<li>Support in contract negotiation for execution;<\/li>\n<li>Counselling the execution team to make sure they understand the project;<\/li>\n<li>Support in negotiation of procurement contracts (finishes, furniture, etc.);<\/li>\n<li>Suppliers\u2019 co-ordination;<\/li>\n<li>Site supervision during the execution (setting a certain number of site visits).<\/li>\n<\/ol>\n<p><\/p>\n<p><\/p>\n<p class=\"has-medium-font-size\">\n<\/p><p><\/p>\n<p><\/p>\n<p class=\"has-medium-font-size\"><strong>NEW: Additional services for Companies:<\/strong><\/p>\n<p><\/p>\n<p><\/p>\n<ul class=\"wp-block-list\">\n<li>Counselling<br>in choosing an unitary concept in line with the existing brand;<\/li>\n<\/ul>\n<p><\/p>\n<p><\/p>\n<p>OR<\/p>\n<p><\/p>\n<p><\/p>\n<ul class=\"wp-block-list\">\n<li>Counseling for Companies Wishing Re-branding<\/li>\n<\/ul>\n<p><\/p>\n<p><\/p>\n<ol class=\"wp-block-list\">\n<li>Advising in choosing the new brand name;<\/li>\n<li>Integrating the concept into the new brand;<\/li>\n<li>Creating the design logo so as to create a whole;<\/li>\n<li>Creating advertising materials so that the brand and concept are coherent;<\/li>\n<li>Web design, site realization and implementation in accordance with the new brand.<\/li>\n<\/ol>\n<p><\/p>\n<p><\/p>\n<h4 class=\"wp-block-heading\" style=\"text-align: center;\"><strong>For Price Offers, please contact us using the phone number +4 0742 830 033 or send us an e-mail at: contact@claireideas.com. Thank you!<\/strong><\/h4>\n<p><\/p>\n<p><\/p>\n<p class=\"has-medium-font-size\" style=\"text-align: center;\"><strong><em>Important<\/em>: If you do not receive any reply to your e-mail within 48 h, please call us at +4 0742 830 033. Thank you for understanding! <\/strong><\/p>\n<p><\/p>\n<p><\/p>\n<figure class=\"wp-block-embed-wordpress wp-block-embed is-type-wp-embed is-provider-claire-ideas\">\n<div class=\"wp-block-embed__wrapper\">https:\/\/claireideas.com\/3d-flip-book\/brochure\/<\/div>\n<\/figure>\n<p><\/p>\n<p>{:}{:ro}<\/p>\n<figure class=\"wp-block-gallery columns-3 is-cropped wp-block-gallery-3 is-layout-flex wp-block-gallery-is-layout-flex\">\n<ul class=\"blocks-gallery-grid\">\n<li class=\"blocks-gallery-item\">\n<figure><img loading=\"lazy\" decoding=\"async\" width=\"1024\" height=\"669\" class=\"wp-image-2050\" src=\"https:\/\/claireideas.com\/wp-content\/uploads\/2019\/06\/BW7-1024x669.jpg\" alt=\"\" data-id=\"2050\" data-link=\"https:\/\/claireideas.com\/services-prices\/bw7\/\" srcset=\"https:\/\/claireideas.com\/wp-content\/uploads\/2019\/06\/BW7-1024x669.jpg 1024w, https:\/\/claireideas.com\/wp-content\/uploads\/2019\/06\/BW7-300x196.jpg 300w, https:\/\/claireideas.com\/wp-content\/uploads\/2019\/06\/BW7-768x502.jpg 768w, https:\/\/claireideas.com\/wp-content\/uploads\/2019\/06\/BW7.jpg 1558w\" sizes=\"(max-width: 1024px) 100vw, 1024px\" \/><\/figure>\n<\/li>\n<li class=\"blocks-gallery-item\">\n<figure><img loading=\"lazy\" decoding=\"async\" width=\"1024\" height=\"661\" class=\"wp-image-2051\" src=\"https:\/\/claireideas.com\/wp-content\/uploads\/2019\/06\/BW39-1024x661.jpg\" alt=\"\" data-id=\"2051\" data-link=\"https:\/\/claireideas.com\/services-prices\/bw39\/\" srcset=\"https:\/\/claireideas.com\/wp-content\/uploads\/2019\/06\/BW39-1024x661.jpg 1024w, https:\/\/claireideas.com\/wp-content\/uploads\/2019\/06\/BW39-300x194.jpg 300w, https:\/\/claireideas.com\/wp-content\/uploads\/2019\/06\/BW39-768x496.jpg 768w, https:\/\/claireideas.com\/wp-content\/uploads\/2019\/06\/BW39.jpg 1394w\" sizes=\"(max-width: 1024px) 100vw, 1024px\" \/><\/figure>\n<\/li>\n<li class=\"blocks-gallery-item\">\n<figure><img loading=\"lazy\" decoding=\"async\" width=\"1024\" height=\"677\" class=\"wp-image-2054\" src=\"https:\/\/claireideas.com\/wp-content\/uploads\/2019\/06\/BW35-1024x677.jpg\" alt=\"\" data-id=\"2054\" data-link=\"https:\/\/claireideas.com\/services-prices\/bw35\/\" srcset=\"https:\/\/claireideas.com\/wp-content\/uploads\/2019\/06\/BW35-1024x677.jpg 1024w, https:\/\/claireideas.com\/wp-content\/uploads\/2019\/06\/BW35-300x198.jpg 300w, https:\/\/claireideas.com\/wp-content\/uploads\/2019\/06\/BW35-768x508.jpg 768w, https:\/\/claireideas.com\/wp-content\/uploads\/2019\/06\/BW35.jpg 1362w\" sizes=\"(max-width: 1024px) 100vw, 1024px\" \/><\/figure>\n<\/li>\n<\/ul>\n<\/figure>\n<p><\/p>\n<p><\/p>\n<h3><strong>Serviciile Preliminare constau \u00een:<\/strong><\/h3>\n<ol>\n<li>\n<h5>Ajungem s\u0103 ne cunoa\u0219tem;<\/h5>\n<\/li>\n<li>\n<h5>Ne familiarizam cu loca\u021bia \u0219i dorin\u021bele dvs;<\/h5>\n<\/li>\n<li>\n<h5>Realiz\u0103m oferta de pre\u021b \u0219i semn\u0103m contractul;<\/h5>\n<\/li>\n<li>\n<h5>Ne deplasam \u00een loca\u021bia dvs. \u0219i realiz\u0103m m\u0103sur\u0103torile.<\/h5>\n<\/li>\n<\/ol>\n<h3><strong>Serviciile de Consultan\u021b\u0103 pe perioada de Proiectare constau \u00een:<\/strong><\/h3>\n<ol>\n<li>\n<h5>Identificare problemelor func\u021bionale ale spa\u021biului;<\/h5>\n<\/li>\n<li>\n<h5>Identificarea solu\u021biilor pentru \u00eenl\u0103turarea problemelor func\u021bionale;<\/h5>\n<\/li>\n<li>\n<h5>Consultan\u021b\u0103 \u00een stabilirea fluxurilor de circula\u021bie \u00een cadrul spa\u021biului dvs. conform nevoilor dvs.<\/h5>\n<\/li>\n<li>\n<h5>Consultan\u021b\u0103 \u00een alegerea culorilor \u0219i a obiectelor de mobilier,<\/h5>\n<\/li>\n<li>\n<h5>Consultan\u021b\u0103 \u00een alegereaa obiectelor sanitare<\/h5>\n<\/li>\n<li>\n<h5>Consultan\u021b\u0103 \u00een alegerea corpurilor de iluminat<\/h5>\n<\/li>\n<li>\n<h5>Consultan\u021b\u0103 \u00een alegerea \u0219i amplasarea prizelor \u0219i \u00eentrerup\u0103toarelor<\/h5>\n<\/li>\n<li>\n<h5>Consultan\u021b\u0103 pe perioada de avizare \u00een cazul \u00een care func\u021bionalitatea o cere (exp: recompartimentarea spa\u021biului: demol\u0103ri, construc\u021bie de pere\u021bi noi, etc.)<\/h5>\n<\/li>\n<\/ol>\n<h3 data-tadv-p=\"keep\"><strong>Serviciile de Proiectare reprezint\u0103:<\/strong><\/h3>\n<ol>\n<li>\n<h5>Realizarea conceptului;<\/h5>\n<\/li>\n<li>\n<h5>Plan de reamenajare cu noile cote (doar \u00een cazul \u00een care apar lucr\u0103ri ce modific\u0103 cotele existente, exemplu: modific\u0103ri de schimabre a func\u021bionalit\u0103\u021bii prin demolare pere\u021bi \u0219i\/sau construc\u021bie de pere\u021bi noi, etc.);<\/h5>\n<\/li>\n<li>\n<h5>Plan de mobilare;<\/h5>\n<\/li>\n<li>\n<h5>Prezentare mobilier propus;<\/h5>\n<\/li>\n<li>\n<h5>Prezentare finisaje (pardoseli, pere\u021bi);<\/h5>\n<\/li>\n<li>\n<h5>Prezentare decora\u021biuni \u0219i accesorii propuse;<\/h5>\n<\/li>\n<li>\n<h5>Propunere plan de iluminat (amplasare l\u0103mpi, prize, \u00eentrerup\u0103toare);<\/h5>\n<\/li>\n<li>\n<h5>Perezentare sisteme de iluminat propuse;<\/h5>\n<\/li>\n<li>\n<h5>Propunere solu\u021bionare lumin\u0103 natural\u0103 (geamuri), doar unde este necesar;<\/h5>\n<\/li>\n<li>\n<h5>Propunere furnizori;<\/h5>\n<\/li>\n<li>\n<h5>Propunere planificare buget \u0219i lista de cantit\u0103\u021bi;<\/h5>\n<\/li>\n<li>\n<h5>Realizare macheta de prezentare.<\/h5>\n<\/li>\n<\/ol>\n<h3 data-tadv-p=\"keep\"><strong>Servicii pe perioada de Execu\u021bie (doar pentru Concepte \u0219i Proiecte realizate de noi):<\/strong><\/h3>\n<ol>\n<li>\n<h5>Suport pentru alegerea echipei de execu\u021bie;<\/h5>\n<\/li>\n<li>\n<h5>Suport \u00een negocierea contractului pentru execu\u021bie;<\/h5>\n<\/li>\n<li>\n<h5>Consilierea echipei de execu\u021bie astfel \u00eenc\u00e2t s\u0103 ne asigur\u0103m c\u0103 au \u00een\u021beles proiectul;<\/h5>\n<\/li>\n<li>\n<h5>Suport \u00een negocierea contractelor de achizi\u021bii (finisaje, mobilier, etc.);<\/h5>\n<\/li>\n<li>\n<h5>Coordonarea furnizorilor;<\/h5>\n<\/li>\n<li>\n<h5>Supervizarea \u0219antierului pe perioada de execu\u021bie (se stabilesc numarul de vizite pe \u0219antier).<\/h5>\n<\/li>\n<\/ol>\n<h3 data-tadv-p=\"keep\"><strong>NOU: servicii adi\u021bionale dedicate Firmelor:<\/strong><\/h3>\n<ul>\n<li>\n<h5>Consiliere \u00een alegerea conceptului astfel \u00eenc\u00e2t s\u0103 creeze un aspect unitar \u00een conformitate cu brandul deja existent;<\/h5>\n<\/li>\n<\/ul>\n<h5 data-tadv-p=\"keep\">&nbsp;SAU<\/h5>\n<ul>\n<li>\n<h5>Consiliere pentru Firmele care doresc o rebrenduire:<\/h5>\n<\/li>\n<\/ul>\n<ol>\n<li>\n<h5>Consiliere \u00een alegerea noului nume al brandului;<\/h5>\n<\/li>\n<li>\n<h5>Integrarea conceptului \u00een noul brand;<\/h5>\n<\/li>\n<li>\n<h5>Crearea de logo astfel \u00eenc\u00e2t s\u0103 creeze un tot unitar;<\/h5>\n<\/li>\n<li>\n<h5>Crearea de materiale publicitare astfel \u00eenc\u00e2t brandul \u0219i conceptul s\u0103 fie coerente;<\/h5>\n<\/li>\n<li>\n<h5>Realizarea grafic\u0103 web, realizare \u0219i implementare site, \u00een concordan\u021b\u0103 cu noul brand.<\/h5>\n<\/li>\n<\/ol>\n<h3 style=\"text-align: center;\" data-tadv-p=\"keep\">&nbsp; Pentru cereri de ofert\u0103 v\u0103 rug\u0103m s\u0103 ne contacta\u021bi la num\u0103rul de telefon +4 0742 830 033 sau s\u0103 ne trimite\u021bi un e-mail la adresa contact@claireideas.com. V\u0103 mul\u021bumim!&nbsp;<\/h3>\n<h3 style=\"text-align: center;\"><strong><em>Important<\/em>: Dac\u0103 nu a\u021bi primit un r\u0103spuns la e-mailul dvs. \u00een maxim 48 h, v\u0103 rug\u0103m s\u0103 ne suna\u021bi la nr. de telefon +4 0742 830 033. Mul\u021bumim pentru \u00een\u021belegere.&nbsp;<\/strong><\/h3>\n<h3 data-tadv-p=\"keep\">&nbsp;<\/h3>\n<p><\/p>\n<p><\/p>\n<p><\/p>\n<figure class=\"wp-block-embed-wordpress wp-block-embed is-type-wp-embed is-provider-claire-ideas\">\n<div class=\"wp-block-embed__wrapper\">https:\/\/claireideas.com\/3d-flip-book\/brochure\/<\/div>\n<\/figure>\n<p>{:}<\/p>\t\t\t\t\t\t\t\t<\/div>\n\t\t\t\t<\/div>\n\t\t\t\t\t<\/div>\n\t\t<\/div>\n\t\t\t\t\t<\/div>\n\t\t<\/section>\n\t\t\t\t<\/div>\n\t\t","protected":false},"excerpt":{"rendered":"<p>Serviciile Preliminare constau \u00een: Ajungem s\u0103 ne cunoa\u0219tem; Ne familiarizam cu loca\u021bia \u0219i dorin\u021bele dvs; Realiz\u0103m oferta de pre\u021b \u0219i semn\u0103m contractul; Ne deplasam \u00een loca\u021bia dvs. \u0219i realiz\u0103m m\u0103sur\u0103torile. Serviciile de Consultan\u021b\u0103 pe perioada de Proiectare constau \u00een: Identificare problemelor func\u021bionale ale spa\u021biului; Identificarea solu\u021biilor pentru \u00eenl\u0103turarea problemelor func\u021bionale; Consultan\u021b\u0103 \u00een stabilirea fluxurilor de [&hellip;]<\/p>\n","protected":false},"author":1,"featured_media":0,"parent":0,"menu_order":0,"comment_status":"closed","ping_status":"closed","template":"page-templates\/page-nosidebars.php","meta":{"footnotes":""},"class_list":["post-1714","page","type-page","status-publish","hentry"],"translation":{"provider":"WPGlobus","version":"3.0.2","language":"ro","enabled_languages":["en","ro"],"languages":{"en":{"title":true,"content":true,"excerpt":false},"ro":{"title":true,"content":true,"excerpt":false}}},"yoast_head":"<!-- This site is optimized with the Yoast SEO plugin v27.5 - https:\/\/yoast.com\/product\/yoast-seo-wordpress\/ -->\n<title>Servicii de Amenajare de Interior - Claire Ideas<\/title>\n<meta name=\"robots\" content=\"index, follow, max-snippet:-1, max-image-preview:large, max-video-preview:-1\" \/>\n<link rel=\"canonical\" href=\"https:\/\/claireideas.com\/services-prices\/\" \/>\n<meta property=\"og:locale\" content=\"ro_RO\" \/>\n<meta property=\"og:type\" content=\"article\" \/>\n<meta property=\"og:title\" content=\"Servicii de Amenajare de Interior - Claire Ideas\" \/>\n<meta property=\"og:url\" content=\"https:\/\/claireideas.com\/services-prices\/\" \/>\n<meta property=\"og:site_name\" content=\"Claire Ideas\" \/>\n<meta property=\"article:publisher\" content=\"https:\/\/www.facebook.com\/Claire-Ideas-Interior-Design-Project-Management-2133054803437241\/\" \/>\n<meta property=\"article:modified_time\" content=\"2023-11-04T09:47:16+00:00\" \/>\n<meta property=\"og:image\" content=\"https:\/\/claireideas.com\/wp-content\/uploads\/2019\/06\/BW37-1024x668.jpg\" \/>\n<meta name=\"twitter:card\" content=\"summary_large_image\" \/>\n<meta name=\"twitter:label1\" content=\"Timp estimat pentru citire\" \/>\n\t<meta name=\"twitter:data1\" content=\"5 minute\" \/>\n<script type=\"application\/ld+json\" class=\"yoast-schema-graph\">{\"@context\":\"https:\\\/\\\/schema.org\",\"@graph\":[{\"@type\":\"WebPage\",\"@id\":\"https:\\\/\\\/claireideas.com\\\/services-prices\\\/\",\"url\":\"https:\\\/\\\/claireideas.com\\\/services-prices\\\/\",\"name\":\"Servicii de Amenajare de Interior - Claire Ideas\",\"isPartOf\":{\"@id\":\"https:\\\/\\\/claireideas.com\\\/#website\"},\"primaryImageOfPage\":{\"@id\":\"https:\\\/\\\/claireideas.com\\\/services-prices\\\/#primaryimage\"},\"image\":{\"@id\":\"https:\\\/\\\/claireideas.com\\\/services-prices\\\/#primaryimage\"},\"thumbnailUrl\":\"https:\\\/\\\/claireideas.com\\\/wp-content\\\/uploads\\\/2019\\\/06\\\/BW37-1024x668.jpg\",\"datePublished\":\"2019-05-21T09:02:03+00:00\",\"dateModified\":\"2023-11-04T09:47:16+00:00\",\"description\":\"expertiz\u0103 tehnic\u0103 construc\u021bii, audit energetic cl\u0103diri, expert tehnic structuri beton, sustenabilitate, expertize tehnice, expertiz\u0103 tehnica A1, expertiz\u0103 tehnica SAAC, ap\u0103, canal, canalizare, verificator proiecte, verificator A1, verificator B7, verificator D5, expert A1, expert SAAC, expert Is\",\"breadcrumb\":{\"@id\":\"https:\\\/\\\/claireideas.com\\\/services-prices\\\/#breadcrumb\"},\"inLanguage\":\"ro-RO\",\"potentialAction\":[{\"@type\":\"ReadAction\",\"target\":[\"https:\\\/\\\/claireideas.com\\\/services-prices\\\/\"]}]},{\"@type\":\"ImageObject\",\"inLanguage\":\"ro-RO\",\"@id\":\"https:\\\/\\\/claireideas.com\\\/services-prices\\\/#primaryimage\",\"url\":\"https:\\\/\\\/claireideas.com\\\/wp-content\\\/uploads\\\/2019\\\/06\\\/BW37-1024x668.jpg\",\"contentUrl\":\"https:\\\/\\\/claireideas.com\\\/wp-content\\\/uploads\\\/2019\\\/06\\\/BW37-1024x668.jpg\"},{\"@type\":\"BreadcrumbList\",\"@id\":\"https:\\\/\\\/claireideas.com\\\/services-prices\\\/#breadcrumb\",\"itemListElement\":[{\"@type\":\"ListItem\",\"position\":1,\"name\":\"Home\",\"item\":\"https:\\\/\\\/claireideas.com\\\/\"},{\"@type\":\"ListItem\",\"position\":2,\"name\":\"{:en}Interior Design Services {:}{:ro}Servicii de Amenajare de Interior{:}\"}]},{\"@type\":\"WebSite\",\"@id\":\"https:\\\/\\\/claireideas.com\\\/#website\",\"url\":\"https:\\\/\\\/claireideas.com\\\/\",\"name\":\"{:en}Claire Ideas{:}{:ro}Claire Ideas{:}\",\"description\":\"Your Business Partner - Since 2018\",\"publisher\":{\"@id\":\"https:\\\/\\\/claireideas.com\\\/#organization\"},\"potentialAction\":[{\"@type\":\"SearchAction\",\"target\":{\"@type\":\"EntryPoint\",\"urlTemplate\":\"https:\\\/\\\/claireideas.com\\\/?s={search_term_string}\"},\"query-input\":{\"@type\":\"PropertyValueSpecification\",\"valueRequired\":true,\"valueName\":\"search_term_string\"}}],\"inLanguage\":\"ro-RO\"},{\"@type\":\"Organization\",\"@id\":\"https:\\\/\\\/claireideas.com\\\/#organization\",\"name\":\"CLAIRE IDEAS\",\"url\":\"https:\\\/\\\/claireideas.com\\\/\",\"logo\":{\"@type\":\"ImageObject\",\"inLanguage\":\"ro-RO\",\"@id\":\"https:\\\/\\\/claireideas.com\\\/#\\\/schema\\\/logo\\\/image\\\/\",\"url\":\"https:\\\/\\\/claireideas.com\\\/wp-content\\\/uploads\\\/2019\\\/01\\\/Logo-Claire-Ideas.gif\",\"contentUrl\":\"https:\\\/\\\/claireideas.com\\\/wp-content\\\/uploads\\\/2019\\\/01\\\/Logo-Claire-Ideas.gif\",\"width\":499,\"height\":499,\"caption\":\"CLAIRE IDEAS\"},\"image\":{\"@id\":\"https:\\\/\\\/claireideas.com\\\/#\\\/schema\\\/logo\\\/image\\\/\"},\"sameAs\":[\"https:\\\/\\\/www.facebook.com\\\/Claire-Ideas-Interior-Design-Project-Management-2133054803437241\\\/\"]}]}<\/script>\n<!-- \/ Yoast SEO plugin. -->","yoast_head_json":{"title":"Servicii de Amenajare de Interior - Claire Ideas","robots":{"index":"index","follow":"follow","max-snippet":"max-snippet:-1","max-image-preview":"max-image-preview:large","max-video-preview":"max-video-preview:-1"},"canonical":"https:\/\/claireideas.com\/services-prices\/","og_locale":"ro_RO","og_type":"article","og_title":"Servicii de Amenajare de Interior - Claire Ideas","og_url":"https:\/\/claireideas.com\/services-prices\/","og_site_name":"Claire Ideas","article_publisher":"https:\/\/www.facebook.com\/Claire-Ideas-Interior-Design-Project-Management-2133054803437241\/","article_modified_time":"2023-11-04T09:47:16+00:00","og_image":[{"url":"https:\/\/claireideas.com\/wp-content\/uploads\/2019\/06\/BW37-1024x668.jpg","type":"","width":"","height":""}],"twitter_card":"summary_large_image","twitter_misc":{"Timp estimat pentru citire":"5 minute"},"schema":{"@context":"https:\/\/schema.org","@graph":[{"@type":"WebPage","@id":"https:\/\/claireideas.com\/services-prices\/","url":"https:\/\/claireideas.com\/services-prices\/","name":"Servicii de Amenajare de Interior - Claire Ideas","isPartOf":{"@id":"https:\/\/claireideas.com\/#website"},"primaryImageOfPage":{"@id":"https:\/\/claireideas.com\/services-prices\/#primaryimage"},"image":{"@id":"https:\/\/claireideas.com\/services-prices\/#primaryimage"},"thumbnailUrl":"https:\/\/claireideas.com\/wp-content\/uploads\/2019\/06\/BW37-1024x668.jpg","datePublished":"2019-05-21T09:02:03+00:00","dateModified":"2023-11-04T09:47:16+00:00","description":"expertiz\u0103 tehnic\u0103 construc\u021bii, audit energetic cl\u0103diri, expert tehnic structuri beton, sustenabilitate, expertize tehnice, expertiz\u0103 tehnica A1, expertiz\u0103 tehnica SAAC, ap\u0103, canal, canalizare, verificator proiecte, verificator A1, verificator B7, verificator D5, expert A1, expert SAAC, expert Is","breadcrumb":{"@id":"https:\/\/claireideas.com\/services-prices\/#breadcrumb"},"inLanguage":"ro-RO","potentialAction":[{"@type":"ReadAction","target":["https:\/\/claireideas.com\/services-prices\/"]}]},{"@type":"ImageObject","inLanguage":"ro-RO","@id":"https:\/\/claireideas.com\/services-prices\/#primaryimage","url":"https:\/\/claireideas.com\/wp-content\/uploads\/2019\/06\/BW37-1024x668.jpg","contentUrl":"https:\/\/claireideas.com\/wp-content\/uploads\/2019\/06\/BW37-1024x668.jpg"},{"@type":"BreadcrumbList","@id":"https:\/\/claireideas.com\/services-prices\/#breadcrumb","itemListElement":[{"@type":"ListItem","position":1,"name":"Home","item":"https:\/\/claireideas.com\/"},{"@type":"ListItem","position":2,"name":"{:en}Interior Design Services {:}{:ro}Servicii de Amenajare de Interior{:}"}]},{"@type":"WebSite","@id":"https:\/\/claireideas.com\/#website","url":"https:\/\/claireideas.com\/","name":"{:en}Claire Ideas{:}{:ro}Claire Ideas{:}","description":"Your Business Partner - Since 2018","publisher":{"@id":"https:\/\/claireideas.com\/#organization"},"potentialAction":[{"@type":"SearchAction","target":{"@type":"EntryPoint","urlTemplate":"https:\/\/claireideas.com\/?s={search_term_string}"},"query-input":{"@type":"PropertyValueSpecification","valueRequired":true,"valueName":"search_term_string"}}],"inLanguage":"ro-RO"},{"@type":"Organization","@id":"https:\/\/claireideas.com\/#organization","name":"CLAIRE IDEAS","url":"https:\/\/claireideas.com\/","logo":{"@type":"ImageObject","inLanguage":"ro-RO","@id":"https:\/\/claireideas.com\/#\/schema\/logo\/image\/","url":"https:\/\/claireideas.com\/wp-content\/uploads\/2019\/01\/Logo-Claire-Ideas.gif","contentUrl":"https:\/\/claireideas.com\/wp-content\/uploads\/2019\/01\/Logo-Claire-Ideas.gif","width":499,"height":499,"caption":"CLAIRE IDEAS"},"image":{"@id":"https:\/\/claireideas.com\/#\/schema\/logo\/image\/"},"sameAs":["https:\/\/www.facebook.com\/Claire-Ideas-Interior-Design-Project-Management-2133054803437241\/"]}]}},"amp_enabled":false,"_links":{"self":[{"href":"https:\/\/claireideas.com\/ro\/wp-json\/wp\/v2\/pages\/1714","targetHints":{"allow":["GET"]}}],"collection":[{"href":"https:\/\/claireideas.com\/ro\/wp-json\/wp\/v2\/pages"}],"about":[{"href":"https:\/\/claireideas.com\/ro\/wp-json\/wp\/v2\/types\/page"}],"author":[{"embeddable":true,"href":"https:\/\/claireideas.com\/ro\/wp-json\/wp\/v2\/users\/1"}],"replies":[{"embeddable":true,"href":"https:\/\/claireideas.com\/ro\/wp-json\/wp\/v2\/comments?post=1714"}],"version-history":[{"count":73,"href":"https:\/\/claireideas.com\/ro\/wp-json\/wp\/v2\/pages\/1714\/revisions"}],"predecessor-version":[{"id":3474,"href":"https:\/\/claireideas.com\/ro\/wp-json\/wp\/v2\/pages\/1714\/revisions\/3474"}],"wp:attachment":[{"href":"https:\/\/claireideas.com\/ro\/wp-json\/wp\/v2\/media?parent=1714"}],"curies":[{"name":"wp","href":"https:\/\/api.w.org\/{rel}","templated":true}]}}