{"id":1756,"date":"2019-05-23T12:14:34","date_gmt":"2019-05-23T12:14:34","guid":{"rendered":"https:\/\/claireideas.com\/?page_id=1756"},"modified":"2025-02-24T09:46:56","modified_gmt":"2025-02-24T09:46:56","slug":"our-vision","status":"publish","type":"page","link":"https:\/\/claireideas.com\/ro\/our-vision\/","title":{"rendered":"Viziunea Noastr\u0103"},"content":{"rendered":"\n<h2 class=\"wp-block-heading\" style=\"text-align:center\"> <strong>Viziunea noastr\u0103 este s\u0103 fim Diferi\u021bi.<\/strong> <\/h2>\n\n\n\n<p style=\"text-align:center\" class=\"has-medium-font-size\">\n\n S-ar putea spune c\u0103 tehnologia \u0219i arta \u00eempreun\u0103 nu reflect\u0103 o abordare bun\u0103 a unei afaceri, eu spun c\u0103 este edificator. Nu vei avea niciodat\u0103 rezultate bune \u00eentr-o afacere (tehnic\u0103 sau nu), dac\u0103 nu ai grij\u0103 de sufletul t\u0103u. Sufletul meu este arta si creativitate, baza educa\u021bional\u0103 este tehnic\u0103. Nu ve\u021bi vedea niciodat\u0103 detaliile \u00eentr-un proiect sau o afacere ca un artist, nu ve\u021bi c\u0103uta niciodat\u0103 inovarea sau originalitatea ca un artist, niciodat\u0103 nu ve\u021bi fi doritori de succes ca un artist. Dar nu ve\u021bi avea o imagine global\u0103 asupra unei afaceri sau a unui proiect, dac\u0103 nu ve\u021bi g\u00e2ndi logic, dac\u0103 nu ave\u021bi abilit\u0103\u021bi de rezolvare a problemelor sau aptitudini analitice puternice ca o persoan\u0103 tehnic\u0103. Aceasta este ceea ce fac: o afacere tehnic\u0103 \u00een cadrul acestui nou concept \u0219i viziune personal\u0103: aplicarea aptitudinilor tehnice \u0219i artistice \/creative care pot fi necesare pentru rezultate reu\u0219ite. \n\n<\/p>\n","protected":false},"excerpt":{"rendered":"<p>Viziunea noastr\u0103 este s\u0103 fim Diferi\u021bi. S-ar putea spune c\u0103 tehnologia \u0219i arta \u00eempreun\u0103 nu reflect\u0103 o abordare bun\u0103 a unei afaceri, eu spun c\u0103 este edificator. Nu vei avea niciodat\u0103 rezultate bune \u00eentr-o afacere (tehnic\u0103 sau nu), dac\u0103 nu ai grij\u0103 de sufletul t\u0103u. Sufletul meu este arta si creativitate, baza educa\u021bional\u0103 este tehnic\u0103. [&hellip;]<\/p>\n","protected":false},"author":1,"featured_media":3568,"parent":0,"menu_order":0,"comment_status":"closed","ping_status":"closed","template":"page-templates\/page-nosidebars.php","meta":{"footnotes":""},"class_list":["post-1756","page","type-page","status-publish","has-post-thumbnail","hentry"],"translation":{"provider":"WPGlobus","version":"3.0.2","language":"ro","enabled_languages":["en","ro"],"languages":{"en":{"title":true,"content":true,"excerpt":false},"ro":{"title":true,"content":true,"excerpt":false}}},"yoast_head":"<!-- This site is optimized with the Yoast SEO plugin v27.5 - https:\/\/yoast.com\/product\/yoast-seo-wordpress\/ -->\n<title>Viziunea Noastr\u0103 - Claire Ideas<\/title>\n<meta name=\"robots\" content=\"index, follow, max-snippet:-1, max-image-preview:large, max-video-preview:-1\" \/>\n<link rel=\"canonical\" href=\"https:\/\/claireideas.com\/our-vision\/\" \/>\n<meta property=\"og:locale\" content=\"ro_RO\" \/>\n<meta property=\"og:type\" content=\"article\" \/>\n<meta property=\"og:title\" content=\"Viziunea Noastr\u0103 - Claire Ideas\" \/>\n<meta property=\"og:url\" content=\"https:\/\/claireideas.com\/our-vision\/\" \/>\n<meta property=\"og:site_name\" content=\"Claire Ideas\" \/>\n<meta property=\"article:publisher\" content=\"https:\/\/www.facebook.com\/Claire-Ideas-Interior-Design-Project-Management-2133054803437241\/\" \/>\n<meta property=\"article:modified_time\" content=\"2025-02-24T09:46:56+00:00\" \/>\n<meta property=\"og:image\" content=\"https:\/\/claireideas.com\/wp-content\/uploads\/2025\/02\/AdobeStock_63245667-scaled.jpeg\" \/>\n\t<meta property=\"og:image:width\" content=\"2560\" \/>\n\t<meta property=\"og:image:height\" content=\"1481\" \/>\n\t<meta property=\"og:image:type\" content=\"image\/jpeg\" \/>\n<meta name=\"twitter:card\" content=\"summary_large_image\" \/>\n<meta name=\"twitter:label1\" content=\"Timp estimat pentru citire\" \/>\n\t<meta name=\"twitter:data1\" content=\"2 minute\" \/>\n<script type=\"application\/ld+json\" class=\"yoast-schema-graph\">{\"@context\":\"https:\\\/\\\/schema.org\",\"@graph\":[{\"@type\":\"WebPage\",\"@id\":\"https:\\\/\\\/claireideas.com\\\/our-vision\\\/\",\"url\":\"https:\\\/\\\/claireideas.com\\\/our-vision\\\/\",\"name\":\"Viziunea Noastr\u0103 - Claire Ideas\",\"isPartOf\":{\"@id\":\"https:\\\/\\\/claireideas.com\\\/#website\"},\"primaryImageOfPage\":{\"@id\":\"https:\\\/\\\/claireideas.com\\\/our-vision\\\/#primaryimage\"},\"image\":{\"@id\":\"https:\\\/\\\/claireideas.com\\\/our-vision\\\/#primaryimage\"},\"thumbnailUrl\":\"https:\\\/\\\/claireideas.com\\\/wp-content\\\/uploads\\\/2025\\\/02\\\/AdobeStock_63245667-scaled.jpeg\",\"datePublished\":\"2019-05-23T12:14:34+00:00\",\"dateModified\":\"2025-02-24T09:46:56+00:00\",\"description\":\"expertiz\u0103 tehnic\u0103 construc\u021bii, audit energetic cl\u0103diri, expert tehnic structuri beton, sustenabilitate, expertize tehnice, expertiz\u0103 tehnica A1, expertiz\u0103 tehnica SAAC, ap\u0103, canal, canalizare, verificator proiecte, verificator A1, verificator B7, verificator D5, expert A1, expert SAAC, expert Is\",\"breadcrumb\":{\"@id\":\"https:\\\/\\\/claireideas.com\\\/our-vision\\\/#breadcrumb\"},\"inLanguage\":\"ro-RO\",\"potentialAction\":[{\"@type\":\"ReadAction\",\"target\":[\"https:\\\/\\\/claireideas.com\\\/our-vision\\\/\"]}]},{\"@type\":\"ImageObject\",\"inLanguage\":\"ro-RO\",\"@id\":\"https:\\\/\\\/claireideas.com\\\/our-vision\\\/#primaryimage\",\"url\":\"https:\\\/\\\/claireideas.com\\\/wp-content\\\/uploads\\\/2025\\\/02\\\/AdobeStock_63245667-scaled.jpeg\",\"contentUrl\":\"https:\\\/\\\/claireideas.com\\\/wp-content\\\/uploads\\\/2025\\\/02\\\/AdobeStock_63245667-scaled.jpeg\",\"width\":2560,\"height\":1481,\"caption\":\"Group of business people team. Isolated over white background.\"},{\"@type\":\"BreadcrumbList\",\"@id\":\"https:\\\/\\\/claireideas.com\\\/our-vision\\\/#breadcrumb\",\"itemListElement\":[{\"@type\":\"ListItem\",\"position\":1,\"name\":\"Home\",\"item\":\"https:\\\/\\\/claireideas.com\\\/\"},{\"@type\":\"ListItem\",\"position\":2,\"name\":\"Our Vision\"}]},{\"@type\":\"WebSite\",\"@id\":\"https:\\\/\\\/claireideas.com\\\/#website\",\"url\":\"https:\\\/\\\/claireideas.com\\\/\",\"name\":\"{:en}Claire Ideas{:}{:ro}Claire Ideas{:}\",\"description\":\"Your Business Partner - Since 2018\",\"publisher\":{\"@id\":\"https:\\\/\\\/claireideas.com\\\/#organization\"},\"potentialAction\":[{\"@type\":\"SearchAction\",\"target\":{\"@type\":\"EntryPoint\",\"urlTemplate\":\"https:\\\/\\\/claireideas.com\\\/?s={search_term_string}\"},\"query-input\":{\"@type\":\"PropertyValueSpecification\",\"valueRequired\":true,\"valueName\":\"search_term_string\"}}],\"inLanguage\":\"ro-RO\"},{\"@type\":\"Organization\",\"@id\":\"https:\\\/\\\/claireideas.com\\\/#organization\",\"name\":\"CLAIRE IDEAS\",\"url\":\"https:\\\/\\\/claireideas.com\\\/\",\"logo\":{\"@type\":\"ImageObject\",\"inLanguage\":\"ro-RO\",\"@id\":\"https:\\\/\\\/claireideas.com\\\/#\\\/schema\\\/logo\\\/image\\\/\",\"url\":\"https:\\\/\\\/claireideas.com\\\/wp-content\\\/uploads\\\/2019\\\/01\\\/Logo-Claire-Ideas.gif\",\"contentUrl\":\"https:\\\/\\\/claireideas.com\\\/wp-content\\\/uploads\\\/2019\\\/01\\\/Logo-Claire-Ideas.gif\",\"width\":499,\"height\":499,\"caption\":\"CLAIRE IDEAS\"},\"image\":{\"@id\":\"https:\\\/\\\/claireideas.com\\\/#\\\/schema\\\/logo\\\/image\\\/\"},\"sameAs\":[\"https:\\\/\\\/www.facebook.com\\\/Claire-Ideas-Interior-Design-Project-Management-2133054803437241\\\/\"]}]}<\/script>\n<!-- \/ Yoast SEO plugin. -->","yoast_head_json":{"title":"Viziunea Noastr\u0103 - Claire Ideas","robots":{"index":"index","follow":"follow","max-snippet":"max-snippet:-1","max-image-preview":"max-image-preview:large","max-video-preview":"max-video-preview:-1"},"canonical":"https:\/\/claireideas.com\/our-vision\/","og_locale":"ro_RO","og_type":"article","og_title":"Viziunea Noastr\u0103 - Claire Ideas","og_url":"https:\/\/claireideas.com\/our-vision\/","og_site_name":"Claire Ideas","article_publisher":"https:\/\/www.facebook.com\/Claire-Ideas-Interior-Design-Project-Management-2133054803437241\/","article_modified_time":"2025-02-24T09:46:56+00:00","og_image":[{"width":2560,"height":1481,"url":"https:\/\/claireideas.com\/wp-content\/uploads\/2025\/02\/AdobeStock_63245667-scaled.jpeg","type":"image\/jpeg"}],"twitter_card":"summary_large_image","twitter_misc":{"Timp estimat pentru citire":"2 minute"},"schema":{"@context":"https:\/\/schema.org","@graph":[{"@type":"WebPage","@id":"https:\/\/claireideas.com\/our-vision\/","url":"https:\/\/claireideas.com\/our-vision\/","name":"Viziunea Noastr\u0103 - Claire Ideas","isPartOf":{"@id":"https:\/\/claireideas.com\/#website"},"primaryImageOfPage":{"@id":"https:\/\/claireideas.com\/our-vision\/#primaryimage"},"image":{"@id":"https:\/\/claireideas.com\/our-vision\/#primaryimage"},"thumbnailUrl":"https:\/\/claireideas.com\/wp-content\/uploads\/2025\/02\/AdobeStock_63245667-scaled.jpeg","datePublished":"2019-05-23T12:14:34+00:00","dateModified":"2025-02-24T09:46:56+00:00","description":"expertiz\u0103 tehnic\u0103 construc\u021bii, audit energetic cl\u0103diri, expert tehnic structuri beton, sustenabilitate, expertize tehnice, expertiz\u0103 tehnica A1, expertiz\u0103 tehnica SAAC, ap\u0103, canal, canalizare, verificator proiecte, verificator A1, verificator B7, verificator D5, expert A1, expert SAAC, expert Is","breadcrumb":{"@id":"https:\/\/claireideas.com\/our-vision\/#breadcrumb"},"inLanguage":"ro-RO","potentialAction":[{"@type":"ReadAction","target":["https:\/\/claireideas.com\/our-vision\/"]}]},{"@type":"ImageObject","inLanguage":"ro-RO","@id":"https:\/\/claireideas.com\/our-vision\/#primaryimage","url":"https:\/\/claireideas.com\/wp-content\/uploads\/2025\/02\/AdobeStock_63245667-scaled.jpeg","contentUrl":"https:\/\/claireideas.com\/wp-content\/uploads\/2025\/02\/AdobeStock_63245667-scaled.jpeg","width":2560,"height":1481,"caption":"Group of business people team. Isolated over white background."},{"@type":"BreadcrumbList","@id":"https:\/\/claireideas.com\/our-vision\/#breadcrumb","itemListElement":[{"@type":"ListItem","position":1,"name":"Home","item":"https:\/\/claireideas.com\/"},{"@type":"ListItem","position":2,"name":"Our Vision"}]},{"@type":"WebSite","@id":"https:\/\/claireideas.com\/#website","url":"https:\/\/claireideas.com\/","name":"{:en}Claire Ideas{:}{:ro}Claire Ideas{:}","description":"Your Business Partner - Since 2018","publisher":{"@id":"https:\/\/claireideas.com\/#organization"},"potentialAction":[{"@type":"SearchAction","target":{"@type":"EntryPoint","urlTemplate":"https:\/\/claireideas.com\/?s={search_term_string}"},"query-input":{"@type":"PropertyValueSpecification","valueRequired":true,"valueName":"search_term_string"}}],"inLanguage":"ro-RO"},{"@type":"Organization","@id":"https:\/\/claireideas.com\/#organization","name":"CLAIRE IDEAS","url":"https:\/\/claireideas.com\/","logo":{"@type":"ImageObject","inLanguage":"ro-RO","@id":"https:\/\/claireideas.com\/#\/schema\/logo\/image\/","url":"https:\/\/claireideas.com\/wp-content\/uploads\/2019\/01\/Logo-Claire-Ideas.gif","contentUrl":"https:\/\/claireideas.com\/wp-content\/uploads\/2019\/01\/Logo-Claire-Ideas.gif","width":499,"height":499,"caption":"CLAIRE IDEAS"},"image":{"@id":"https:\/\/claireideas.com\/#\/schema\/logo\/image\/"},"sameAs":["https:\/\/www.facebook.com\/Claire-Ideas-Interior-Design-Project-Management-2133054803437241\/"]}]}},"amp_enabled":false,"_links":{"self":[{"href":"https:\/\/claireideas.com\/ro\/wp-json\/wp\/v2\/pages\/1756","targetHints":{"allow":["GET"]}}],"collection":[{"href":"https:\/\/claireideas.com\/ro\/wp-json\/wp\/v2\/pages"}],"about":[{"href":"https:\/\/claireideas.com\/ro\/wp-json\/wp\/v2\/types\/page"}],"author":[{"embeddable":true,"href":"https:\/\/claireideas.com\/ro\/wp-json\/wp\/v2\/users\/1"}],"replies":[{"embeddable":true,"href":"https:\/\/claireideas.com\/ro\/wp-json\/wp\/v2\/comments?post=1756"}],"version-history":[{"count":28,"href":"https:\/\/claireideas.com\/ro\/wp-json\/wp\/v2\/pages\/1756\/revisions"}],"predecessor-version":[{"id":2360,"href":"https:\/\/claireideas.com\/ro\/wp-json\/wp\/v2\/pages\/1756\/revisions\/2360"}],"wp:featuredmedia":[{"embeddable":true,"href":"https:\/\/claireideas.com\/ro\/wp-json\/wp\/v2\/media\/3568"}],"wp:attachment":[{"href":"https:\/\/claireideas.com\/ro\/wp-json\/wp\/v2\/media?parent=1756"}],"curies":[{"name":"wp","href":"https:\/\/api.w.org\/{rel}","templated":true}]}}