{"id":2149,"date":"2019-06-25T12:33:53","date_gmt":"2019-06-25T12:33:53","guid":{"rendered":"https:\/\/claireideas.com\/?page_id=2149"},"modified":"2019-06-28T23:53:21","modified_gmt":"2019-06-28T23:53:21","slug":"georgianas-art-deco","status":"publish","type":"page","link":"https:\/\/claireideas.com\/ro\/georgianas-art-deco\/","title":{"rendered":"Georgiana &#8211; Art &#038; Deco"},"content":{"rendered":"\n<p style=\"text-align:center\" class=\"has-medium-font-size\"><strong>Perne Decorative <\/strong>create dup\u0103 <strong>tablouri originale <\/strong>realizate de designeri\u021ba noastr\u0103 Georgiana. Materialul textil folosit pentru fe\u021bele de pern\u0103 este un poliester 100%, foarte <strong>rezistent la \u0219ifonare<\/strong> ce are o <strong>rezisten\u021b\u0103 ridicat\u0103 \u00eempotriva factorilor externi (raze UV, lichide, agen\u0163i chimici)<\/strong>. \u00cen func\u021bie de stilul ales, pernele pot fi integrate cu u\u0219urin\u021b\u0103 \u00een conceptul de design de interior. \n\n<\/p>\n\n\n\n<ul class=\"wp-block-gallery columns-3 is-cropped wp-block-gallery-1 is-layout-flex wp-block-gallery-is-layout-flex\"><li class=\"blocks-gallery-item\"><figure><img fetchpriority=\"high\" decoding=\"async\" width=\"1024\" height=\"961\" src=\"https:\/\/claireideas.com\/wp-content\/uploads\/2019\/06\/Picture4-2-1024x961.jpg\" alt=\"\" data-id=\"2155\" data-link=\"https:\/\/claireideas.com\/georgianas-art-deco\/picture4-2-3\/\" class=\"wp-image-2155\" srcset=\"https:\/\/claireideas.com\/wp-content\/uploads\/2019\/06\/Picture4-2-1024x961.jpg 1024w, https:\/\/claireideas.com\/wp-content\/uploads\/2019\/06\/Picture4-2-300x281.jpg 300w, https:\/\/claireideas.com\/wp-content\/uploads\/2019\/06\/Picture4-2-768x720.jpg 768w, https:\/\/claireideas.com\/wp-content\/uploads\/2019\/06\/Picture4-2.jpg 1033w\" sizes=\"(max-width: 1024px) 100vw, 1024px\" \/><\/figure><\/li><li class=\"blocks-gallery-item\"><figure><img decoding=\"async\" width=\"1024\" height=\"963\" src=\"https:\/\/claireideas.com\/wp-content\/uploads\/2019\/06\/Picture3-2-1024x963.jpg\" alt=\"\" data-id=\"2154\" data-link=\"https:\/\/claireideas.com\/georgianas-art-deco\/picture3-2-3\/\" class=\"wp-image-2154\" srcset=\"https:\/\/claireideas.com\/wp-content\/uploads\/2019\/06\/Picture3-2-1024x963.jpg 1024w, https:\/\/claireideas.com\/wp-content\/uploads\/2019\/06\/Picture3-2-300x282.jpg 300w, https:\/\/claireideas.com\/wp-content\/uploads\/2019\/06\/Picture3-2-768x723.jpg 768w, https:\/\/claireideas.com\/wp-content\/uploads\/2019\/06\/Picture3-2.jpg 1099w\" sizes=\"(max-width: 1024px) 100vw, 1024px\" \/><\/figure><\/li><li class=\"blocks-gallery-item\"><figure><img decoding=\"async\" width=\"960\" height=\"908\" src=\"https:\/\/claireideas.com\/wp-content\/uploads\/2019\/06\/Picture2-1.jpg\" alt=\"\" data-id=\"2153\" data-link=\"https:\/\/claireideas.com\/georgianas-art-deco\/picture2-1\/\" class=\"wp-image-2153\" srcset=\"https:\/\/claireideas.com\/wp-content\/uploads\/2019\/06\/Picture2-1.jpg 960w, https:\/\/claireideas.com\/wp-content\/uploads\/2019\/06\/Picture2-1-300x284.jpg 300w, https:\/\/claireideas.com\/wp-content\/uploads\/2019\/06\/Picture2-1-768x726.jpg 768w\" sizes=\"(max-width: 960px) 100vw, 960px\" \/><\/figure><\/li><li class=\"blocks-gallery-item\"><figure><img loading=\"lazy\" decoding=\"async\" width=\"1017\" height=\"947\" src=\"https:\/\/claireideas.com\/wp-content\/uploads\/2019\/06\/Picture5-1.jpg\" alt=\"\" data-id=\"2156\" data-link=\"https:\/\/claireideas.com\/georgianas-art-deco\/picture5-1\/\" class=\"wp-image-2156\" srcset=\"https:\/\/claireideas.com\/wp-content\/uploads\/2019\/06\/Picture5-1.jpg 1017w, https:\/\/claireideas.com\/wp-content\/uploads\/2019\/06\/Picture5-1-300x279.jpg 300w, https:\/\/claireideas.com\/wp-content\/uploads\/2019\/06\/Picture5-1-768x715.jpg 768w\" sizes=\"(max-width: 1017px) 100vw, 1017px\" \/><\/figure><\/li><li class=\"blocks-gallery-item\"><figure><img loading=\"lazy\" decoding=\"async\" width=\"1024\" height=\"915\" src=\"https:\/\/claireideas.com\/wp-content\/uploads\/2019\/06\/Picture6-1024x915.jpg\" alt=\"\" data-id=\"2157\" data-link=\"https:\/\/claireideas.com\/georgianas-art-deco\/picture6-7\/\" class=\"wp-image-2157\" srcset=\"https:\/\/claireideas.com\/wp-content\/uploads\/2019\/06\/Picture6-1024x915.jpg 1024w, https:\/\/claireideas.com\/wp-content\/uploads\/2019\/06\/Picture6-300x268.jpg 300w, https:\/\/claireideas.com\/wp-content\/uploads\/2019\/06\/Picture6-768x686.jpg 768w, https:\/\/claireideas.com\/wp-content\/uploads\/2019\/06\/Picture6.jpg 1125w\" sizes=\"(max-width: 1024px) 100vw, 1024px\" \/><\/figure><\/li><li class=\"blocks-gallery-item\"><figure><img loading=\"lazy\" decoding=\"async\" width=\"748\" height=\"669\" src=\"https:\/\/claireideas.com\/wp-content\/uploads\/2019\/06\/Picture7-1.jpg\" alt=\"\" data-id=\"2158\" data-link=\"https:\/\/claireideas.com\/georgianas-art-deco\/picture7-1\/\" class=\"wp-image-2158\" srcset=\"https:\/\/claireideas.com\/wp-content\/uploads\/2019\/06\/Picture7-1.jpg 748w, https:\/\/claireideas.com\/wp-content\/uploads\/2019\/06\/Picture7-1-300x268.jpg 300w\" sizes=\"(max-width: 748px) 100vw, 748px\" \/><\/figure><\/li><li class=\"blocks-gallery-item\"><figure><img loading=\"lazy\" decoding=\"async\" width=\"1024\" height=\"941\" src=\"https:\/\/claireideas.com\/wp-content\/uploads\/2019\/06\/Picture8-1024x941.jpg\" alt=\"\" data-id=\"2159\" data-link=\"https:\/\/claireideas.com\/georgianas-art-deco\/picture8-9\/\" class=\"wp-image-2159\" srcset=\"https:\/\/claireideas.com\/wp-content\/uploads\/2019\/06\/Picture8-1024x941.jpg 1024w, https:\/\/claireideas.com\/wp-content\/uploads\/2019\/06\/Picture8-300x276.jpg 300w, https:\/\/claireideas.com\/wp-content\/uploads\/2019\/06\/Picture8-768x706.jpg 768w, https:\/\/claireideas.com\/wp-content\/uploads\/2019\/06\/Picture8.jpg 1041w\" sizes=\"(max-width: 1024px) 100vw, 1024px\" \/><\/figure><\/li><li class=\"blocks-gallery-item\"><figure><img loading=\"lazy\" decoding=\"async\" width=\"923\" height=\"857\" src=\"https:\/\/claireideas.com\/wp-content\/uploads\/2019\/06\/Picture9.jpg\" alt=\"\" data-id=\"2160\" data-link=\"https:\/\/claireideas.com\/georgianas-art-deco\/picture9-4\/\" class=\"wp-image-2160\" srcset=\"https:\/\/claireideas.com\/wp-content\/uploads\/2019\/06\/Picture9.jpg 923w, https:\/\/claireideas.com\/wp-content\/uploads\/2019\/06\/Picture9-300x279.jpg 300w, https:\/\/claireideas.com\/wp-content\/uploads\/2019\/06\/Picture9-768x713.jpg 768w\" sizes=\"(max-width: 923px) 100vw, 923px\" \/><\/figure><\/li><\/ul>\n\n\n","protected":false},"excerpt":{"rendered":"<p>Perne Decorative create dup\u0103 tablouri originale realizate de designeri\u021ba noastr\u0103 Georgiana. Materialul textil folosit pentru fe\u021bele de pern\u0103 este un poliester 100%, foarte rezistent la \u0219ifonare ce are o rezisten\u021b\u0103 ridicat\u0103 \u00eempotriva factorilor externi (raze UV, lichide, agen\u0163i chimici). \u00cen func\u021bie de stilul ales, pernele pot fi integrate cu u\u0219urin\u021b\u0103 \u00een conceptul de design de [&hellip;]<\/p>\n","protected":false},"author":1,"featured_media":0,"parent":0,"menu_order":0,"comment_status":"closed","ping_status":"closed","template":"page-templates\/page-nosidebars.php","meta":{"footnotes":""},"class_list":["post-2149","page","type-page","status-publish","hentry"],"translation":{"provider":"WPGlobus","version":"3.0.2","language":"ro","enabled_languages":["en","ro"],"languages":{"en":{"title":true,"content":true,"excerpt":false},"ro":{"title":true,"content":true,"excerpt":false}}},"yoast_head":"<!-- This site is optimized with the Yoast SEO plugin v27.4 - https:\/\/yoast.com\/product\/yoast-seo-wordpress\/ -->\n<title>Georgiana - Art &amp; Deco - Claire Ideas<\/title>\n<meta name=\"robots\" content=\"index, follow, max-snippet:-1, max-image-preview:large, max-video-preview:-1\" \/>\n<link rel=\"canonical\" href=\"https:\/\/claireideas.com\/georgianas-art-deco\/\" \/>\n<meta property=\"og:locale\" content=\"ro_RO\" \/>\n<meta property=\"og:type\" content=\"article\" \/>\n<meta property=\"og:title\" content=\"Georgiana - Art &amp; Deco - Claire Ideas\" \/>\n<meta property=\"og:url\" content=\"https:\/\/claireideas.com\/georgianas-art-deco\/\" \/>\n<meta property=\"og:site_name\" content=\"Claire Ideas\" \/>\n<meta property=\"article:publisher\" content=\"https:\/\/www.facebook.com\/Claire-Ideas-Interior-Design-Project-Management-2133054803437241\/\" \/>\n<meta property=\"article:modified_time\" content=\"2019-06-28T23:53:21+00:00\" \/>\n<meta property=\"og:image\" content=\"https:\/\/claireideas.com\/wp-content\/uploads\/2019\/06\/Picture4-2-1024x961.jpg\" \/>\n<meta name=\"twitter:card\" content=\"summary_large_image\" \/>\n<meta name=\"twitter:label1\" content=\"Timp estimat pentru citire\" \/>\n\t<meta name=\"twitter:data1\" content=\"1 minut\" \/>\n<script type=\"application\/ld+json\" class=\"yoast-schema-graph\">{\"@context\":\"https:\\\/\\\/schema.org\",\"@graph\":[{\"@type\":\"WebPage\",\"@id\":\"https:\\\/\\\/claireideas.com\\\/georgianas-art-deco\\\/\",\"url\":\"https:\\\/\\\/claireideas.com\\\/georgianas-art-deco\\\/\",\"name\":\"Georgiana - Art & Deco - Claire Ideas\",\"isPartOf\":{\"@id\":\"https:\\\/\\\/claireideas.com\\\/#website\"},\"primaryImageOfPage\":{\"@id\":\"https:\\\/\\\/claireideas.com\\\/georgianas-art-deco\\\/#primaryimage\"},\"image\":{\"@id\":\"https:\\\/\\\/claireideas.com\\\/georgianas-art-deco\\\/#primaryimage\"},\"thumbnailUrl\":\"https:\\\/\\\/claireideas.com\\\/wp-content\\\/uploads\\\/2019\\\/06\\\/Picture4-2-1024x961.jpg\",\"datePublished\":\"2019-06-25T12:33:53+00:00\",\"dateModified\":\"2019-06-28T23:53:21+00:00\",\"description\":\"expertiz\u0103 tehnic\u0103 construc\u021bii, audit energetic cl\u0103diri, expert tehnic structuri beton, sustenabilitate, expertize tehnice, expertiz\u0103 tehnica A1, expertiz\u0103 tehnica SAAC, ap\u0103, canal, canalizare, verificator proiecte, verificator A1, verificator B7, verificator D5, expert A1, expert SAAC, expert Is\",\"breadcrumb\":{\"@id\":\"https:\\\/\\\/claireideas.com\\\/georgianas-art-deco\\\/#breadcrumb\"},\"inLanguage\":\"ro-RO\",\"potentialAction\":[{\"@type\":\"ReadAction\",\"target\":[\"https:\\\/\\\/claireideas.com\\\/georgianas-art-deco\\\/\"]}]},{\"@type\":\"ImageObject\",\"inLanguage\":\"ro-RO\",\"@id\":\"https:\\\/\\\/claireideas.com\\\/georgianas-art-deco\\\/#primaryimage\",\"url\":\"https:\\\/\\\/claireideas.com\\\/wp-content\\\/uploads\\\/2019\\\/06\\\/Picture4-2-1024x961.jpg\",\"contentUrl\":\"https:\\\/\\\/claireideas.com\\\/wp-content\\\/uploads\\\/2019\\\/06\\\/Picture4-2-1024x961.jpg\"},{\"@type\":\"BreadcrumbList\",\"@id\":\"https:\\\/\\\/claireideas.com\\\/georgianas-art-deco\\\/#breadcrumb\",\"itemListElement\":[{\"@type\":\"ListItem\",\"position\":1,\"name\":\"Home\",\"item\":\"https:\\\/\\\/claireideas.com\\\/\"},{\"@type\":\"ListItem\",\"position\":2,\"name\":\"Georgiana&#8217;s Art &#038; Deco\"}]},{\"@type\":\"WebSite\",\"@id\":\"https:\\\/\\\/claireideas.com\\\/#website\",\"url\":\"https:\\\/\\\/claireideas.com\\\/\",\"name\":\"{:en}Claire Ideas{:}{:ro}Claire Ideas{:}\",\"description\":\"Your Business Partner - Since 2018\",\"publisher\":{\"@id\":\"https:\\\/\\\/claireideas.com\\\/#organization\"},\"potentialAction\":[{\"@type\":\"SearchAction\",\"target\":{\"@type\":\"EntryPoint\",\"urlTemplate\":\"https:\\\/\\\/claireideas.com\\\/?s={search_term_string}\"},\"query-input\":{\"@type\":\"PropertyValueSpecification\",\"valueRequired\":true,\"valueName\":\"search_term_string\"}}],\"inLanguage\":\"ro-RO\"},{\"@type\":\"Organization\",\"@id\":\"https:\\\/\\\/claireideas.com\\\/#organization\",\"name\":\"CLAIRE IDEAS\",\"url\":\"https:\\\/\\\/claireideas.com\\\/\",\"logo\":{\"@type\":\"ImageObject\",\"inLanguage\":\"ro-RO\",\"@id\":\"https:\\\/\\\/claireideas.com\\\/#\\\/schema\\\/logo\\\/image\\\/\",\"url\":\"https:\\\/\\\/claireideas.com\\\/wp-content\\\/uploads\\\/2019\\\/01\\\/Logo-Claire-Ideas.gif\",\"contentUrl\":\"https:\\\/\\\/claireideas.com\\\/wp-content\\\/uploads\\\/2019\\\/01\\\/Logo-Claire-Ideas.gif\",\"width\":499,\"height\":499,\"caption\":\"CLAIRE IDEAS\"},\"image\":{\"@id\":\"https:\\\/\\\/claireideas.com\\\/#\\\/schema\\\/logo\\\/image\\\/\"},\"sameAs\":[\"https:\\\/\\\/www.facebook.com\\\/Claire-Ideas-Interior-Design-Project-Management-2133054803437241\\\/\"]}]}<\/script>\n<!-- \/ Yoast SEO plugin. -->","yoast_head_json":{"title":"Georgiana - Art & Deco - Claire Ideas","robots":{"index":"index","follow":"follow","max-snippet":"max-snippet:-1","max-image-preview":"max-image-preview:large","max-video-preview":"max-video-preview:-1"},"canonical":"https:\/\/claireideas.com\/georgianas-art-deco\/","og_locale":"ro_RO","og_type":"article","og_title":"Georgiana - Art & Deco - Claire Ideas","og_url":"https:\/\/claireideas.com\/georgianas-art-deco\/","og_site_name":"Claire Ideas","article_publisher":"https:\/\/www.facebook.com\/Claire-Ideas-Interior-Design-Project-Management-2133054803437241\/","article_modified_time":"2019-06-28T23:53:21+00:00","og_image":[{"url":"https:\/\/claireideas.com\/wp-content\/uploads\/2019\/06\/Picture4-2-1024x961.jpg","type":"","width":"","height":""}],"twitter_card":"summary_large_image","twitter_misc":{"Timp estimat pentru citire":"1 minut"},"schema":{"@context":"https:\/\/schema.org","@graph":[{"@type":"WebPage","@id":"https:\/\/claireideas.com\/georgianas-art-deco\/","url":"https:\/\/claireideas.com\/georgianas-art-deco\/","name":"Georgiana - Art & Deco - Claire Ideas","isPartOf":{"@id":"https:\/\/claireideas.com\/#website"},"primaryImageOfPage":{"@id":"https:\/\/claireideas.com\/georgianas-art-deco\/#primaryimage"},"image":{"@id":"https:\/\/claireideas.com\/georgianas-art-deco\/#primaryimage"},"thumbnailUrl":"https:\/\/claireideas.com\/wp-content\/uploads\/2019\/06\/Picture4-2-1024x961.jpg","datePublished":"2019-06-25T12:33:53+00:00","dateModified":"2019-06-28T23:53:21+00:00","description":"expertiz\u0103 tehnic\u0103 construc\u021bii, audit energetic cl\u0103diri, expert tehnic structuri beton, sustenabilitate, expertize tehnice, expertiz\u0103 tehnica A1, expertiz\u0103 tehnica SAAC, ap\u0103, canal, canalizare, verificator proiecte, verificator A1, verificator B7, verificator D5, expert A1, expert SAAC, expert Is","breadcrumb":{"@id":"https:\/\/claireideas.com\/georgianas-art-deco\/#breadcrumb"},"inLanguage":"ro-RO","potentialAction":[{"@type":"ReadAction","target":["https:\/\/claireideas.com\/georgianas-art-deco\/"]}]},{"@type":"ImageObject","inLanguage":"ro-RO","@id":"https:\/\/claireideas.com\/georgianas-art-deco\/#primaryimage","url":"https:\/\/claireideas.com\/wp-content\/uploads\/2019\/06\/Picture4-2-1024x961.jpg","contentUrl":"https:\/\/claireideas.com\/wp-content\/uploads\/2019\/06\/Picture4-2-1024x961.jpg"},{"@type":"BreadcrumbList","@id":"https:\/\/claireideas.com\/georgianas-art-deco\/#breadcrumb","itemListElement":[{"@type":"ListItem","position":1,"name":"Home","item":"https:\/\/claireideas.com\/"},{"@type":"ListItem","position":2,"name":"Georgiana&#8217;s Art &#038; Deco"}]},{"@type":"WebSite","@id":"https:\/\/claireideas.com\/#website","url":"https:\/\/claireideas.com\/","name":"{:en}Claire Ideas{:}{:ro}Claire Ideas{:}","description":"Your Business Partner - Since 2018","publisher":{"@id":"https:\/\/claireideas.com\/#organization"},"potentialAction":[{"@type":"SearchAction","target":{"@type":"EntryPoint","urlTemplate":"https:\/\/claireideas.com\/?s={search_term_string}"},"query-input":{"@type":"PropertyValueSpecification","valueRequired":true,"valueName":"search_term_string"}}],"inLanguage":"ro-RO"},{"@type":"Organization","@id":"https:\/\/claireideas.com\/#organization","name":"CLAIRE IDEAS","url":"https:\/\/claireideas.com\/","logo":{"@type":"ImageObject","inLanguage":"ro-RO","@id":"https:\/\/claireideas.com\/#\/schema\/logo\/image\/","url":"https:\/\/claireideas.com\/wp-content\/uploads\/2019\/01\/Logo-Claire-Ideas.gif","contentUrl":"https:\/\/claireideas.com\/wp-content\/uploads\/2019\/01\/Logo-Claire-Ideas.gif","width":499,"height":499,"caption":"CLAIRE IDEAS"},"image":{"@id":"https:\/\/claireideas.com\/#\/schema\/logo\/image\/"},"sameAs":["https:\/\/www.facebook.com\/Claire-Ideas-Interior-Design-Project-Management-2133054803437241\/"]}]}},"amp_enabled":false,"_links":{"self":[{"href":"https:\/\/claireideas.com\/ro\/wp-json\/wp\/v2\/pages\/2149","targetHints":{"allow":["GET"]}}],"collection":[{"href":"https:\/\/claireideas.com\/ro\/wp-json\/wp\/v2\/pages"}],"about":[{"href":"https:\/\/claireideas.com\/ro\/wp-json\/wp\/v2\/types\/page"}],"author":[{"embeddable":true,"href":"https:\/\/claireideas.com\/ro\/wp-json\/wp\/v2\/users\/1"}],"replies":[{"embeddable":true,"href":"https:\/\/claireideas.com\/ro\/wp-json\/wp\/v2\/comments?post=2149"}],"version-history":[{"count":13,"href":"https:\/\/claireideas.com\/ro\/wp-json\/wp\/v2\/pages\/2149\/revisions"}],"predecessor-version":[{"id":2457,"href":"https:\/\/claireideas.com\/ro\/wp-json\/wp\/v2\/pages\/2149\/revisions\/2457"}],"wp:attachment":[{"href":"https:\/\/claireideas.com\/ro\/wp-json\/wp\/v2\/media?parent=2149"}],"curies":[{"name":"wp","href":"https:\/\/api.w.org\/{rel}","templated":true}]}}