{"id":2555,"date":"2019-08-06T07:34:06","date_gmt":"2019-08-06T07:34:06","guid":{"rendered":"https:\/\/claireideas.com\/?page_id=2555"},"modified":"2019-08-06T08:09:15","modified_gmt":"2019-08-06T08:09:15","slug":"press","status":"publish","type":"page","link":"https:\/\/claireideas.com\/ro\/press\/","title":{"rendered":"PRES\u0102"},"content":{"rendered":"\n<figure class=\"wp-block-embed-wordpress aligncenter wp-block-embed is-type-wp-embed is-provider-ziarul-incisiv-de-prahova\"><div class=\"wp-block-embed__wrapper\">\n<blockquote class=\"wp-embedded-content\" data-secret=\"pdsvTxsAiq\"><a href=\"https:\/\/www.incisivdeprahova.ro\/2019\/08\/05\/care-este-rolul-unui-designer-de-interior\/\">Care este rolul unui designer de interior?<\/a><\/blockquote><iframe class=\"wp-embedded-content\" sandbox=\"allow-scripts\" security=\"restricted\" style=\"position: absolute; clip: rect(1px, 1px, 1px, 1px);\" title=\"&#8222;Care este rolul unui designer de interior?&#8221; &#8212; Ziarul Incisiv de Prahova\" src=\"https:\/\/www.incisivdeprahova.ro\/2019\/08\/05\/care-este-rolul-unui-designer-de-interior\/embed\/#?secret=Q1jFGsBACU#?secret=pdsvTxsAiq\" data-secret=\"pdsvTxsAiq\" width=\"600\" height=\"338\" frameborder=\"0\" marginwidth=\"0\" marginheight=\"0\" scrolling=\"no\"><\/iframe>\n<\/div><\/figure>\n\n\n\n<figure class=\"wp-block-embed-wordpress aligncenter wp-block-embed is-type-wp-embed is-provider-news-2-0\"><div class=\"wp-block-embed__wrapper\">\n<blockquote class=\"wp-embedded-content\" data-secret=\"oYeWu0h0qv\"><a href=\"https:\/\/www.news20.ro\/arhitectura-de-interior-design-de-interior-si-decorarea-de-interioare.html\">Arhitectura de interior, design de interior si decorarea de interioare.<\/a><\/blockquote><iframe class=\"wp-embedded-content\" sandbox=\"allow-scripts\" security=\"restricted\" style=\"position: absolute; clip: rect(1px, 1px, 1px, 1px);\" title=\"&#8220;Arhitectura de interior, design de interior si decorarea de interioare.&#8221; &#8212; NEWS 2.0\" src=\"https:\/\/www.news20.ro\/arhitectura-de-interior-design-de-interior-si-decorarea-de-interioare.html\/embed#?secret=oYeWu0h0qv\" data-secret=\"oYeWu0h0qv\" width=\"600\" height=\"338\" frameborder=\"0\" marginwidth=\"0\" marginheight=\"0\" scrolling=\"no\"><\/iframe>\n<\/div><\/figure>\n\n\n\n<figure class=\"wp-block-embed-wordpress aligncenter wp-block-embed is-type-wp-embed is-provider-banateanul-ro\" data-amp-layout=\"responsive\"><div class=\"wp-block-embed__wrapper\">\n<blockquote class=\"wp-embedded-content\" data-secret=\"PAvoCLXmbr\"><a href=\"https:\/\/www.banateanul.ro\/7-elemente-de-design-interior\/\">7 elemente de design interior<\/a><\/blockquote><iframe class=\"wp-embedded-content\" sandbox=\"allow-scripts\" security=\"restricted\" style=\"position: absolute; clip: rect(1px, 1px, 1px, 1px);\" title=\"&#8220;7 elemente de design interior&#8221; &#8212; B\u0102N\u0102\u021aEANUL\" src=\"https:\/\/www.banateanul.ro\/7-elemente-de-design-interior\/embed\/#?secret=PAvoCLXmbr\" data-secret=\"PAvoCLXmbr\" width=\"600\" height=\"338\" frameborder=\"0\" marginwidth=\"0\" marginheight=\"0\" scrolling=\"no\"><\/iframe>\n<\/div><\/figure>\n\n\n\n<figure class=\"wp-block-embed-wordpress aligncenter wp-block-embed is-type-wp-embed is-provider-ziarul-nationalul\"><div class=\"wp-block-embed__wrapper\">\n<blockquote class=\"wp-embedded-content\" data-secret=\"FGNwUiouCQ\"><a href=\"https:\/\/www.nationalul.ro\/2019\/08\/05\/ce-implica-meseria-de-designer-de-interior\/\">Ce implica meseria de designer de interior?<\/a><\/blockquote><iframe class=\"wp-embedded-content\" sandbox=\"allow-scripts\" security=\"restricted\" style=\"position: absolute; clip: rect(1px, 1px, 1px, 1px);\" title=\"&#8222;Ce implica meseria de designer de interior?&#8221; &#8212; Ziarul Nationalul\" src=\"https:\/\/www.nationalul.ro\/2019\/08\/05\/ce-implica-meseria-de-designer-de-interior\/embed\/#?secret=FGNwUiouCQ\" data-secret=\"FGNwUiouCQ\" width=\"600\" height=\"338\" frameborder=\"0\" marginwidth=\"0\" marginheight=\"0\" scrolling=\"no\"><\/iframe>\n<\/div><\/figure>\n\n\n","protected":false},"excerpt":{"rendered":"","protected":false},"author":1,"featured_media":0,"parent":0,"menu_order":0,"comment_status":"closed","ping_status":"closed","template":"page-templates\/page-nosidebars.php","meta":{"footnotes":""},"class_list":["post-2555","page","type-page","status-publish","hentry"],"translation":{"provider":"WPGlobus","version":"3.0.2","language":"ro","enabled_languages":["en","ro"],"languages":{"en":{"title":true,"content":true,"excerpt":false},"ro":{"title":true,"content":true,"excerpt":false}}},"yoast_head":"<!-- This site is optimized with the Yoast SEO plugin v27.5 - https:\/\/yoast.com\/product\/yoast-seo-wordpress\/ -->\n<title>PRES\u0102 - Claire Ideas<\/title>\n<meta name=\"robots\" content=\"index, follow, max-snippet:-1, max-image-preview:large, max-video-preview:-1\" \/>\n<link rel=\"canonical\" href=\"https:\/\/claireideas.com\/press\/\" \/>\n<meta property=\"og:locale\" content=\"ro_RO\" \/>\n<meta property=\"og:type\" content=\"article\" \/>\n<meta property=\"og:title\" content=\"PRES\u0102 - Claire Ideas\" \/>\n<meta property=\"og:url\" content=\"https:\/\/claireideas.com\/press\/\" \/>\n<meta property=\"og:site_name\" content=\"Claire Ideas\" \/>\n<meta property=\"article:publisher\" content=\"https:\/\/www.facebook.com\/Claire-Ideas-Interior-Design-Project-Management-2133054803437241\/\" \/>\n<meta property=\"article:modified_time\" content=\"2019-08-06T08:09:15+00:00\" \/>\n<meta property=\"og:image\" content=\"https:\/\/claireideas.com\/wp-content\/uploads\/2019\/03\/53862977_2138394562903265_929896252496150528_o.jpg\" \/>\n\t<meta property=\"og:image:width\" content=\"1500\" \/>\n\t<meta property=\"og:image:height\" content=\"1125\" \/>\n\t<meta property=\"og:image:type\" content=\"image\/jpeg\" \/>\n<meta name=\"twitter:card\" content=\"summary_large_image\" \/>\n<script type=\"application\/ld+json\" class=\"yoast-schema-graph\">{\"@context\":\"https:\\\/\\\/schema.org\",\"@graph\":[{\"@type\":\"WebPage\",\"@id\":\"https:\\\/\\\/claireideas.com\\\/press\\\/\",\"url\":\"https:\\\/\\\/claireideas.com\\\/press\\\/\",\"name\":\"PRES\u0102 - Claire Ideas\",\"isPartOf\":{\"@id\":\"https:\\\/\\\/claireideas.com\\\/#website\"},\"datePublished\":\"2019-08-06T07:34:06+00:00\",\"dateModified\":\"2019-08-06T08:09:15+00:00\",\"description\":\"expertiz\u0103 tehnic\u0103 construc\u021bii, audit energetic cl\u0103diri, expert tehnic structuri beton, sustenabilitate, expertize tehnice, expertiz\u0103 tehnica A1, expertiz\u0103 tehnica SAAC, ap\u0103, canal, canalizare, verificator proiecte, verificator A1, verificator B7, verificator D5, expert A1, expert SAAC, expert Is\",\"breadcrumb\":{\"@id\":\"https:\\\/\\\/claireideas.com\\\/press\\\/#breadcrumb\"},\"inLanguage\":\"ro-RO\",\"potentialAction\":[{\"@type\":\"ReadAction\",\"target\":[\"https:\\\/\\\/claireideas.com\\\/press\\\/\"]}]},{\"@type\":\"BreadcrumbList\",\"@id\":\"https:\\\/\\\/claireideas.com\\\/press\\\/#breadcrumb\",\"itemListElement\":[{\"@type\":\"ListItem\",\"position\":1,\"name\":\"Home\",\"item\":\"https:\\\/\\\/claireideas.com\\\/\"},{\"@type\":\"ListItem\",\"position\":2,\"name\":\"PRESS\"}]},{\"@type\":\"WebSite\",\"@id\":\"https:\\\/\\\/claireideas.com\\\/#website\",\"url\":\"https:\\\/\\\/claireideas.com\\\/\",\"name\":\"{:en}Claire Ideas{:}{:ro}Claire Ideas{:}\",\"description\":\"Your Business Partner - Since 2018\",\"publisher\":{\"@id\":\"https:\\\/\\\/claireideas.com\\\/#organization\"},\"potentialAction\":[{\"@type\":\"SearchAction\",\"target\":{\"@type\":\"EntryPoint\",\"urlTemplate\":\"https:\\\/\\\/claireideas.com\\\/?s={search_term_string}\"},\"query-input\":{\"@type\":\"PropertyValueSpecification\",\"valueRequired\":true,\"valueName\":\"search_term_string\"}}],\"inLanguage\":\"ro-RO\"},{\"@type\":\"Organization\",\"@id\":\"https:\\\/\\\/claireideas.com\\\/#organization\",\"name\":\"CLAIRE IDEAS\",\"url\":\"https:\\\/\\\/claireideas.com\\\/\",\"logo\":{\"@type\":\"ImageObject\",\"inLanguage\":\"ro-RO\",\"@id\":\"https:\\\/\\\/claireideas.com\\\/#\\\/schema\\\/logo\\\/image\\\/\",\"url\":\"https:\\\/\\\/claireideas.com\\\/wp-content\\\/uploads\\\/2019\\\/01\\\/Logo-Claire-Ideas.gif\",\"contentUrl\":\"https:\\\/\\\/claireideas.com\\\/wp-content\\\/uploads\\\/2019\\\/01\\\/Logo-Claire-Ideas.gif\",\"width\":499,\"height\":499,\"caption\":\"CLAIRE IDEAS\"},\"image\":{\"@id\":\"https:\\\/\\\/claireideas.com\\\/#\\\/schema\\\/logo\\\/image\\\/\"},\"sameAs\":[\"https:\\\/\\\/www.facebook.com\\\/Claire-Ideas-Interior-Design-Project-Management-2133054803437241\\\/\"]}]}<\/script>\n<!-- \/ Yoast SEO plugin. -->","yoast_head_json":{"title":"PRES\u0102 - Claire Ideas","robots":{"index":"index","follow":"follow","max-snippet":"max-snippet:-1","max-image-preview":"max-image-preview:large","max-video-preview":"max-video-preview:-1"},"canonical":"https:\/\/claireideas.com\/press\/","og_locale":"ro_RO","og_type":"article","og_title":"PRES\u0102 - Claire Ideas","og_url":"https:\/\/claireideas.com\/press\/","og_site_name":"Claire Ideas","article_publisher":"https:\/\/www.facebook.com\/Claire-Ideas-Interior-Design-Project-Management-2133054803437241\/","article_modified_time":"2019-08-06T08:09:15+00:00","og_image":[{"width":1500,"height":1125,"url":"https:\/\/claireideas.com\/wp-content\/uploads\/2019\/03\/53862977_2138394562903265_929896252496150528_o.jpg","type":"image\/jpeg"}],"twitter_card":"summary_large_image","schema":{"@context":"https:\/\/schema.org","@graph":[{"@type":"WebPage","@id":"https:\/\/claireideas.com\/press\/","url":"https:\/\/claireideas.com\/press\/","name":"PRES\u0102 - Claire Ideas","isPartOf":{"@id":"https:\/\/claireideas.com\/#website"},"datePublished":"2019-08-06T07:34:06+00:00","dateModified":"2019-08-06T08:09:15+00:00","description":"expertiz\u0103 tehnic\u0103 construc\u021bii, audit energetic cl\u0103diri, expert tehnic structuri beton, sustenabilitate, expertize tehnice, expertiz\u0103 tehnica A1, expertiz\u0103 tehnica SAAC, ap\u0103, canal, canalizare, verificator proiecte, verificator A1, verificator B7, verificator D5, expert A1, expert SAAC, expert Is","breadcrumb":{"@id":"https:\/\/claireideas.com\/press\/#breadcrumb"},"inLanguage":"ro-RO","potentialAction":[{"@type":"ReadAction","target":["https:\/\/claireideas.com\/press\/"]}]},{"@type":"BreadcrumbList","@id":"https:\/\/claireideas.com\/press\/#breadcrumb","itemListElement":[{"@type":"ListItem","position":1,"name":"Home","item":"https:\/\/claireideas.com\/"},{"@type":"ListItem","position":2,"name":"PRESS"}]},{"@type":"WebSite","@id":"https:\/\/claireideas.com\/#website","url":"https:\/\/claireideas.com\/","name":"{:en}Claire Ideas{:}{:ro}Claire Ideas{:}","description":"Your Business Partner - Since 2018","publisher":{"@id":"https:\/\/claireideas.com\/#organization"},"potentialAction":[{"@type":"SearchAction","target":{"@type":"EntryPoint","urlTemplate":"https:\/\/claireideas.com\/?s={search_term_string}"},"query-input":{"@type":"PropertyValueSpecification","valueRequired":true,"valueName":"search_term_string"}}],"inLanguage":"ro-RO"},{"@type":"Organization","@id":"https:\/\/claireideas.com\/#organization","name":"CLAIRE IDEAS","url":"https:\/\/claireideas.com\/","logo":{"@type":"ImageObject","inLanguage":"ro-RO","@id":"https:\/\/claireideas.com\/#\/schema\/logo\/image\/","url":"https:\/\/claireideas.com\/wp-content\/uploads\/2019\/01\/Logo-Claire-Ideas.gif","contentUrl":"https:\/\/claireideas.com\/wp-content\/uploads\/2019\/01\/Logo-Claire-Ideas.gif","width":499,"height":499,"caption":"CLAIRE IDEAS"},"image":{"@id":"https:\/\/claireideas.com\/#\/schema\/logo\/image\/"},"sameAs":["https:\/\/www.facebook.com\/Claire-Ideas-Interior-Design-Project-Management-2133054803437241\/"]}]}},"amp_enabled":false,"_links":{"self":[{"href":"https:\/\/claireideas.com\/ro\/wp-json\/wp\/v2\/pages\/2555","targetHints":{"allow":["GET"]}}],"collection":[{"href":"https:\/\/claireideas.com\/ro\/wp-json\/wp\/v2\/pages"}],"about":[{"href":"https:\/\/claireideas.com\/ro\/wp-json\/wp\/v2\/types\/page"}],"author":[{"embeddable":true,"href":"https:\/\/claireideas.com\/ro\/wp-json\/wp\/v2\/users\/1"}],"replies":[{"embeddable":true,"href":"https:\/\/claireideas.com\/ro\/wp-json\/wp\/v2\/comments?post=2555"}],"version-history":[{"count":12,"href":"https:\/\/claireideas.com\/ro\/wp-json\/wp\/v2\/pages\/2555\/revisions"}],"predecessor-version":[{"id":2590,"href":"https:\/\/claireideas.com\/ro\/wp-json\/wp\/v2\/pages\/2555\/revisions\/2590"}],"wp:attachment":[{"href":"https:\/\/claireideas.com\/ro\/wp-json\/wp\/v2\/media?parent=2555"}],"curies":[{"name":"wp","href":"https:\/\/api.w.org\/{rel}","templated":true}]}}