{"id":3015,"date":"2020-07-22T16:22:16","date_gmt":"2020-07-22T16:22:16","guid":{"rendered":"https:\/\/claireideas.com\/?page_id=3015"},"modified":"2020-07-22T16:33:40","modified_gmt":"2020-07-22T16:33:40","slug":"engineering","status":"publish","type":"page","link":"https:\/\/claireideas.com\/ro\/engineering\/","title":{"rendered":"ENGINEERING"},"content":{"rendered":"\n<div class=\"wp-block-group\"><div class=\"wp-block-group__inner-container is-layout-flow wp-block-group-is-layout-flow\">\n<div class=\"wp-block-media-text alignwide is-stacked-on-mobile\"><figure class=\"wp-block-media-text__media\"><img fetchpriority=\"high\" decoding=\"async\" width=\"1024\" height=\"678\" src=\"https:\/\/claireideas.com\/wp-content\/uploads\/2020\/07\/Depositphotos_155221786_xl-2015-1024x678.jpg\" alt=\"\" class=\"wp-image-3017\" srcset=\"https:\/\/claireideas.com\/wp-content\/uploads\/2020\/07\/Depositphotos_155221786_xl-2015-1024x678.jpg 1024w, https:\/\/claireideas.com\/wp-content\/uploads\/2020\/07\/Depositphotos_155221786_xl-2015-300x199.jpg 300w, https:\/\/claireideas.com\/wp-content\/uploads\/2020\/07\/Depositphotos_155221786_xl-2015-768x509.jpg 768w, https:\/\/claireideas.com\/wp-content\/uploads\/2020\/07\/Depositphotos_155221786_xl-2015-1536x1017.jpg 1536w, https:\/\/claireideas.com\/wp-content\/uploads\/2020\/07\/Depositphotos_155221786_xl-2015-2048x1356.jpg 2048w\" sizes=\"(max-width: 1024px) 100vw, 1024px\" \/><\/figure><div class=\"wp-block-media-text__content\">\n<ul class=\"wp-block-list\"><li>Design and Engineering<\/li><li>Topographical studies<\/li><li>Geotechnical Studies<\/li><li>Pre-feasibility and Feasibility Studies<\/li><li>Hydrotechnical and Hydrological Studies<\/li><li>Water Management Studies<\/li><li>Environmental Protection Studies<\/li><li>Technical Consultancy<\/li><\/ul>\n<\/div><\/div>\n<\/div><\/div>\n\n\n\n<ul class=\"wp-block-list\"><li><\/li><\/ul>\n","protected":false},"excerpt":{"rendered":"<p>Design and Engineering Topographical studies Geotechnical Studies Pre-feasibility and Feasibility Studies Hydrotechnical and Hydrological Studies Water Management Studies Environmental Protection Studies Technical Consultancy<\/p>\n","protected":false},"author":1,"featured_media":0,"parent":0,"menu_order":0,"comment_status":"closed","ping_status":"closed","template":"page-templates\/page-nosidebars.php","meta":{"footnotes":""},"class_list":["post-3015","page","type-page","status-publish","hentry"],"translation":{"provider":"WPGlobus","version":"3.0.2","language":"ro","enabled_languages":["en","ro"],"languages":{"en":{"title":true,"content":true,"excerpt":false},"ro":{"title":false,"content":false,"excerpt":false}}},"yoast_head":"<!-- This site is optimized with the Yoast SEO plugin v27.5 - https:\/\/yoast.com\/product\/yoast-seo-wordpress\/ -->\n<title>ENGINEERING - Claire Ideas<\/title>\n<meta name=\"robots\" content=\"index, follow, max-snippet:-1, max-image-preview:large, max-video-preview:-1\" \/>\n<link rel=\"canonical\" href=\"https:\/\/claireideas.com\/engineering\/\" \/>\n<meta property=\"og:locale\" content=\"ro_RO\" \/>\n<meta property=\"og:type\" content=\"article\" \/>\n<meta property=\"og:title\" content=\"ENGINEERING - Claire Ideas\" \/>\n<meta property=\"og:url\" content=\"https:\/\/claireideas.com\/engineering\/\" \/>\n<meta property=\"og:site_name\" content=\"Claire Ideas\" \/>\n<meta property=\"article:publisher\" content=\"https:\/\/www.facebook.com\/Claire-Ideas-Interior-Design-Project-Management-2133054803437241\/\" \/>\n<meta property=\"article:modified_time\" content=\"2020-07-22T16:33:40+00:00\" \/>\n<meta property=\"og:image\" content=\"https:\/\/claireideas.com\/wp-content\/uploads\/2020\/07\/Depositphotos_155221786_xl-2015-1024x678.jpg\" \/>\n<meta name=\"twitter:card\" content=\"summary_large_image\" \/>\n<script type=\"application\/ld+json\" class=\"yoast-schema-graph\">{\"@context\":\"https:\\\/\\\/schema.org\",\"@graph\":[{\"@type\":\"WebPage\",\"@id\":\"https:\\\/\\\/claireideas.com\\\/engineering\\\/\",\"url\":\"https:\\\/\\\/claireideas.com\\\/engineering\\\/\",\"name\":\"ENGINEERING - Claire Ideas\",\"isPartOf\":{\"@id\":\"https:\\\/\\\/claireideas.com\\\/#website\"},\"primaryImageOfPage\":{\"@id\":\"https:\\\/\\\/claireideas.com\\\/engineering\\\/#primaryimage\"},\"image\":{\"@id\":\"https:\\\/\\\/claireideas.com\\\/engineering\\\/#primaryimage\"},\"thumbnailUrl\":\"https:\\\/\\\/claireideas.com\\\/wp-content\\\/uploads\\\/2020\\\/07\\\/Depositphotos_155221786_xl-2015-1024x678.jpg\",\"datePublished\":\"2020-07-22T16:22:16+00:00\",\"dateModified\":\"2020-07-22T16:33:40+00:00\",\"description\":\"expertiz\u0103 tehnic\u0103 construc\u021bii, audit energetic cl\u0103diri, expert tehnic structuri beton, sustenabilitate, expertize tehnice, expertiz\u0103 tehnica A1, expertiz\u0103 tehnica SAAC, ap\u0103, canal, canalizare, verificator proiecte, verificator A1, verificator B7, verificator D5, expert A1, expert SAAC, expert Is\",\"breadcrumb\":{\"@id\":\"https:\\\/\\\/claireideas.com\\\/engineering\\\/#breadcrumb\"},\"inLanguage\":\"ro-RO\",\"potentialAction\":[{\"@type\":\"ReadAction\",\"target\":[\"https:\\\/\\\/claireideas.com\\\/engineering\\\/\"]}]},{\"@type\":\"ImageObject\",\"inLanguage\":\"ro-RO\",\"@id\":\"https:\\\/\\\/claireideas.com\\\/engineering\\\/#primaryimage\",\"url\":\"https:\\\/\\\/claireideas.com\\\/wp-content\\\/uploads\\\/2020\\\/07\\\/Depositphotos_155221786_xl-2015-1024x678.jpg\",\"contentUrl\":\"https:\\\/\\\/claireideas.com\\\/wp-content\\\/uploads\\\/2020\\\/07\\\/Depositphotos_155221786_xl-2015-1024x678.jpg\"},{\"@type\":\"BreadcrumbList\",\"@id\":\"https:\\\/\\\/claireideas.com\\\/engineering\\\/#breadcrumb\",\"itemListElement\":[{\"@type\":\"ListItem\",\"position\":1,\"name\":\"Home\",\"item\":\"https:\\\/\\\/claireideas.com\\\/\"},{\"@type\":\"ListItem\",\"position\":2,\"name\":\"ENGINEERING\"}]},{\"@type\":\"WebSite\",\"@id\":\"https:\\\/\\\/claireideas.com\\\/#website\",\"url\":\"https:\\\/\\\/claireideas.com\\\/\",\"name\":\"{:en}Claire Ideas{:}{:ro}Claire Ideas{:}\",\"description\":\"Your Business Partner - Since 2018\",\"publisher\":{\"@id\":\"https:\\\/\\\/claireideas.com\\\/#organization\"},\"potentialAction\":[{\"@type\":\"SearchAction\",\"target\":{\"@type\":\"EntryPoint\",\"urlTemplate\":\"https:\\\/\\\/claireideas.com\\\/?s={search_term_string}\"},\"query-input\":{\"@type\":\"PropertyValueSpecification\",\"valueRequired\":true,\"valueName\":\"search_term_string\"}}],\"inLanguage\":\"ro-RO\"},{\"@type\":\"Organization\",\"@id\":\"https:\\\/\\\/claireideas.com\\\/#organization\",\"name\":\"CLAIRE IDEAS\",\"url\":\"https:\\\/\\\/claireideas.com\\\/\",\"logo\":{\"@type\":\"ImageObject\",\"inLanguage\":\"ro-RO\",\"@id\":\"https:\\\/\\\/claireideas.com\\\/#\\\/schema\\\/logo\\\/image\\\/\",\"url\":\"https:\\\/\\\/claireideas.com\\\/wp-content\\\/uploads\\\/2019\\\/01\\\/Logo-Claire-Ideas.gif\",\"contentUrl\":\"https:\\\/\\\/claireideas.com\\\/wp-content\\\/uploads\\\/2019\\\/01\\\/Logo-Claire-Ideas.gif\",\"width\":499,\"height\":499,\"caption\":\"CLAIRE IDEAS\"},\"image\":{\"@id\":\"https:\\\/\\\/claireideas.com\\\/#\\\/schema\\\/logo\\\/image\\\/\"},\"sameAs\":[\"https:\\\/\\\/www.facebook.com\\\/Claire-Ideas-Interior-Design-Project-Management-2133054803437241\\\/\"]}]}<\/script>\n<!-- \/ Yoast SEO plugin. -->","yoast_head_json":{"title":"ENGINEERING - Claire Ideas","robots":{"index":"index","follow":"follow","max-snippet":"max-snippet:-1","max-image-preview":"max-image-preview:large","max-video-preview":"max-video-preview:-1"},"canonical":"https:\/\/claireideas.com\/engineering\/","og_locale":"ro_RO","og_type":"article","og_title":"ENGINEERING - Claire Ideas","og_url":"https:\/\/claireideas.com\/engineering\/","og_site_name":"Claire Ideas","article_publisher":"https:\/\/www.facebook.com\/Claire-Ideas-Interior-Design-Project-Management-2133054803437241\/","article_modified_time":"2020-07-22T16:33:40+00:00","og_image":[{"url":"https:\/\/claireideas.com\/wp-content\/uploads\/2020\/07\/Depositphotos_155221786_xl-2015-1024x678.jpg","type":"","width":"","height":""}],"twitter_card":"summary_large_image","schema":{"@context":"https:\/\/schema.org","@graph":[{"@type":"WebPage","@id":"https:\/\/claireideas.com\/engineering\/","url":"https:\/\/claireideas.com\/engineering\/","name":"ENGINEERING - Claire Ideas","isPartOf":{"@id":"https:\/\/claireideas.com\/#website"},"primaryImageOfPage":{"@id":"https:\/\/claireideas.com\/engineering\/#primaryimage"},"image":{"@id":"https:\/\/claireideas.com\/engineering\/#primaryimage"},"thumbnailUrl":"https:\/\/claireideas.com\/wp-content\/uploads\/2020\/07\/Depositphotos_155221786_xl-2015-1024x678.jpg","datePublished":"2020-07-22T16:22:16+00:00","dateModified":"2020-07-22T16:33:40+00:00","description":"expertiz\u0103 tehnic\u0103 construc\u021bii, audit energetic cl\u0103diri, expert tehnic structuri beton, sustenabilitate, expertize tehnice, expertiz\u0103 tehnica A1, expertiz\u0103 tehnica SAAC, ap\u0103, canal, canalizare, verificator proiecte, verificator A1, verificator B7, verificator D5, expert A1, expert SAAC, expert Is","breadcrumb":{"@id":"https:\/\/claireideas.com\/engineering\/#breadcrumb"},"inLanguage":"ro-RO","potentialAction":[{"@type":"ReadAction","target":["https:\/\/claireideas.com\/engineering\/"]}]},{"@type":"ImageObject","inLanguage":"ro-RO","@id":"https:\/\/claireideas.com\/engineering\/#primaryimage","url":"https:\/\/claireideas.com\/wp-content\/uploads\/2020\/07\/Depositphotos_155221786_xl-2015-1024x678.jpg","contentUrl":"https:\/\/claireideas.com\/wp-content\/uploads\/2020\/07\/Depositphotos_155221786_xl-2015-1024x678.jpg"},{"@type":"BreadcrumbList","@id":"https:\/\/claireideas.com\/engineering\/#breadcrumb","itemListElement":[{"@type":"ListItem","position":1,"name":"Home","item":"https:\/\/claireideas.com\/"},{"@type":"ListItem","position":2,"name":"ENGINEERING"}]},{"@type":"WebSite","@id":"https:\/\/claireideas.com\/#website","url":"https:\/\/claireideas.com\/","name":"{:en}Claire Ideas{:}{:ro}Claire Ideas{:}","description":"Your Business Partner - Since 2018","publisher":{"@id":"https:\/\/claireideas.com\/#organization"},"potentialAction":[{"@type":"SearchAction","target":{"@type":"EntryPoint","urlTemplate":"https:\/\/claireideas.com\/?s={search_term_string}"},"query-input":{"@type":"PropertyValueSpecification","valueRequired":true,"valueName":"search_term_string"}}],"inLanguage":"ro-RO"},{"@type":"Organization","@id":"https:\/\/claireideas.com\/#organization","name":"CLAIRE IDEAS","url":"https:\/\/claireideas.com\/","logo":{"@type":"ImageObject","inLanguage":"ro-RO","@id":"https:\/\/claireideas.com\/#\/schema\/logo\/image\/","url":"https:\/\/claireideas.com\/wp-content\/uploads\/2019\/01\/Logo-Claire-Ideas.gif","contentUrl":"https:\/\/claireideas.com\/wp-content\/uploads\/2019\/01\/Logo-Claire-Ideas.gif","width":499,"height":499,"caption":"CLAIRE IDEAS"},"image":{"@id":"https:\/\/claireideas.com\/#\/schema\/logo\/image\/"},"sameAs":["https:\/\/www.facebook.com\/Claire-Ideas-Interior-Design-Project-Management-2133054803437241\/"]}]}},"amp_enabled":false,"_links":{"self":[{"href":"https:\/\/claireideas.com\/ro\/wp-json\/wp\/v2\/pages\/3015","targetHints":{"allow":["GET"]}}],"collection":[{"href":"https:\/\/claireideas.com\/ro\/wp-json\/wp\/v2\/pages"}],"about":[{"href":"https:\/\/claireideas.com\/ro\/wp-json\/wp\/v2\/types\/page"}],"author":[{"embeddable":true,"href":"https:\/\/claireideas.com\/ro\/wp-json\/wp\/v2\/users\/1"}],"replies":[{"embeddable":true,"href":"https:\/\/claireideas.com\/ro\/wp-json\/wp\/v2\/comments?post=3015"}],"version-history":[{"count":5,"href":"https:\/\/claireideas.com\/ro\/wp-json\/wp\/v2\/pages\/3015\/revisions"}],"predecessor-version":[{"id":3034,"href":"https:\/\/claireideas.com\/ro\/wp-json\/wp\/v2\/pages\/3015\/revisions\/3034"}],"wp:attachment":[{"href":"https:\/\/claireideas.com\/ro\/wp-json\/wp\/v2\/media?parent=3015"}],"curies":[{"name":"wp","href":"https:\/\/api.w.org\/{rel}","templated":true}]}}