{"id":32,"date":"2018-11-21T13:09:01","date_gmt":"2018-11-21T13:09:01","guid":{"rendered":"https:\/\/claireideas.com\/?page_id=32"},"modified":"2023-11-04T09:42:18","modified_gmt":"2023-11-04T09:42:18","slug":"interior-design","status":"publish","type":"page","link":"https:\/\/claireideas.com\/ro\/interior-design\/","title":{"rendered":"DESIGN DE INTERIOR"},"content":{"rendered":"<\/p>\n\n\n<p class=\"has-text-align-center has-medium-font-size\">Claire Ideas &#8211; Design Interior este o companie care are ca prioritate confortul clientilor no\u0219tri. Ne-am pus creativitatea s\u0103 lucreze pentru voi, lu\u00e2nd \u00een considerare \u0219i promovarea designerilor de obiect \u0219i a pictorilor autohtoni \u0219i \/ sau interna\u021bionali. Vom realiza un loc unic pentru voi \u00een bugetul \u0219i \u00een timpul acordat.<\/p>\n\n\n\n<p class=\"has-text-align-center has-medium-font-size\">Fiind curio\u0219i \u0219i pasiona\u021bi de munca noastr\u0103, dar cu spirit deschis, suntem \u00eentr-un proces de \u00eenv\u0103\u021bare continu\u0103, demonstr\u00e2nd capacitatea noastr\u0103 de a v\u0103 oferi cele mai bune servicii.<\/p>\n\n\n\n<p class=\"has-text-align-center has-medium-font-size\">\u00centr-o economie controversat\u0103 avem curajul s\u0103 g\u00e2ndim diferit. Claire Ideas &#8211; Design Interior \u00ee\u0219i asum\u0103 riscul de a aborda pia\u021ba \u00een diferite domenii de activitate. Avem Idei! Suntem Originali! Cu noi totul este clar, creativ \u0219i nou. Revigorant!<\/p>\n\n\n\n<p class=\"has-text-align-center has-medium-font-size\">Tu E\u0219ti Unic! <\/p>\n\n\n\n<p class=\"has-text-align-center has-medium-font-size\">Locul T\u0103u, Povestea ta!<\/p>\n\n\n\n<p class=\"has-text-align-center has-medium-font-size\">VOM FI \u00ceNC\u00c2NTA\u021aI S\u0102 LUCR\u0102M CU TINE!<\/p>\n\n\n\n<h2 class=\"wp-block-heading has-text-align-center\">Pentru mai multe detalii despre <strong>Serviciile<\/strong> noastre vizita\u021bi-ne pagina <a href=\"https:\/\/claireideas.com\/ro\/what-we-do-interior-design-project-management\/\"><strong>aici.<\/strong><\/a><strong> <\/strong><\/h2>\n\n\n\n<figure class=\"wp-block-gallery has-nested-images columns-default is-cropped wp-block-gallery-1 is-layout-flex wp-block-gallery-is-layout-flex\">\n<figure class=\"wp-block-image size-large\"><img fetchpriority=\"high\" decoding=\"async\" width=\"1024\" height=\"681\" data-id=\"383\" src=\"https:\/\/claireideas.com\/wp-content\/uploads\/2019\/03\/Picture2-1024x681.jpg\" alt=\"design interior\" class=\"wp-image-383\" srcset=\"https:\/\/claireideas.com\/wp-content\/uploads\/2019\/03\/Picture2-1024x681.jpg 1024w, https:\/\/claireideas.com\/wp-content\/uploads\/2019\/03\/Picture2-300x200.jpg 300w, https:\/\/claireideas.com\/wp-content\/uploads\/2019\/03\/Picture2-768x511.jpg 768w\" sizes=\"(max-width: 1024px) 100vw, 1024px\" \/><\/figure>\n\n\n\n<figure class=\"wp-block-image size-large\"><img decoding=\"async\" width=\"1024\" height=\"780\" data-id=\"647\" src=\"https:\/\/claireideas.com\/wp-content\/uploads\/2019\/03\/Picture2-3-1024x780.jpg\" alt=\"design interior\" class=\"wp-image-647\" srcset=\"https:\/\/claireideas.com\/wp-content\/uploads\/2019\/03\/Picture2-3-1024x780.jpg 1024w, https:\/\/claireideas.com\/wp-content\/uploads\/2019\/03\/Picture2-3-300x228.jpg 300w, https:\/\/claireideas.com\/wp-content\/uploads\/2019\/03\/Picture2-3-768x585.jpg 768w, https:\/\/claireideas.com\/wp-content\/uploads\/2019\/03\/Picture2-3.jpg 1877w\" sizes=\"(max-width: 1024px) 100vw, 1024px\" \/><\/figure>\n\n\n\n<figure class=\"wp-block-image size-large\"><img decoding=\"async\" width=\"1024\" height=\"644\" data-id=\"426\" src=\"https:\/\/claireideas.com\/wp-content\/uploads\/2019\/03\/Picture3-1024x644.jpg\" alt=\"design interior\" class=\"wp-image-426\" srcset=\"https:\/\/claireideas.com\/wp-content\/uploads\/2019\/03\/Picture3-1024x644.jpg 1024w, https:\/\/claireideas.com\/wp-content\/uploads\/2019\/03\/Picture3-300x189.jpg 300w, https:\/\/claireideas.com\/wp-content\/uploads\/2019\/03\/Picture3-768x483.jpg 768w, https:\/\/claireideas.com\/wp-content\/uploads\/2019\/03\/Picture3.jpg 1783w\" sizes=\"(max-width: 1024px) 100vw, 1024px\" \/><\/figure>\n<\/figure>\n\n\n\n<p class=\"has-text-align-center\">Ne pute\u021bi urm\u0103ri \u00een sec\u021biunea&nbsp;<a href=\"https:\/\/claireideas.com\/ro\/blog\/\"><strong>Blog<\/strong><\/a>&nbsp;sau pe pagina noastr\u0103 de&nbsp;<a href=\"https:\/\/www.facebook.com\/Claire-Ideas-Interior-Design-Project-Management-2133054803437241\/\"><strong>Facebook.<\/strong><\/a><\/p>\n\n\n\n<p class=\"has-text-align-center\">Pentru \u00eentreb\u0103ri sau oferte de pre\u021b, v\u0103 rug\u0103m s\u0103 ne contacta\u021bi la 004 0742 830 033 sau contact@claireideas.com. Sau folosi\u021bi formularul nostru de contact\u00a0<a href=\"https:\/\/claireideas.com\/ro\/contact-interior-design\/\"><strong>aici<\/strong><\/a>. Mul\u021bumim!<\/p>\n\n\n<p>","protected":false},"excerpt":{"rendered":"<p>Claire Ideas &#8211; Design Interior este o companie care are ca prioritate confortul clientilor no\u0219tri. Ne-am pus creativitatea s\u0103 lucreze pentru voi, lu\u00e2nd \u00een considerare \u0219i promovarea designerilor de obiect \u0219i a pictorilor autohtoni \u0219i \/ sau interna\u021bionali. Vom realiza un loc unic pentru voi \u00een bugetul \u0219i \u00een timpul acordat. Fiind curio\u0219i \u0219i pasiona\u021bi [&hellip;]<\/p>\n","protected":false},"author":1,"featured_media":0,"parent":0,"menu_order":0,"comment_status":"closed","ping_status":"closed","template":"page-templates\/page-nosidebars.php","meta":{"footnotes":""},"class_list":["post-32","page","type-page","status-publish","hentry"],"translation":{"provider":"WPGlobus","version":"3.0.2","language":"ro","enabled_languages":["en","ro"],"languages":{"en":{"title":true,"content":true,"excerpt":false},"ro":{"title":true,"content":true,"excerpt":false}}},"yoast_head":"<!-- This site is optimized with the Yoast SEO plugin v27.5 - https:\/\/yoast.com\/product\/yoast-seo-wordpress\/ -->\n<title>Claire Ideas: Interior Design - Your Place, Your Story!<\/title>\n<meta name=\"robots\" content=\"index, follow, max-snippet:-1, max-image-preview:large, max-video-preview:-1\" \/>\n<link rel=\"canonical\" href=\"https:\/\/claireideas.com\/interior-design\/\" \/>\n<meta property=\"og:locale\" content=\"ro_RO\" \/>\n<meta property=\"og:type\" content=\"article\" \/>\n<meta property=\"og:title\" content=\"DESIGN DE INTERIOR - Claire Ideas\" \/>\n<meta property=\"og:url\" content=\"https:\/\/claireideas.com\/interior-design\/\" \/>\n<meta property=\"og:site_name\" content=\"Claire Ideas\" \/>\n<meta property=\"article:publisher\" content=\"https:\/\/www.facebook.com\/Claire-Ideas-Interior-Design-Project-Management-2133054803437241\/\" \/>\n<meta property=\"article:modified_time\" content=\"2023-11-04T09:42:18+00:00\" \/>\n<meta property=\"og:image\" content=\"https:\/\/claireideas.com\/wp-content\/uploads\/2019\/03\/Picture2-1024x681.jpg\" \/>\n<meta name=\"twitter:card\" content=\"summary_large_image\" \/>\n<meta name=\"twitter:label1\" content=\"Timp estimat pentru citire\" \/>\n\t<meta name=\"twitter:data1\" content=\"3 minute\" \/>\n<script type=\"application\/ld+json\" class=\"yoast-schema-graph\">{\"@context\":\"https:\\\/\\\/schema.org\",\"@graph\":[{\"@type\":\"WebPage\",\"@id\":\"https:\\\/\\\/claireideas.com\\\/interior-design\\\/\",\"url\":\"https:\\\/\\\/claireideas.com\\\/interior-design\\\/\",\"name\":\"Claire Ideas: Interior Design - Your Place, Your Story!\",\"isPartOf\":{\"@id\":\"https:\\\/\\\/claireideas.com\\\/#website\"},\"primaryImageOfPage\":{\"@id\":\"https:\\\/\\\/claireideas.com\\\/interior-design\\\/#primaryimage\"},\"image\":{\"@id\":\"https:\\\/\\\/claireideas.com\\\/interior-design\\\/#primaryimage\"},\"thumbnailUrl\":\"https:\\\/\\\/claireideas.com\\\/wp-content\\\/uploads\\\/2019\\\/03\\\/Picture2-1024x681.jpg\",\"datePublished\":\"2018-11-21T13:09:01+00:00\",\"dateModified\":\"2023-11-04T09:42:18+00:00\",\"description\":\"Claire Ideas: Your best services for Interior Design and Project Management for houses, apratments, hotels, offices, retails and so on.\",\"breadcrumb\":{\"@id\":\"https:\\\/\\\/claireideas.com\\\/interior-design\\\/#breadcrumb\"},\"inLanguage\":\"ro-RO\",\"potentialAction\":[{\"@type\":\"ReadAction\",\"target\":[\"https:\\\/\\\/claireideas.com\\\/interior-design\\\/\"]}]},{\"@type\":\"ImageObject\",\"inLanguage\":\"ro-RO\",\"@id\":\"https:\\\/\\\/claireideas.com\\\/interior-design\\\/#primaryimage\",\"url\":\"https:\\\/\\\/claireideas.com\\\/wp-content\\\/uploads\\\/2019\\\/03\\\/Picture2-1024x681.jpg\",\"contentUrl\":\"https:\\\/\\\/claireideas.com\\\/wp-content\\\/uploads\\\/2019\\\/03\\\/Picture2-1024x681.jpg\"},{\"@type\":\"BreadcrumbList\",\"@id\":\"https:\\\/\\\/claireideas.com\\\/interior-design\\\/#breadcrumb\",\"itemListElement\":[{\"@type\":\"ListItem\",\"position\":1,\"name\":\"Home\",\"item\":\"https:\\\/\\\/claireideas.com\\\/\"},{\"@type\":\"ListItem\",\"position\":2,\"name\":\"{:en}INTERIOR DESIGN{:}{:ro}DESIGN DE INTERIOR{:}\"}]},{\"@type\":\"WebSite\",\"@id\":\"https:\\\/\\\/claireideas.com\\\/#website\",\"url\":\"https:\\\/\\\/claireideas.com\\\/\",\"name\":\"{:en}Claire Ideas{:}{:ro}Claire Ideas{:}\",\"description\":\"Your Business Partner - Since 2018\",\"publisher\":{\"@id\":\"https:\\\/\\\/claireideas.com\\\/#organization\"},\"potentialAction\":[{\"@type\":\"SearchAction\",\"target\":{\"@type\":\"EntryPoint\",\"urlTemplate\":\"https:\\\/\\\/claireideas.com\\\/?s={search_term_string}\"},\"query-input\":{\"@type\":\"PropertyValueSpecification\",\"valueRequired\":true,\"valueName\":\"search_term_string\"}}],\"inLanguage\":\"ro-RO\"},{\"@type\":\"Organization\",\"@id\":\"https:\\\/\\\/claireideas.com\\\/#organization\",\"name\":\"CLAIRE IDEAS\",\"url\":\"https:\\\/\\\/claireideas.com\\\/\",\"logo\":{\"@type\":\"ImageObject\",\"inLanguage\":\"ro-RO\",\"@id\":\"https:\\\/\\\/claireideas.com\\\/#\\\/schema\\\/logo\\\/image\\\/\",\"url\":\"https:\\\/\\\/claireideas.com\\\/wp-content\\\/uploads\\\/2019\\\/01\\\/Logo-Claire-Ideas.gif\",\"contentUrl\":\"https:\\\/\\\/claireideas.com\\\/wp-content\\\/uploads\\\/2019\\\/01\\\/Logo-Claire-Ideas.gif\",\"width\":499,\"height\":499,\"caption\":\"CLAIRE IDEAS\"},\"image\":{\"@id\":\"https:\\\/\\\/claireideas.com\\\/#\\\/schema\\\/logo\\\/image\\\/\"},\"sameAs\":[\"https:\\\/\\\/www.facebook.com\\\/Claire-Ideas-Interior-Design-Project-Management-2133054803437241\\\/\"]}]}<\/script>\n<!-- \/ Yoast SEO plugin. -->","yoast_head_json":{"title":"Claire Ideas: Interior Design - Your Place, Your Story!","robots":{"index":"index","follow":"follow","max-snippet":"max-snippet:-1","max-image-preview":"max-image-preview:large","max-video-preview":"max-video-preview:-1"},"canonical":"https:\/\/claireideas.com\/interior-design\/","og_locale":"ro_RO","og_type":"article","og_title":"DESIGN DE INTERIOR - Claire Ideas","og_url":"https:\/\/claireideas.com\/interior-design\/","og_site_name":"Claire Ideas","article_publisher":"https:\/\/www.facebook.com\/Claire-Ideas-Interior-Design-Project-Management-2133054803437241\/","article_modified_time":"2023-11-04T09:42:18+00:00","og_image":[{"url":"https:\/\/claireideas.com\/wp-content\/uploads\/2019\/03\/Picture2-1024x681.jpg","type":"","width":"","height":""}],"twitter_card":"summary_large_image","twitter_misc":{"Timp estimat pentru citire":"3 minute"},"schema":{"@context":"https:\/\/schema.org","@graph":[{"@type":"WebPage","@id":"https:\/\/claireideas.com\/interior-design\/","url":"https:\/\/claireideas.com\/interior-design\/","name":"Claire Ideas: Interior Design - Your Place, Your Story!","isPartOf":{"@id":"https:\/\/claireideas.com\/#website"},"primaryImageOfPage":{"@id":"https:\/\/claireideas.com\/interior-design\/#primaryimage"},"image":{"@id":"https:\/\/claireideas.com\/interior-design\/#primaryimage"},"thumbnailUrl":"https:\/\/claireideas.com\/wp-content\/uploads\/2019\/03\/Picture2-1024x681.jpg","datePublished":"2018-11-21T13:09:01+00:00","dateModified":"2023-11-04T09:42:18+00:00","description":"Claire Ideas: Your best services for Interior Design and Project Management for houses, apratments, hotels, offices, retails and so on.","breadcrumb":{"@id":"https:\/\/claireideas.com\/interior-design\/#breadcrumb"},"inLanguage":"ro-RO","potentialAction":[{"@type":"ReadAction","target":["https:\/\/claireideas.com\/interior-design\/"]}]},{"@type":"ImageObject","inLanguage":"ro-RO","@id":"https:\/\/claireideas.com\/interior-design\/#primaryimage","url":"https:\/\/claireideas.com\/wp-content\/uploads\/2019\/03\/Picture2-1024x681.jpg","contentUrl":"https:\/\/claireideas.com\/wp-content\/uploads\/2019\/03\/Picture2-1024x681.jpg"},{"@type":"BreadcrumbList","@id":"https:\/\/claireideas.com\/interior-design\/#breadcrumb","itemListElement":[{"@type":"ListItem","position":1,"name":"Home","item":"https:\/\/claireideas.com\/"},{"@type":"ListItem","position":2,"name":"{:en}INTERIOR DESIGN{:}{:ro}DESIGN DE INTERIOR{:}"}]},{"@type":"WebSite","@id":"https:\/\/claireideas.com\/#website","url":"https:\/\/claireideas.com\/","name":"{:en}Claire Ideas{:}{:ro}Claire Ideas{:}","description":"Your Business Partner - Since 2018","publisher":{"@id":"https:\/\/claireideas.com\/#organization"},"potentialAction":[{"@type":"SearchAction","target":{"@type":"EntryPoint","urlTemplate":"https:\/\/claireideas.com\/?s={search_term_string}"},"query-input":{"@type":"PropertyValueSpecification","valueRequired":true,"valueName":"search_term_string"}}],"inLanguage":"ro-RO"},{"@type":"Organization","@id":"https:\/\/claireideas.com\/#organization","name":"CLAIRE IDEAS","url":"https:\/\/claireideas.com\/","logo":{"@type":"ImageObject","inLanguage":"ro-RO","@id":"https:\/\/claireideas.com\/#\/schema\/logo\/image\/","url":"https:\/\/claireideas.com\/wp-content\/uploads\/2019\/01\/Logo-Claire-Ideas.gif","contentUrl":"https:\/\/claireideas.com\/wp-content\/uploads\/2019\/01\/Logo-Claire-Ideas.gif","width":499,"height":499,"caption":"CLAIRE IDEAS"},"image":{"@id":"https:\/\/claireideas.com\/#\/schema\/logo\/image\/"},"sameAs":["https:\/\/www.facebook.com\/Claire-Ideas-Interior-Design-Project-Management-2133054803437241\/"]}]}},"amp_enabled":false,"_links":{"self":[{"href":"https:\/\/claireideas.com\/ro\/wp-json\/wp\/v2\/pages\/32","targetHints":{"allow":["GET"]}}],"collection":[{"href":"https:\/\/claireideas.com\/ro\/wp-json\/wp\/v2\/pages"}],"about":[{"href":"https:\/\/claireideas.com\/ro\/wp-json\/wp\/v2\/types\/page"}],"author":[{"embeddable":true,"href":"https:\/\/claireideas.com\/ro\/wp-json\/wp\/v2\/users\/1"}],"replies":[{"embeddable":true,"href":"https:\/\/claireideas.com\/ro\/wp-json\/wp\/v2\/comments?post=32"}],"version-history":[{"count":118,"href":"https:\/\/claireideas.com\/ro\/wp-json\/wp\/v2\/pages\/32\/revisions"}],"predecessor-version":[{"id":3471,"href":"https:\/\/claireideas.com\/ro\/wp-json\/wp\/v2\/pages\/32\/revisions\/3471"}],"wp:attachment":[{"href":"https:\/\/claireideas.com\/ro\/wp-json\/wp\/v2\/media?parent=32"}],"curies":[{"name":"wp","href":"https:\/\/api.w.org\/{rel}","templated":true}]}}