{"id":449,"date":"2019-03-12T15:08:45","date_gmt":"2019-03-12T15:08:45","guid":{"rendered":"https:\/\/claireideas.com\/?page_id=449"},"modified":"2019-09-12T14:08:19","modified_gmt":"2019-09-12T14:08:19","slug":"what-we-do-interior-design-project-management","status":"publish","type":"page","link":"https:\/\/claireideas.com\/ro\/what-we-do-interior-design-project-management\/","title":{"rendered":"Ce v\u0103 oferim"},"content":{"rendered":"\n<p style=\"text-align:center\" class=\"has-medium-font-size\"> V\u0103 oferim tot sprijinul de care ave\u021bi nevoie de la idee la realitate, de la \u00eenceput p\u00e2n\u0103 la finalizare \u00een zone precum\u00a0design de concept (2D &amp; 3D design interior \/ exterior \u0219i decora\u021biuni), proiectare, supravegherea \u0219antierului, dar nu \u00een ultimul r\u00e2nd, v\u0103 ajut\u0103m pe voi sau pe clien\u021bii vo\u0219tri s\u0103 ave\u021bi totul preg\u0103tit pentru punerea \u00een func\u021biune a proiectului vostru \u0219i \/ sau pentru a v\u0103 muta, dac\u0103 proiectul vostru o cere. <\/p>\n\n\n\n<p class=\"has-medium-font-size\"><strong>NOU: <\/strong>La cerere, putem oferi companiilor (hoteluri, magazine, etc.) servicii de branding\/rebranding prin creare nume \u0219i logo, grafica web, realizare \u0219i implementare website, etc. astfel \u00eenc\u00e2t identitatea vizual\u0103 s\u0103 corespund\u0103 cerin\u021belor noului concept de design ales.  <\/p>\n\n\n\n<p style=\"text-align:center\" class=\"has-medium-font-size\"><strong>V\u0103 oferim servicii complete, personalizate, \u00een timp \u0219i \u00een bugetul vostru.<\/strong><\/p>\n\n\n\n<p style=\"text-align:center\" class=\"has-medium-font-size\">Pentru \u00eentreb\u0103ri sau cereri de ofert\u0103 de pre\u021b, v\u0103 rug\u0103m s\u0103 ne contacta\u021bi la 0040 748 125 896: contact@claireideas.com. Sau folosi\u021bi formularul nostru de contact <a href=\"https:\/\/claireideas.com\/ro\/contact-interior-design\/\"><strong>aici<\/strong><\/a>. Mul\u021bumim! <\/p>\n","protected":false},"excerpt":{"rendered":"<p>V\u0103 oferim tot sprijinul de care ave\u021bi nevoie de la idee la realitate, de la \u00eenceput p\u00e2n\u0103 la finalizare \u00een zone precum\u00a0design de concept (2D &amp; 3D design interior \/ exterior \u0219i decora\u021biuni), proiectare, supravegherea \u0219antierului, dar nu \u00een ultimul r\u00e2nd, v\u0103 ajut\u0103m pe voi sau pe clien\u021bii vo\u0219tri s\u0103 ave\u021bi totul preg\u0103tit pentru punerea [&hellip;]<\/p>\n","protected":false},"author":1,"featured_media":2362,"parent":0,"menu_order":0,"comment_status":"closed","ping_status":"closed","template":"page-templates\/page-nosidebars.php","meta":{"footnotes":""},"class_list":["post-449","page","type-page","status-publish","has-post-thumbnail","hentry"],"translation":{"provider":"WPGlobus","version":"3.0.2","language":"ro","enabled_languages":["en","ro"],"languages":{"en":{"title":true,"content":true,"excerpt":false},"ro":{"title":true,"content":true,"excerpt":false}}},"yoast_head":"<!-- This site is optimized with the Yoast SEO plugin v27.5 - https:\/\/yoast.com\/product\/yoast-seo-wordpress\/ -->\n<title>Interior Design and Project Management: Claire Ideas<\/title>\n<meta name=\"description\" content=\"Claire Ideas - Design Interior,servicii amenajari de interior, servicii personalizate\" \/>\n<meta name=\"robots\" content=\"index, follow, max-snippet:-1, max-image-preview:large, max-video-preview:-1\" \/>\n<link rel=\"canonical\" href=\"https:\/\/claireideas.com\/what-we-do-interior-design-project-management\/\" \/>\n<meta property=\"og:locale\" content=\"ro_RO\" \/>\n<meta property=\"og:type\" content=\"article\" \/>\n<meta property=\"og:title\" content=\"Ce v\u0103 oferim - Claire Ideas\" \/>\n<meta property=\"og:description\" content=\"Claire Ideas - Design Interior,servicii amenajari de interior, servicii personalizate\" \/>\n<meta property=\"og:url\" content=\"https:\/\/claireideas.com\/what-we-do-interior-design-project-management\/\" \/>\n<meta property=\"og:site_name\" content=\"Claire Ideas\" \/>\n<meta property=\"article:publisher\" content=\"https:\/\/www.facebook.com\/Claire-Ideas-Interior-Design-Project-Management-2133054803437241\/\" \/>\n<meta property=\"article:modified_time\" content=\"2019-09-12T14:08:19+00:00\" \/>\n<meta property=\"og:image\" content=\"https:\/\/claireideas.com\/wp-content\/uploads\/2019\/03\/cropped-Picture10-1.jpg\" \/>\n\t<meta property=\"og:image:width\" content=\"1504\" \/>\n\t<meta property=\"og:image:height\" content=\"845\" \/>\n\t<meta property=\"og:image:type\" content=\"image\/jpeg\" \/>\n<meta name=\"twitter:card\" content=\"summary_large_image\" \/>\n<meta name=\"twitter:label1\" content=\"Timp estimat pentru citire\" \/>\n\t<meta name=\"twitter:data1\" content=\"1 minut\" \/>\n<script type=\"application\/ld+json\" class=\"yoast-schema-graph\">{\"@context\":\"https:\\\/\\\/schema.org\",\"@graph\":[{\"@type\":\"WebPage\",\"@id\":\"https:\\\/\\\/claireideas.com\\\/what-we-do-interior-design-project-management\\\/\",\"url\":\"https:\\\/\\\/claireideas.com\\\/what-we-do-interior-design-project-management\\\/\",\"name\":\"Interior Design and Project Management: Claire Ideas\",\"isPartOf\":{\"@id\":\"https:\\\/\\\/claireideas.com\\\/#website\"},\"primaryImageOfPage\":{\"@id\":\"https:\\\/\\\/claireideas.com\\\/what-we-do-interior-design-project-management\\\/#primaryimage\"},\"image\":{\"@id\":\"https:\\\/\\\/claireideas.com\\\/what-we-do-interior-design-project-management\\\/#primaryimage\"},\"thumbnailUrl\":\"https:\\\/\\\/claireideas.com\\\/wp-content\\\/uploads\\\/2019\\\/03\\\/cropped-Picture10-1.jpg\",\"datePublished\":\"2019-03-12T15:08:45+00:00\",\"dateModified\":\"2019-09-12T14:08:19+00:00\",\"description\":\"Your best services for Interior Design and Project Management for houses, apratments, hotels, offices, retails and so on.\",\"breadcrumb\":{\"@id\":\"https:\\\/\\\/claireideas.com\\\/what-we-do-interior-design-project-management\\\/#breadcrumb\"},\"inLanguage\":\"ro-RO\",\"potentialAction\":[{\"@type\":\"ReadAction\",\"target\":[\"https:\\\/\\\/claireideas.com\\\/what-we-do-interior-design-project-management\\\/\"]}]},{\"@type\":\"ImageObject\",\"inLanguage\":\"ro-RO\",\"@id\":\"https:\\\/\\\/claireideas.com\\\/what-we-do-interior-design-project-management\\\/#primaryimage\",\"url\":\"https:\\\/\\\/claireideas.com\\\/wp-content\\\/uploads\\\/2019\\\/03\\\/cropped-Picture10-1.jpg\",\"contentUrl\":\"https:\\\/\\\/claireideas.com\\\/wp-content\\\/uploads\\\/2019\\\/03\\\/cropped-Picture10-1.jpg\",\"width\":1504,\"height\":845},{\"@type\":\"BreadcrumbList\",\"@id\":\"https:\\\/\\\/claireideas.com\\\/what-we-do-interior-design-project-management\\\/#breadcrumb\",\"itemListElement\":[{\"@type\":\"ListItem\",\"position\":1,\"name\":\"Home\",\"item\":\"https:\\\/\\\/claireideas.com\\\/\"},{\"@type\":\"ListItem\",\"position\":2,\"name\":\"What We Do\"}]},{\"@type\":\"WebSite\",\"@id\":\"https:\\\/\\\/claireideas.com\\\/#website\",\"url\":\"https:\\\/\\\/claireideas.com\\\/\",\"name\":\"{:en}Claire Ideas{:}{:ro}Claire Ideas{:}\",\"description\":\"Your Business Partner - Since 2018\",\"publisher\":{\"@id\":\"https:\\\/\\\/claireideas.com\\\/#organization\"},\"potentialAction\":[{\"@type\":\"SearchAction\",\"target\":{\"@type\":\"EntryPoint\",\"urlTemplate\":\"https:\\\/\\\/claireideas.com\\\/?s={search_term_string}\"},\"query-input\":{\"@type\":\"PropertyValueSpecification\",\"valueRequired\":true,\"valueName\":\"search_term_string\"}}],\"inLanguage\":\"ro-RO\"},{\"@type\":\"Organization\",\"@id\":\"https:\\\/\\\/claireideas.com\\\/#organization\",\"name\":\"CLAIRE IDEAS\",\"url\":\"https:\\\/\\\/claireideas.com\\\/\",\"logo\":{\"@type\":\"ImageObject\",\"inLanguage\":\"ro-RO\",\"@id\":\"https:\\\/\\\/claireideas.com\\\/#\\\/schema\\\/logo\\\/image\\\/\",\"url\":\"https:\\\/\\\/claireideas.com\\\/wp-content\\\/uploads\\\/2019\\\/01\\\/Logo-Claire-Ideas.gif\",\"contentUrl\":\"https:\\\/\\\/claireideas.com\\\/wp-content\\\/uploads\\\/2019\\\/01\\\/Logo-Claire-Ideas.gif\",\"width\":499,\"height\":499,\"caption\":\"CLAIRE IDEAS\"},\"image\":{\"@id\":\"https:\\\/\\\/claireideas.com\\\/#\\\/schema\\\/logo\\\/image\\\/\"},\"sameAs\":[\"https:\\\/\\\/www.facebook.com\\\/Claire-Ideas-Interior-Design-Project-Management-2133054803437241\\\/\"]}]}<\/script>\n<!-- \/ Yoast SEO plugin. -->","yoast_head_json":{"title":"Interior Design and Project Management: Claire Ideas","description":"Claire Ideas - Design Interior,servicii amenajari de interior, servicii personalizate","robots":{"index":"index","follow":"follow","max-snippet":"max-snippet:-1","max-image-preview":"max-image-preview:large","max-video-preview":"max-video-preview:-1"},"canonical":"https:\/\/claireideas.com\/what-we-do-interior-design-project-management\/","og_locale":"ro_RO","og_type":"article","og_title":"Ce v\u0103 oferim - Claire Ideas","og_description":"Claire Ideas - Design Interior,servicii amenajari de interior, servicii personalizate","og_url":"https:\/\/claireideas.com\/what-we-do-interior-design-project-management\/","og_site_name":"Claire Ideas","article_publisher":"https:\/\/www.facebook.com\/Claire-Ideas-Interior-Design-Project-Management-2133054803437241\/","article_modified_time":"2019-09-12T14:08:19+00:00","og_image":[{"width":1504,"height":845,"url":"https:\/\/claireideas.com\/wp-content\/uploads\/2019\/03\/cropped-Picture10-1.jpg","type":"image\/jpeg"}],"twitter_card":"summary_large_image","twitter_misc":{"Timp estimat pentru citire":"1 minut"},"schema":{"@context":"https:\/\/schema.org","@graph":[{"@type":"WebPage","@id":"https:\/\/claireideas.com\/what-we-do-interior-design-project-management\/","url":"https:\/\/claireideas.com\/what-we-do-interior-design-project-management\/","name":"Interior Design and Project Management: Claire Ideas","isPartOf":{"@id":"https:\/\/claireideas.com\/#website"},"primaryImageOfPage":{"@id":"https:\/\/claireideas.com\/what-we-do-interior-design-project-management\/#primaryimage"},"image":{"@id":"https:\/\/claireideas.com\/what-we-do-interior-design-project-management\/#primaryimage"},"thumbnailUrl":"https:\/\/claireideas.com\/wp-content\/uploads\/2019\/03\/cropped-Picture10-1.jpg","datePublished":"2019-03-12T15:08:45+00:00","dateModified":"2019-09-12T14:08:19+00:00","description":"Your best services for Interior Design and Project Management for houses, apratments, hotels, offices, retails and so on.","breadcrumb":{"@id":"https:\/\/claireideas.com\/what-we-do-interior-design-project-management\/#breadcrumb"},"inLanguage":"ro-RO","potentialAction":[{"@type":"ReadAction","target":["https:\/\/claireideas.com\/what-we-do-interior-design-project-management\/"]}]},{"@type":"ImageObject","inLanguage":"ro-RO","@id":"https:\/\/claireideas.com\/what-we-do-interior-design-project-management\/#primaryimage","url":"https:\/\/claireideas.com\/wp-content\/uploads\/2019\/03\/cropped-Picture10-1.jpg","contentUrl":"https:\/\/claireideas.com\/wp-content\/uploads\/2019\/03\/cropped-Picture10-1.jpg","width":1504,"height":845},{"@type":"BreadcrumbList","@id":"https:\/\/claireideas.com\/what-we-do-interior-design-project-management\/#breadcrumb","itemListElement":[{"@type":"ListItem","position":1,"name":"Home","item":"https:\/\/claireideas.com\/"},{"@type":"ListItem","position":2,"name":"What We Do"}]},{"@type":"WebSite","@id":"https:\/\/claireideas.com\/#website","url":"https:\/\/claireideas.com\/","name":"{:en}Claire Ideas{:}{:ro}Claire Ideas{:}","description":"Your Business Partner - Since 2018","publisher":{"@id":"https:\/\/claireideas.com\/#organization"},"potentialAction":[{"@type":"SearchAction","target":{"@type":"EntryPoint","urlTemplate":"https:\/\/claireideas.com\/?s={search_term_string}"},"query-input":{"@type":"PropertyValueSpecification","valueRequired":true,"valueName":"search_term_string"}}],"inLanguage":"ro-RO"},{"@type":"Organization","@id":"https:\/\/claireideas.com\/#organization","name":"CLAIRE IDEAS","url":"https:\/\/claireideas.com\/","logo":{"@type":"ImageObject","inLanguage":"ro-RO","@id":"https:\/\/claireideas.com\/#\/schema\/logo\/image\/","url":"https:\/\/claireideas.com\/wp-content\/uploads\/2019\/01\/Logo-Claire-Ideas.gif","contentUrl":"https:\/\/claireideas.com\/wp-content\/uploads\/2019\/01\/Logo-Claire-Ideas.gif","width":499,"height":499,"caption":"CLAIRE IDEAS"},"image":{"@id":"https:\/\/claireideas.com\/#\/schema\/logo\/image\/"},"sameAs":["https:\/\/www.facebook.com\/Claire-Ideas-Interior-Design-Project-Management-2133054803437241\/"]}]}},"amp_enabled":false,"_links":{"self":[{"href":"https:\/\/claireideas.com\/ro\/wp-json\/wp\/v2\/pages\/449","targetHints":{"allow":["GET"]}}],"collection":[{"href":"https:\/\/claireideas.com\/ro\/wp-json\/wp\/v2\/pages"}],"about":[{"href":"https:\/\/claireideas.com\/ro\/wp-json\/wp\/v2\/types\/page"}],"author":[{"embeddable":true,"href":"https:\/\/claireideas.com\/ro\/wp-json\/wp\/v2\/users\/1"}],"replies":[{"embeddable":true,"href":"https:\/\/claireideas.com\/ro\/wp-json\/wp\/v2\/comments?post=449"}],"version-history":[{"count":75,"href":"https:\/\/claireideas.com\/ro\/wp-json\/wp\/v2\/pages\/449\/revisions"}],"predecessor-version":[{"id":2740,"href":"https:\/\/claireideas.com\/ro\/wp-json\/wp\/v2\/pages\/449\/revisions\/2740"}],"wp:featuredmedia":[{"embeddable":true,"href":"https:\/\/claireideas.com\/ro\/wp-json\/wp\/v2\/media\/2362"}],"wp:attachment":[{"href":"https:\/\/claireideas.com\/ro\/wp-json\/wp\/v2\/media?parent=449"}],"curies":[{"name":"wp","href":"https:\/\/api.w.org\/{rel}","templated":true}]}}