{"id":634,"date":"2019-03-29T23:05:58","date_gmt":"2019-03-29T23:05:58","guid":{"rendered":"https:\/\/claireideas.com\/?page_id=634"},"modified":"2020-04-21T15:15:30","modified_gmt":"2020-04-21T15:15:30","slug":"blog","status":"publish","type":"page","link":"https:\/\/claireideas.com\/ro\/blog\/","title":{"rendered":"BLOG"},"content":{"rendered":"\n<figure class=\"wp-block-embed-wordpress wp-block-embed is-type-wp-embed is-provider-claire-ideas\"><div class=\"wp-block-embed__wrapper\">\n<blockquote class=\"wp-embedded-content\" data-secret=\"r86zIplrnI\"><a href=\"https:\/\/claireideas.com\/2019\/08\/cum-gandesc-un-buget-pentru-o-amenajare-de-interior\/\">Cum g\u00e2ndesc un buget pentru o amenajare de interior?<\/a><\/blockquote><iframe title=\"&#8220;Cum g\u00e2ndesc un buget pentru o amenajare de interior?&#8221; &#8212; Claire Ideas\" class=\"wp-embedded-content\" sandbox=\"allow-scripts\" security=\"restricted\" style=\"position: absolute; clip: rect(1px, 1px, 1px, 1px);\" src=\"https:\/\/claireideas.com\/2019\/08\/cum-gandesc-un-buget-pentru-o-amenajare-de-interior\/embed\/#?secret=r86zIplrnI\" data-secret=\"r86zIplrnI\" width=\"600\" height=\"338\" frameborder=\"0\" marginwidth=\"0\" marginheight=\"0\" scrolling=\"no\"><\/iframe>\n<\/div><\/figure>\n\n\n\n<figure class=\"wp-block-embed-wordpress wp-block-embed is-type-wp-embed is-provider-claire-ideas\"><div class=\"wp-block-embed__wrapper\">\n<blockquote class=\"wp-embedded-content\" data-secret=\"kdGDR7PIam\"><a href=\"https:\/\/claireideas.com\/2019\/05\/decernarea-premiilor-elle-decoration-romanian-design-awards-2019\/\">Decernarea Premiilor Elle Decoration Romanian Design Awards 2019<\/a><\/blockquote><iframe title=\"&#8220;Decernarea Premiilor Elle Decoration Romanian Design Awards 2019&#8221; &#8212; Claire Ideas\" class=\"wp-embedded-content\" sandbox=\"allow-scripts\" security=\"restricted\" style=\"position: absolute; clip: rect(1px, 1px, 1px, 1px);\" src=\"https:\/\/claireideas.com\/2019\/05\/decernarea-premiilor-elle-decoration-romanian-design-awards-2019\/embed\/#?secret=kdGDR7PIam\" data-secret=\"kdGDR7PIam\" width=\"600\" height=\"338\" frameborder=\"0\" marginwidth=\"0\" marginheight=\"0\" scrolling=\"no\"><\/iframe>\n<\/div><\/figure>\n\n\n\n<figure class=\"wp-block-embed-wordpress wp-block-embed is-type-wp-embed is-provider-claire-ideas\"><div class=\"wp-block-embed__wrapper\">\n<blockquote class=\"wp-embedded-content\" data-secret=\"J1CuLIRzfR\"><a href=\"https:\/\/claireideas.com\/2019\/05\/cand-intra-in-actiune-un-designer-de-interior-si-ce-tip-de-relatie-se-stabileste-cu-acesta\/\">C\u00e2nd intr\u0103 \u00een \u201dac\u021biune\u201d un Designer de Interior? \u0218i ce tip de rela\u021bie se stabile\u0219te cu acesta?<\/a><\/blockquote><iframe title=\"&#8220;C\u00e2nd intr\u0103 \u00een \u201dac\u021biune\u201d un Designer de Interior? \u0218i ce tip de rela\u021bie se stabile\u0219te cu acesta?&#8221; &#8212; Claire Ideas\" class=\"wp-embedded-content\" sandbox=\"allow-scripts\" security=\"restricted\" style=\"position: absolute; clip: rect(1px, 1px, 1px, 1px);\" src=\"https:\/\/claireideas.com\/2019\/05\/cand-intra-in-actiune-un-designer-de-interior-si-ce-tip-de-relatie-se-stabileste-cu-acesta\/embed\/#?secret=J1CuLIRzfR\" data-secret=\"J1CuLIRzfR\" width=\"600\" height=\"338\" frameborder=\"0\" marginwidth=\"0\" marginheight=\"0\" scrolling=\"no\"><\/iframe>\n<\/div><\/figure>\n\n\n\n<figure class=\"wp-block-embed-wordpress wp-block-embed is-type-wp-embed is-provider-claire-ideas\"><div class=\"wp-block-embed__wrapper\">\n<blockquote class=\"wp-embedded-content\" data-secret=\"GlHI3N7WTz\"><a href=\"https:\/\/claireideas.com\/2019\/05\/designer-de-interior-versus-designer-de-interior\/\">Designer de Interior versus&#8230;. Designer de Interior<\/a><\/blockquote><iframe title=\"&#8220;Designer de Interior versus&#8230;. Designer de Interior&#8221; &#8212; Claire Ideas\" class=\"wp-embedded-content\" sandbox=\"allow-scripts\" security=\"restricted\" style=\"position: absolute; clip: rect(1px, 1px, 1px, 1px);\" src=\"https:\/\/claireideas.com\/2019\/05\/designer-de-interior-versus-designer-de-interior\/embed\/#?secret=GlHI3N7WTz\" data-secret=\"GlHI3N7WTz\" width=\"600\" height=\"338\" frameborder=\"0\" marginwidth=\"0\" marginheight=\"0\" scrolling=\"no\"><\/iframe>\n<\/div><\/figure>\n\n\n\n<figure class=\"wp-block-embed-wordpress wp-block-embed is-type-wp-embed is-provider-claire-ideas\"><div class=\"wp-block-embed__wrapper\">\n<blockquote class=\"wp-embedded-content\" data-secret=\"s6DUixpJSm\"><a href=\"https:\/\/claireideas.com\/2019\/05\/concurs-de-design-elle-decoration\/\">Concurs de Design sus\u021binut de Elle Decoration<\/a><\/blockquote><iframe title=\"&#8220;Concurs de Design sus\u021binut de Elle Decoration&#8221; &#8212; Claire Ideas\" class=\"wp-embedded-content\" sandbox=\"allow-scripts\" security=\"restricted\" style=\"position: absolute; clip: rect(1px, 1px, 1px, 1px);\" src=\"https:\/\/claireideas.com\/2019\/05\/concurs-de-design-elle-decoration\/embed\/#?secret=s6DUixpJSm\" data-secret=\"s6DUixpJSm\" width=\"600\" height=\"338\" frameborder=\"0\" marginwidth=\"0\" marginheight=\"0\" scrolling=\"no\"><\/iframe>\n<\/div><\/figure>\n\n\n\n<figure class=\"wp-block-embed-wordpress wp-block-embed is-type-wp-embed is-provider-claire-ideas\"><div class=\"wp-block-embed__wrapper\">\n<blockquote class=\"wp-embedded-content\" data-secret=\"UAZvY7ehbK\"><a href=\"https:\/\/claireideas.com\/2019\/05\/expozitia-de-design-de-obiect-frumusetea-vine-din-interior\/\">Expozi\u021bia de design de obiect \u201dFrumuse\u021bea vine din interior\u201d<\/a><\/blockquote><iframe title=\"&#8220;Expozi\u021bia de design de obiect \u201dFrumuse\u021bea vine din interior\u201d&#8221; &#8212; Claire Ideas\" class=\"wp-embedded-content\" sandbox=\"allow-scripts\" security=\"restricted\" style=\"position: absolute; clip: rect(1px, 1px, 1px, 1px);\" src=\"https:\/\/claireideas.com\/2019\/05\/expozitia-de-design-de-obiect-frumusetea-vine-din-interior\/embed\/#?secret=UAZvY7ehbK\" data-secret=\"UAZvY7ehbK\" width=\"600\" height=\"338\" frameborder=\"0\" marginwidth=\"0\" marginheight=\"0\" scrolling=\"no\"><\/iframe>\n<\/div><\/figure>\n\n\n\n<figure class=\"wp-block-embed-wordpress wp-block-embed is-type-wp-embed is-provider-claire-ideas\"><div class=\"wp-block-embed__wrapper\">\n<blockquote class=\"wp-embedded-content\" data-secret=\"LohNDzSdqD\"><a href=\"https:\/\/claireideas.com\/2019\/04\/designer-de-interior-moft-sau-necesitate\/\">Designerul de Interior: Moft sau Necesitate?<\/a><\/blockquote><iframe title=\"&#8220;Designerul de Interior: Moft sau Necesitate?&#8221; &#8212; Claire Ideas\" class=\"wp-embedded-content\" sandbox=\"allow-scripts\" security=\"restricted\" style=\"position: absolute; clip: rect(1px, 1px, 1px, 1px);\" src=\"https:\/\/claireideas.com\/2019\/04\/designer-de-interior-moft-sau-necesitate\/embed\/#?secret=LohNDzSdqD\" data-secret=\"LohNDzSdqD\" width=\"600\" height=\"338\" frameborder=\"0\" marginwidth=\"0\" marginheight=\"0\" scrolling=\"no\"><\/iframe>\n<\/div><\/figure>\n\n\n\n<figure class=\"wp-block-embed-wordpress wp-block-embed is-type-wp-embed is-provider-claire-ideas\"><div class=\"wp-block-embed__wrapper\">\n<blockquote class=\"wp-embedded-content\" data-secret=\"RaCWzDWEX6\"><a href=\"https:\/\/claireideas.com\/2019\/04\/impresii-despre-evenimentul-cuib\/\">Impresii despre Evenimentul CUIB \u2013 Construie\u0219te U\u0219or, Inteligent \u0219i Bine<\/a><\/blockquote><iframe title=\"&#8220;Impresii despre Evenimentul CUIB \u2013 Construie\u0219te U\u0219or, Inteligent \u0219i Bine&#8221; &#8212; Claire Ideas\" class=\"wp-embedded-content\" sandbox=\"allow-scripts\" security=\"restricted\" style=\"position: absolute; clip: rect(1px, 1px, 1px, 1px);\" src=\"https:\/\/claireideas.com\/2019\/04\/impresii-despre-evenimentul-cuib\/embed\/#?secret=RaCWzDWEX6\" data-secret=\"RaCWzDWEX6\" width=\"600\" height=\"338\" frameborder=\"0\" marginwidth=\"0\" marginheight=\"0\" scrolling=\"no\"><\/iframe>\n<\/div><\/figure>\n\n\n\n<figure class=\"wp-block-embed-wordpress wp-block-embed is-type-wp-embed is-provider-claire-ideas\"><div class=\"wp-block-embed__wrapper\">\n<blockquote class=\"wp-embedded-content\" data-secret=\"RmppgmyaRw\"><a href=\"https:\/\/claireideas.com\/2019\/03\/eveniment-cuib\/\">Vom fi la Evenimentul CUIB<\/a><\/blockquote><iframe title=\"&#8220;Vom fi la Evenimentul CUIB&#8221; &#8212; Claire Ideas\" class=\"wp-embedded-content\" sandbox=\"allow-scripts\" security=\"restricted\" style=\"position: absolute; clip: rect(1px, 1px, 1px, 1px);\" src=\"https:\/\/claireideas.com\/2019\/03\/eveniment-cuib\/embed\/#?secret=RmppgmyaRw\" data-secret=\"RmppgmyaRw\" width=\"600\" height=\"338\" frameborder=\"0\" marginwidth=\"0\" marginheight=\"0\" scrolling=\"no\"><\/iframe>\n<\/div><\/figure>\n\n\n\n<figure class=\"wp-block-embed-wordpress wp-block-embed is-type-wp-embed is-provider-claire-ideas\"><div class=\"wp-block-embed__wrapper\">\n<blockquote class=\"wp-embedded-content\" data-secret=\"JQYYPt6BAx\"><a href=\"https:\/\/claireideas.com\/2019\/03\/ce-inseamna-sa-fii-designer-de-interior\/\">Ce \u00eenseamn\u0103 s\u0103 fii Designer de Interior?<\/a><\/blockquote><iframe title=\"&#8220;Ce \u00eenseamn\u0103 s\u0103 fii Designer de Interior?&#8221; &#8212; Claire Ideas\" class=\"wp-embedded-content\" sandbox=\"allow-scripts\" security=\"restricted\" style=\"position: absolute; clip: rect(1px, 1px, 1px, 1px);\" src=\"https:\/\/claireideas.com\/2019\/03\/ce-inseamna-sa-fii-designer-de-interior\/embed\/#?secret=JQYYPt6BAx\" data-secret=\"JQYYPt6BAx\" width=\"600\" height=\"338\" frameborder=\"0\" marginwidth=\"0\" marginheight=\"0\" scrolling=\"no\"><\/iframe>\n<\/div><\/figure>\n\n\n\n<figure class=\"wp-block-embed-wordpress wp-block-embed is-type-wp-embed is-provider-claire-ideas\"><div class=\"wp-block-embed__wrapper\">\n<blockquote class=\"wp-embedded-content\" data-secret=\"exo4mim5Kb\"><a href=\"https:\/\/claireideas.com\/2019\/03\/2-rooms-apartment\/\">New York Vibe<\/a><\/blockquote><iframe title=\"&#8220;New York Vibe&#8221; &#8212; Claire Ideas\" class=\"wp-embedded-content\" sandbox=\"allow-scripts\" security=\"restricted\" style=\"position: absolute; clip: rect(1px, 1px, 1px, 1px);\" src=\"https:\/\/claireideas.com\/2019\/03\/2-rooms-apartment\/embed\/#?secret=exo4mim5Kb\" data-secret=\"exo4mim5Kb\" width=\"600\" height=\"338\" frameborder=\"0\" marginwidth=\"0\" marginheight=\"0\" scrolling=\"no\"><\/iframe>\n<\/div><\/figure>\n","protected":false},"excerpt":{"rendered":"","protected":false},"author":1,"featured_media":0,"parent":0,"menu_order":0,"comment_status":"closed","ping_status":"closed","template":"","meta":{"footnotes":""},"class_list":["post-634","page","type-page","status-publish","hentry"],"translation":{"provider":"WPGlobus","version":"3.0.2","language":"ro","enabled_languages":["en","ro"],"languages":{"en":{"title":true,"content":true,"excerpt":false},"ro":{"title":true,"content":true,"excerpt":false}}},"yoast_head":"<!-- This site is optimized with the Yoast SEO plugin v27.5 - https:\/\/yoast.com\/product\/yoast-seo-wordpress\/ -->\n<title>BLOG - Claire Ideas<\/title>\n<meta name=\"robots\" content=\"index, follow, max-snippet:-1, max-image-preview:large, max-video-preview:-1\" \/>\n<link rel=\"canonical\" href=\"https:\/\/claireideas.com\/blog\/\" \/>\n<meta property=\"og:locale\" content=\"ro_RO\" \/>\n<meta property=\"og:type\" content=\"article\" \/>\n<meta property=\"og:title\" content=\"BLOG - Claire Ideas\" \/>\n<meta property=\"og:url\" content=\"https:\/\/claireideas.com\/blog\/\" \/>\n<meta property=\"og:site_name\" content=\"Claire Ideas\" \/>\n<meta property=\"article:publisher\" content=\"https:\/\/www.facebook.com\/Claire-Ideas-Interior-Design-Project-Management-2133054803437241\/\" \/>\n<meta property=\"article:modified_time\" content=\"2020-04-21T15:15:30+00:00\" \/>\n<meta property=\"og:image\" content=\"https:\/\/claireideas.com\/wp-content\/uploads\/2019\/03\/53862977_2138394562903265_929896252496150528_o.jpg\" \/>\n\t<meta property=\"og:image:width\" content=\"1500\" \/>\n\t<meta property=\"og:image:height\" content=\"1125\" \/>\n\t<meta property=\"og:image:type\" content=\"image\/jpeg\" \/>\n<meta name=\"twitter:card\" content=\"summary_large_image\" \/>\n<script type=\"application\/ld+json\" class=\"yoast-schema-graph\">{\"@context\":\"https:\\\/\\\/schema.org\",\"@graph\":[{\"@type\":\"WebPage\",\"@id\":\"https:\\\/\\\/claireideas.com\\\/blog\\\/\",\"url\":\"https:\\\/\\\/claireideas.com\\\/blog\\\/\",\"name\":\"BLOG - Claire Ideas\",\"isPartOf\":{\"@id\":\"https:\\\/\\\/claireideas.com\\\/#website\"},\"datePublished\":\"2019-03-29T23:05:58+00:00\",\"dateModified\":\"2020-04-21T15:15:30+00:00\",\"description\":\"expertiz\u0103 tehnic\u0103 construc\u021bii, audit energetic cl\u0103diri, expert tehnic structuri beton, sustenabilitate, expertize tehnice, expertiz\u0103 tehnica A1, expertiz\u0103 tehnica SAAC, ap\u0103, canal, canalizare, verificator proiecte, verificator A1, verificator B7, verificator D5, expert A1, expert SAAC, expert Is\",\"breadcrumb\":{\"@id\":\"https:\\\/\\\/claireideas.com\\\/blog\\\/#breadcrumb\"},\"inLanguage\":\"ro-RO\",\"potentialAction\":[{\"@type\":\"ReadAction\",\"target\":[\"https:\\\/\\\/claireideas.com\\\/blog\\\/\"]}]},{\"@type\":\"BreadcrumbList\",\"@id\":\"https:\\\/\\\/claireideas.com\\\/blog\\\/#breadcrumb\",\"itemListElement\":[{\"@type\":\"ListItem\",\"position\":1,\"name\":\"Home\",\"item\":\"https:\\\/\\\/claireideas.com\\\/\"},{\"@type\":\"ListItem\",\"position\":2,\"name\":\"BLOG\"}]},{\"@type\":\"WebSite\",\"@id\":\"https:\\\/\\\/claireideas.com\\\/#website\",\"url\":\"https:\\\/\\\/claireideas.com\\\/\",\"name\":\"{:en}Claire Ideas{:}{:ro}Claire Ideas{:}\",\"description\":\"Your Business Partner - Since 2018\",\"publisher\":{\"@id\":\"https:\\\/\\\/claireideas.com\\\/#organization\"},\"potentialAction\":[{\"@type\":\"SearchAction\",\"target\":{\"@type\":\"EntryPoint\",\"urlTemplate\":\"https:\\\/\\\/claireideas.com\\\/?s={search_term_string}\"},\"query-input\":{\"@type\":\"PropertyValueSpecification\",\"valueRequired\":true,\"valueName\":\"search_term_string\"}}],\"inLanguage\":\"ro-RO\"},{\"@type\":\"Organization\",\"@id\":\"https:\\\/\\\/claireideas.com\\\/#organization\",\"name\":\"CLAIRE IDEAS\",\"url\":\"https:\\\/\\\/claireideas.com\\\/\",\"logo\":{\"@type\":\"ImageObject\",\"inLanguage\":\"ro-RO\",\"@id\":\"https:\\\/\\\/claireideas.com\\\/#\\\/schema\\\/logo\\\/image\\\/\",\"url\":\"https:\\\/\\\/claireideas.com\\\/wp-content\\\/uploads\\\/2019\\\/01\\\/Logo-Claire-Ideas.gif\",\"contentUrl\":\"https:\\\/\\\/claireideas.com\\\/wp-content\\\/uploads\\\/2019\\\/01\\\/Logo-Claire-Ideas.gif\",\"width\":499,\"height\":499,\"caption\":\"CLAIRE IDEAS\"},\"image\":{\"@id\":\"https:\\\/\\\/claireideas.com\\\/#\\\/schema\\\/logo\\\/image\\\/\"},\"sameAs\":[\"https:\\\/\\\/www.facebook.com\\\/Claire-Ideas-Interior-Design-Project-Management-2133054803437241\\\/\"]}]}<\/script>\n<!-- \/ Yoast SEO plugin. -->","yoast_head_json":{"title":"BLOG - Claire Ideas","robots":{"index":"index","follow":"follow","max-snippet":"max-snippet:-1","max-image-preview":"max-image-preview:large","max-video-preview":"max-video-preview:-1"},"canonical":"https:\/\/claireideas.com\/blog\/","og_locale":"ro_RO","og_type":"article","og_title":"BLOG - Claire Ideas","og_url":"https:\/\/claireideas.com\/blog\/","og_site_name":"Claire Ideas","article_publisher":"https:\/\/www.facebook.com\/Claire-Ideas-Interior-Design-Project-Management-2133054803437241\/","article_modified_time":"2020-04-21T15:15:30+00:00","og_image":[{"width":1500,"height":1125,"url":"https:\/\/claireideas.com\/wp-content\/uploads\/2019\/03\/53862977_2138394562903265_929896252496150528_o.jpg","type":"image\/jpeg"}],"twitter_card":"summary_large_image","schema":{"@context":"https:\/\/schema.org","@graph":[{"@type":"WebPage","@id":"https:\/\/claireideas.com\/blog\/","url":"https:\/\/claireideas.com\/blog\/","name":"BLOG - Claire Ideas","isPartOf":{"@id":"https:\/\/claireideas.com\/#website"},"datePublished":"2019-03-29T23:05:58+00:00","dateModified":"2020-04-21T15:15:30+00:00","description":"expertiz\u0103 tehnic\u0103 construc\u021bii, audit energetic cl\u0103diri, expert tehnic structuri beton, sustenabilitate, expertize tehnice, expertiz\u0103 tehnica A1, expertiz\u0103 tehnica SAAC, ap\u0103, canal, canalizare, verificator proiecte, verificator A1, verificator B7, verificator D5, expert A1, expert SAAC, expert Is","breadcrumb":{"@id":"https:\/\/claireideas.com\/blog\/#breadcrumb"},"inLanguage":"ro-RO","potentialAction":[{"@type":"ReadAction","target":["https:\/\/claireideas.com\/blog\/"]}]},{"@type":"BreadcrumbList","@id":"https:\/\/claireideas.com\/blog\/#breadcrumb","itemListElement":[{"@type":"ListItem","position":1,"name":"Home","item":"https:\/\/claireideas.com\/"},{"@type":"ListItem","position":2,"name":"BLOG"}]},{"@type":"WebSite","@id":"https:\/\/claireideas.com\/#website","url":"https:\/\/claireideas.com\/","name":"{:en}Claire Ideas{:}{:ro}Claire Ideas{:}","description":"Your Business Partner - Since 2018","publisher":{"@id":"https:\/\/claireideas.com\/#organization"},"potentialAction":[{"@type":"SearchAction","target":{"@type":"EntryPoint","urlTemplate":"https:\/\/claireideas.com\/?s={search_term_string}"},"query-input":{"@type":"PropertyValueSpecification","valueRequired":true,"valueName":"search_term_string"}}],"inLanguage":"ro-RO"},{"@type":"Organization","@id":"https:\/\/claireideas.com\/#organization","name":"CLAIRE IDEAS","url":"https:\/\/claireideas.com\/","logo":{"@type":"ImageObject","inLanguage":"ro-RO","@id":"https:\/\/claireideas.com\/#\/schema\/logo\/image\/","url":"https:\/\/claireideas.com\/wp-content\/uploads\/2019\/01\/Logo-Claire-Ideas.gif","contentUrl":"https:\/\/claireideas.com\/wp-content\/uploads\/2019\/01\/Logo-Claire-Ideas.gif","width":499,"height":499,"caption":"CLAIRE IDEAS"},"image":{"@id":"https:\/\/claireideas.com\/#\/schema\/logo\/image\/"},"sameAs":["https:\/\/www.facebook.com\/Claire-Ideas-Interior-Design-Project-Management-2133054803437241\/"]}]}},"amp_enabled":true,"_links":{"self":[{"href":"https:\/\/claireideas.com\/ro\/wp-json\/wp\/v2\/pages\/634","targetHints":{"allow":["GET"]}}],"collection":[{"href":"https:\/\/claireideas.com\/ro\/wp-json\/wp\/v2\/pages"}],"about":[{"href":"https:\/\/claireideas.com\/ro\/wp-json\/wp\/v2\/types\/page"}],"author":[{"embeddable":true,"href":"https:\/\/claireideas.com\/ro\/wp-json\/wp\/v2\/users\/1"}],"replies":[{"embeddable":true,"href":"https:\/\/claireideas.com\/ro\/wp-json\/wp\/v2\/comments?post=634"}],"version-history":[{"count":34,"href":"https:\/\/claireideas.com\/ro\/wp-json\/wp\/v2\/pages\/634\/revisions"}],"predecessor-version":[{"id":2954,"href":"https:\/\/claireideas.com\/ro\/wp-json\/wp\/v2\/pages\/634\/revisions\/2954"}],"wp:attachment":[{"href":"https:\/\/claireideas.com\/ro\/wp-json\/wp\/v2\/media?parent=634"}],"curies":[{"name":"wp","href":"https:\/\/api.w.org\/{rel}","templated":true}]}}