{"id":72,"date":"2018-11-21T15:27:03","date_gmt":"2018-11-21T15:27:03","guid":{"rendered":"https:\/\/claireideas.com\/?page_id=72"},"modified":"2026-02-25T11:51:38","modified_gmt":"2026-02-25T11:51:38","slug":"what-recommends-us","status":"publish","type":"page","link":"https:\/\/claireideas.com\/ro\/what-recommends-us\/","title":{"rendered":"Ce ne recomand\u0103"},"content":{"rendered":"<\/p>\n\n\n<h2 class=\"wp-block-heading\"><strong>I.Experien\u021ba noastr\u0103:<\/strong><\/h2>\n\n\n\n<ul class=\"wp-block-list\">\n<li>Am realizat proiecte de succes de peste 100 de milioane de euro de la planificarea conceptului \u0219i planuri generale p\u00e2n\u0103 la execu\u021bie \u0219i punere \u00een func\u021biune;<\/li>\n<\/ul>\n\n\n\n<ul class=\"wp-block-list\">\n<li>Ne concentr\u0103m pe rezultate &#8211; viz\u00e2nd livrarea proiectelor \u00een timp, \u00een cadrul bugetului prognozat (sau cu economii);<\/li>\n<\/ul>\n\n\n\n<ul class=\"wp-block-list\">\n<li>Ne concentr\u0103m pe \u021bintirea calit\u0103\u021bii ridicate; <\/li>\n<\/ul>\n\n\n\n<ul class=\"wp-block-list\">\n<li>Avem o vast\u0103 experien\u021b\u0103 \u00een colaborarea cu clien\u021bi exigen\u021bi;<\/li>\n<\/ul>\n\n\n\n<ul class=\"wp-block-list\">\n<li>Avem experien\u021b\u0103 \u00een planificarea \u0219i organizarea proiectelor de dezvoltare; <\/li>\n<\/ul>\n\n\n\n<ul class=\"wp-block-list\">\n<li>Avem experien\u021b\u0103 \u00een managementul proiectelor \u0219i al costurilor; <\/li>\n<\/ul>\n\n\n\n<ul class=\"wp-block-list\">\n<li>Avem experien\u021b\u0103 \u00een organizarea de oferte \u00een sectorul privat; <\/li>\n<\/ul>\n\n\n\n<ul class=\"wp-block-list\">\n<li>Avem experien\u021b\u0103 \u00een negocierea diferitelor tipuri de contracte &#8211; de la contracte de achizi\u021bii simple p\u00e2n\u0103 la contracte complexe, cum ar fi FIDIC; <\/li>\n<\/ul>\n\n\n\n<ul class=\"wp-block-list\">\n<li>Am lucrat \u00een medii multiculturale, comunic\u00e2nd cu str\u0103inii ca parte din echipe (austriece, engleze, germane, indiene \u0219i portugheze) sau ca parte a partenerilor de afaceri (av\u00e2nd colaboratori austrieci, englezi, germani, indieni, irlandezi, portughezi, spanioli \u0219i turci). <\/li>\n<\/ul>\n\n\n\n<h2 class=\"wp-block-heading\"><strong>II.Educa\u021bia noastr\u0103: <\/strong><\/h2>\n\n\n\n<ul class=\"wp-block-list\">\n<li>Personalul nostru a absolvit niveluri \u00eenalte de educa\u021bie din institu\u021bii recunoscute rom\u00e2ne\u0219ti sau interna\u021bionale.<\/li>\n<\/ul>\n\n\n\n<p class=\"has-text-align-center\">Ne pute\u021bi urm\u0103ri \u00een sec\u021biunea&nbsp;<a href=\"https:\/\/claireideas.com\/ro\/blog\/\"><strong>Blog<\/strong><\/a>&nbsp;sau pe pagina noastr\u0103 de&nbsp;<a href=\"https:\/\/www.facebook.com\/Claire-Ideas-Interior-Design-Project-Management-2133054803437241\/\"><strong>Facebook.<\/strong><\/a><\/p>\n\n\n\n<p class=\"has-text-align-center\">Pentru \u00eentreb\u0103ri sau oferte de pre\u021b, v\u0103 rug\u0103m s\u0103 ne contacta\u021bi la 004 0742 830 033 sau contact@claireideas.com. Sau folosi\u021bi formularul nostru de contact\u00a0<a href=\"https:\/\/claireideas.com\/ro\/contact-interior-design\/\"><strong>aici<\/strong><\/a>. Mul\u021bumim!<\/p>\n\n\n<p>","protected":false},"excerpt":{"rendered":"<p>I.Experien\u021ba noastr\u0103: II.Educa\u021bia noastr\u0103: Ne pute\u021bi urm\u0103ri \u00een sec\u021biunea&nbsp;Blog&nbsp;sau pe pagina noastr\u0103 de&nbsp;Facebook. Pentru \u00eentreb\u0103ri sau oferte de pre\u021b, v\u0103 rug\u0103m s\u0103 ne contacta\u021bi la 004 0742 830 033 sau contact@claireideas.com. Sau folosi\u021bi formularul nostru de contact\u00a0aici. Mul\u021bumim!<\/p>\n","protected":false},"author":1,"featured_media":2196,"parent":0,"menu_order":0,"comment_status":"closed","ping_status":"closed","template":"page-templates\/page-nosidebars.php","meta":{"footnotes":""},"class_list":["post-72","page","type-page","status-publish","has-post-thumbnail","hentry"],"translation":{"provider":"WPGlobus","version":"3.0.2","language":"ro","enabled_languages":["en","ro"],"languages":{"en":{"title":true,"content":true,"excerpt":false},"ro":{"title":true,"content":true,"excerpt":false}}},"yoast_head":"<!-- This site is optimized with the Yoast SEO plugin v27.5 - https:\/\/yoast.com\/product\/yoast-seo-wordpress\/ -->\n<title>Ce ne recomand\u0103 - Claire Ideas<\/title>\n<meta name=\"robots\" content=\"index, follow, max-snippet:-1, max-image-preview:large, max-video-preview:-1\" \/>\n<link rel=\"canonical\" href=\"https:\/\/claireideas.com\/what-recommends-us\/\" \/>\n<meta property=\"og:locale\" content=\"ro_RO\" \/>\n<meta property=\"og:type\" content=\"article\" \/>\n<meta property=\"og:title\" content=\"Ce ne recomand\u0103 - Claire Ideas\" \/>\n<meta property=\"og:url\" content=\"https:\/\/claireideas.com\/what-recommends-us\/\" \/>\n<meta property=\"og:site_name\" content=\"Claire Ideas\" \/>\n<meta property=\"article:publisher\" content=\"https:\/\/www.facebook.com\/Claire-Ideas-Interior-Design-Project-Management-2133054803437241\/\" \/>\n<meta property=\"article:modified_time\" content=\"2026-02-25T11:51:38+00:00\" \/>\n<meta property=\"og:image\" content=\"https:\/\/claireideas.com\/wp-content\/uploads\/2019\/06\/cropped-Depositphotos_65485561_xl-2015.jpg\" \/>\n\t<meta property=\"og:image:width\" content=\"4275\" \/>\n\t<meta property=\"og:image:height\" content=\"2405\" \/>\n\t<meta property=\"og:image:type\" content=\"image\/jpeg\" \/>\n<meta name=\"twitter:card\" content=\"summary_large_image\" \/>\n<meta name=\"twitter:label1\" content=\"Timp estimat pentru citire\" \/>\n\t<meta name=\"twitter:data1\" content=\"1 minut\" \/>\n<script type=\"application\/ld+json\" class=\"yoast-schema-graph\">{\"@context\":\"https:\\\/\\\/schema.org\",\"@graph\":[{\"@type\":\"WebPage\",\"@id\":\"https:\\\/\\\/claireideas.com\\\/what-recommends-us\\\/\",\"url\":\"https:\\\/\\\/claireideas.com\\\/what-recommends-us\\\/\",\"name\":\"Ce ne recomand\u0103 - Claire Ideas\",\"isPartOf\":{\"@id\":\"https:\\\/\\\/claireideas.com\\\/#website\"},\"primaryImageOfPage\":{\"@id\":\"https:\\\/\\\/claireideas.com\\\/what-recommends-us\\\/#primaryimage\"},\"image\":{\"@id\":\"https:\\\/\\\/claireideas.com\\\/what-recommends-us\\\/#primaryimage\"},\"thumbnailUrl\":\"https:\\\/\\\/claireideas.com\\\/wp-content\\\/uploads\\\/2019\\\/06\\\/cropped-Depositphotos_65485561_xl-2015.jpg\",\"datePublished\":\"2018-11-21T15:27:03+00:00\",\"dateModified\":\"2026-02-25T11:51:38+00:00\",\"description\":\"expertiz\u0103 tehnic\u0103 construc\u021bii, audit energetic cl\u0103diri, expert tehnic structuri beton, sustenabilitate, expertize tehnice, expertiz\u0103 tehnica A1, expertiz\u0103 tehnica SAAC, ap\u0103, canal, canalizare, verificator proiecte, verificator A1, verificator B7, verificator D5, expert A1, expert SAAC, expert Is\",\"breadcrumb\":{\"@id\":\"https:\\\/\\\/claireideas.com\\\/what-recommends-us\\\/#breadcrumb\"},\"inLanguage\":\"ro-RO\",\"potentialAction\":[{\"@type\":\"ReadAction\",\"target\":[\"https:\\\/\\\/claireideas.com\\\/what-recommends-us\\\/\"]}]},{\"@type\":\"ImageObject\",\"inLanguage\":\"ro-RO\",\"@id\":\"https:\\\/\\\/claireideas.com\\\/what-recommends-us\\\/#primaryimage\",\"url\":\"https:\\\/\\\/claireideas.com\\\/wp-content\\\/uploads\\\/2019\\\/06\\\/cropped-Depositphotos_65485561_xl-2015.jpg\",\"contentUrl\":\"https:\\\/\\\/claireideas.com\\\/wp-content\\\/uploads\\\/2019\\\/06\\\/cropped-Depositphotos_65485561_xl-2015.jpg\",\"width\":4275,\"height\":2405},{\"@type\":\"BreadcrumbList\",\"@id\":\"https:\\\/\\\/claireideas.com\\\/what-recommends-us\\\/#breadcrumb\",\"itemListElement\":[{\"@type\":\"ListItem\",\"position\":1,\"name\":\"Home\",\"item\":\"https:\\\/\\\/claireideas.com\\\/\"},{\"@type\":\"ListItem\",\"position\":2,\"name\":\"What Recommends Us\"}]},{\"@type\":\"WebSite\",\"@id\":\"https:\\\/\\\/claireideas.com\\\/#website\",\"url\":\"https:\\\/\\\/claireideas.com\\\/\",\"name\":\"{:en}Claire Ideas{:}{:ro}Claire Ideas{:}\",\"description\":\"Your Business Partner - Since 2018\",\"publisher\":{\"@id\":\"https:\\\/\\\/claireideas.com\\\/#organization\"},\"potentialAction\":[{\"@type\":\"SearchAction\",\"target\":{\"@type\":\"EntryPoint\",\"urlTemplate\":\"https:\\\/\\\/claireideas.com\\\/?s={search_term_string}\"},\"query-input\":{\"@type\":\"PropertyValueSpecification\",\"valueRequired\":true,\"valueName\":\"search_term_string\"}}],\"inLanguage\":\"ro-RO\"},{\"@type\":\"Organization\",\"@id\":\"https:\\\/\\\/claireideas.com\\\/#organization\",\"name\":\"CLAIRE IDEAS\",\"url\":\"https:\\\/\\\/claireideas.com\\\/\",\"logo\":{\"@type\":\"ImageObject\",\"inLanguage\":\"ro-RO\",\"@id\":\"https:\\\/\\\/claireideas.com\\\/#\\\/schema\\\/logo\\\/image\\\/\",\"url\":\"https:\\\/\\\/claireideas.com\\\/wp-content\\\/uploads\\\/2019\\\/01\\\/Logo-Claire-Ideas.gif\",\"contentUrl\":\"https:\\\/\\\/claireideas.com\\\/wp-content\\\/uploads\\\/2019\\\/01\\\/Logo-Claire-Ideas.gif\",\"width\":499,\"height\":499,\"caption\":\"CLAIRE IDEAS\"},\"image\":{\"@id\":\"https:\\\/\\\/claireideas.com\\\/#\\\/schema\\\/logo\\\/image\\\/\"},\"sameAs\":[\"https:\\\/\\\/www.facebook.com\\\/Claire-Ideas-Interior-Design-Project-Management-2133054803437241\\\/\"]}]}<\/script>\n<!-- \/ Yoast SEO plugin. -->","yoast_head_json":{"title":"Ce ne recomand\u0103 - Claire Ideas","robots":{"index":"index","follow":"follow","max-snippet":"max-snippet:-1","max-image-preview":"max-image-preview:large","max-video-preview":"max-video-preview:-1"},"canonical":"https:\/\/claireideas.com\/what-recommends-us\/","og_locale":"ro_RO","og_type":"article","og_title":"Ce ne recomand\u0103 - Claire Ideas","og_url":"https:\/\/claireideas.com\/what-recommends-us\/","og_site_name":"Claire Ideas","article_publisher":"https:\/\/www.facebook.com\/Claire-Ideas-Interior-Design-Project-Management-2133054803437241\/","article_modified_time":"2026-02-25T11:51:38+00:00","og_image":[{"width":4275,"height":2405,"url":"https:\/\/claireideas.com\/wp-content\/uploads\/2019\/06\/cropped-Depositphotos_65485561_xl-2015.jpg","type":"image\/jpeg"}],"twitter_card":"summary_large_image","twitter_misc":{"Timp estimat pentru citire":"1 minut"},"schema":{"@context":"https:\/\/schema.org","@graph":[{"@type":"WebPage","@id":"https:\/\/claireideas.com\/what-recommends-us\/","url":"https:\/\/claireideas.com\/what-recommends-us\/","name":"Ce ne recomand\u0103 - Claire Ideas","isPartOf":{"@id":"https:\/\/claireideas.com\/#website"},"primaryImageOfPage":{"@id":"https:\/\/claireideas.com\/what-recommends-us\/#primaryimage"},"image":{"@id":"https:\/\/claireideas.com\/what-recommends-us\/#primaryimage"},"thumbnailUrl":"https:\/\/claireideas.com\/wp-content\/uploads\/2019\/06\/cropped-Depositphotos_65485561_xl-2015.jpg","datePublished":"2018-11-21T15:27:03+00:00","dateModified":"2026-02-25T11:51:38+00:00","description":"expertiz\u0103 tehnic\u0103 construc\u021bii, audit energetic cl\u0103diri, expert tehnic structuri beton, sustenabilitate, expertize tehnice, expertiz\u0103 tehnica A1, expertiz\u0103 tehnica SAAC, ap\u0103, canal, canalizare, verificator proiecte, verificator A1, verificator B7, verificator D5, expert A1, expert SAAC, expert Is","breadcrumb":{"@id":"https:\/\/claireideas.com\/what-recommends-us\/#breadcrumb"},"inLanguage":"ro-RO","potentialAction":[{"@type":"ReadAction","target":["https:\/\/claireideas.com\/what-recommends-us\/"]}]},{"@type":"ImageObject","inLanguage":"ro-RO","@id":"https:\/\/claireideas.com\/what-recommends-us\/#primaryimage","url":"https:\/\/claireideas.com\/wp-content\/uploads\/2019\/06\/cropped-Depositphotos_65485561_xl-2015.jpg","contentUrl":"https:\/\/claireideas.com\/wp-content\/uploads\/2019\/06\/cropped-Depositphotos_65485561_xl-2015.jpg","width":4275,"height":2405},{"@type":"BreadcrumbList","@id":"https:\/\/claireideas.com\/what-recommends-us\/#breadcrumb","itemListElement":[{"@type":"ListItem","position":1,"name":"Home","item":"https:\/\/claireideas.com\/"},{"@type":"ListItem","position":2,"name":"What Recommends Us"}]},{"@type":"WebSite","@id":"https:\/\/claireideas.com\/#website","url":"https:\/\/claireideas.com\/","name":"{:en}Claire Ideas{:}{:ro}Claire Ideas{:}","description":"Your Business Partner - Since 2018","publisher":{"@id":"https:\/\/claireideas.com\/#organization"},"potentialAction":[{"@type":"SearchAction","target":{"@type":"EntryPoint","urlTemplate":"https:\/\/claireideas.com\/?s={search_term_string}"},"query-input":{"@type":"PropertyValueSpecification","valueRequired":true,"valueName":"search_term_string"}}],"inLanguage":"ro-RO"},{"@type":"Organization","@id":"https:\/\/claireideas.com\/#organization","name":"CLAIRE IDEAS","url":"https:\/\/claireideas.com\/","logo":{"@type":"ImageObject","inLanguage":"ro-RO","@id":"https:\/\/claireideas.com\/#\/schema\/logo\/image\/","url":"https:\/\/claireideas.com\/wp-content\/uploads\/2019\/01\/Logo-Claire-Ideas.gif","contentUrl":"https:\/\/claireideas.com\/wp-content\/uploads\/2019\/01\/Logo-Claire-Ideas.gif","width":499,"height":499,"caption":"CLAIRE IDEAS"},"image":{"@id":"https:\/\/claireideas.com\/#\/schema\/logo\/image\/"},"sameAs":["https:\/\/www.facebook.com\/Claire-Ideas-Interior-Design-Project-Management-2133054803437241\/"]}]}},"amp_enabled":false,"_links":{"self":[{"href":"https:\/\/claireideas.com\/ro\/wp-json\/wp\/v2\/pages\/72","targetHints":{"allow":["GET"]}}],"collection":[{"href":"https:\/\/claireideas.com\/ro\/wp-json\/wp\/v2\/pages"}],"about":[{"href":"https:\/\/claireideas.com\/ro\/wp-json\/wp\/v2\/types\/page"}],"author":[{"embeddable":true,"href":"https:\/\/claireideas.com\/ro\/wp-json\/wp\/v2\/users\/1"}],"replies":[{"embeddable":true,"href":"https:\/\/claireideas.com\/ro\/wp-json\/wp\/v2\/comments?post=72"}],"version-history":[{"count":49,"href":"https:\/\/claireideas.com\/ro\/wp-json\/wp\/v2\/pages\/72\/revisions"}],"predecessor-version":[{"id":3713,"href":"https:\/\/claireideas.com\/ro\/wp-json\/wp\/v2\/pages\/72\/revisions\/3713"}],"wp:featuredmedia":[{"embeddable":true,"href":"https:\/\/claireideas.com\/ro\/wp-json\/wp\/v2\/media\/2196"}],"wp:attachment":[{"href":"https:\/\/claireideas.com\/ro\/wp-json\/wp\/v2\/media?parent=72"}],"curies":[{"name":"wp","href":"https:\/\/api.w.org\/{rel}","templated":true}]}}