{"id":97,"date":"2018-11-22T08:40:33","date_gmt":"2018-11-22T08:40:33","guid":{"rendered":"https:\/\/claireideas.com\/?page_id=97"},"modified":"2018-11-22T11:17:10","modified_gmt":"2018-11-22T11:17:10","slug":"books","status":"publish","type":"page","link":"https:\/\/claireideas.com\/ro\/books\/","title":{"rendered":"BOOKS"},"content":{"rendered":"<p><a href=\"https:\/\/organizareanuntii.ro\/\"><img fetchpriority=\"high\" decoding=\"async\" class=\"alignnone wp-image-91 size-medium\" src=\"https:\/\/claireideas.com\/wp-content\/uploads\/2018\/11\/Picture1-249x300.jpg\" alt=\"\" width=\"249\" height=\"300\" srcset=\"https:\/\/claireideas.com\/wp-content\/uploads\/2018\/11\/Picture1-249x300.jpg 249w, https:\/\/claireideas.com\/wp-content\/uploads\/2018\/11\/Picture1-768x927.jpg 768w, https:\/\/claireideas.com\/wp-content\/uploads\/2018\/11\/Picture1.jpg 847w\" sizes=\"(max-width: 249px) 100vw, 249px\" \/><\/a><\/p>\n","protected":false},"excerpt":{"rendered":"","protected":false},"author":1,"featured_media":0,"parent":0,"menu_order":0,"comment_status":"closed","ping_status":"closed","template":"","meta":{"footnotes":""},"class_list":["post-97","page","type-page","status-publish","hentry"],"translation":{"provider":"WPGlobus","version":"3.0.2","language":"ro","enabled_languages":["en","ro"],"languages":{"en":{"title":true,"content":true,"excerpt":false},"ro":{"title":false,"content":false,"excerpt":false}}},"yoast_head":"<!-- This site is optimized with the Yoast SEO plugin v27.5 - https:\/\/yoast.com\/product\/yoast-seo-wordpress\/ -->\n<title>BOOKS - Claire Ideas<\/title>\n<meta name=\"robots\" content=\"index, follow, max-snippet:-1, max-image-preview:large, max-video-preview:-1\" \/>\n<link rel=\"canonical\" href=\"https:\/\/claireideas.com\/books\/\" \/>\n<meta property=\"og:locale\" content=\"ro_RO\" \/>\n<meta property=\"og:type\" content=\"article\" \/>\n<meta property=\"og:title\" content=\"BOOKS - Claire Ideas\" \/>\n<meta property=\"og:url\" content=\"https:\/\/claireideas.com\/books\/\" \/>\n<meta property=\"og:site_name\" content=\"Claire Ideas\" \/>\n<meta property=\"article:publisher\" content=\"https:\/\/www.facebook.com\/Claire-Ideas-Interior-Design-Project-Management-2133054803437241\/\" \/>\n<meta property=\"article:modified_time\" content=\"2018-11-22T11:17:10+00:00\" \/>\n<meta property=\"og:image\" content=\"https:\/\/claireideas.com\/wp-content\/uploads\/2018\/11\/Picture1-249x300.jpg\" \/>\n<meta name=\"twitter:card\" content=\"summary_large_image\" \/>\n<script type=\"application\/ld+json\" class=\"yoast-schema-graph\">{\"@context\":\"https:\\\/\\\/schema.org\",\"@graph\":[{\"@type\":\"WebPage\",\"@id\":\"https:\\\/\\\/claireideas.com\\\/books\\\/\",\"url\":\"https:\\\/\\\/claireideas.com\\\/books\\\/\",\"name\":\"BOOKS - Claire Ideas\",\"isPartOf\":{\"@id\":\"https:\\\/\\\/claireideas.com\\\/#website\"},\"primaryImageOfPage\":{\"@id\":\"https:\\\/\\\/claireideas.com\\\/books\\\/#primaryimage\"},\"image\":{\"@id\":\"https:\\\/\\\/claireideas.com\\\/books\\\/#primaryimage\"},\"thumbnailUrl\":\"https:\\\/\\\/claireideas.com\\\/wp-content\\\/uploads\\\/2018\\\/11\\\/Picture1-249x300.jpg\",\"datePublished\":\"2018-11-22T08:40:33+00:00\",\"dateModified\":\"2018-11-22T11:17:10+00:00\",\"description\":\"expertiz\u0103 tehnic\u0103 construc\u021bii, audit energetic cl\u0103diri, expert tehnic structuri beton, sustenabilitate, expertize tehnice, expertiz\u0103 tehnica A1, expertiz\u0103 tehnica SAAC, ap\u0103, canal, canalizare, verificator proiecte, verificator A1, verificator B7, verificator D5, expert A1, expert SAAC, expert Is\",\"breadcrumb\":{\"@id\":\"https:\\\/\\\/claireideas.com\\\/books\\\/#breadcrumb\"},\"inLanguage\":\"ro-RO\",\"potentialAction\":[{\"@type\":\"ReadAction\",\"target\":[\"https:\\\/\\\/claireideas.com\\\/books\\\/\"]}]},{\"@type\":\"ImageObject\",\"inLanguage\":\"ro-RO\",\"@id\":\"https:\\\/\\\/claireideas.com\\\/books\\\/#primaryimage\",\"url\":\"https:\\\/\\\/claireideas.com\\\/wp-content\\\/uploads\\\/2018\\\/11\\\/Picture1-249x300.jpg\",\"contentUrl\":\"https:\\\/\\\/claireideas.com\\\/wp-content\\\/uploads\\\/2018\\\/11\\\/Picture1-249x300.jpg\"},{\"@type\":\"BreadcrumbList\",\"@id\":\"https:\\\/\\\/claireideas.com\\\/books\\\/#breadcrumb\",\"itemListElement\":[{\"@type\":\"ListItem\",\"position\":1,\"name\":\"Home\",\"item\":\"https:\\\/\\\/claireideas.com\\\/\"},{\"@type\":\"ListItem\",\"position\":2,\"name\":\"BOOKS\"}]},{\"@type\":\"WebSite\",\"@id\":\"https:\\\/\\\/claireideas.com\\\/#website\",\"url\":\"https:\\\/\\\/claireideas.com\\\/\",\"name\":\"{:en}Claire Ideas{:}{:ro}Claire Ideas{:}\",\"description\":\"Your Business Partner - Since 2018\",\"publisher\":{\"@id\":\"https:\\\/\\\/claireideas.com\\\/#organization\"},\"potentialAction\":[{\"@type\":\"SearchAction\",\"target\":{\"@type\":\"EntryPoint\",\"urlTemplate\":\"https:\\\/\\\/claireideas.com\\\/?s={search_term_string}\"},\"query-input\":{\"@type\":\"PropertyValueSpecification\",\"valueRequired\":true,\"valueName\":\"search_term_string\"}}],\"inLanguage\":\"ro-RO\"},{\"@type\":\"Organization\",\"@id\":\"https:\\\/\\\/claireideas.com\\\/#organization\",\"name\":\"CLAIRE IDEAS\",\"url\":\"https:\\\/\\\/claireideas.com\\\/\",\"logo\":{\"@type\":\"ImageObject\",\"inLanguage\":\"ro-RO\",\"@id\":\"https:\\\/\\\/claireideas.com\\\/#\\\/schema\\\/logo\\\/image\\\/\",\"url\":\"https:\\\/\\\/claireideas.com\\\/wp-content\\\/uploads\\\/2019\\\/01\\\/Logo-Claire-Ideas.gif\",\"contentUrl\":\"https:\\\/\\\/claireideas.com\\\/wp-content\\\/uploads\\\/2019\\\/01\\\/Logo-Claire-Ideas.gif\",\"width\":499,\"height\":499,\"caption\":\"CLAIRE IDEAS\"},\"image\":{\"@id\":\"https:\\\/\\\/claireideas.com\\\/#\\\/schema\\\/logo\\\/image\\\/\"},\"sameAs\":[\"https:\\\/\\\/www.facebook.com\\\/Claire-Ideas-Interior-Design-Project-Management-2133054803437241\\\/\"]}]}<\/script>\n<!-- \/ Yoast SEO plugin. -->","yoast_head_json":{"title":"BOOKS - Claire Ideas","robots":{"index":"index","follow":"follow","max-snippet":"max-snippet:-1","max-image-preview":"max-image-preview:large","max-video-preview":"max-video-preview:-1"},"canonical":"https:\/\/claireideas.com\/books\/","og_locale":"ro_RO","og_type":"article","og_title":"BOOKS - Claire Ideas","og_url":"https:\/\/claireideas.com\/books\/","og_site_name":"Claire Ideas","article_publisher":"https:\/\/www.facebook.com\/Claire-Ideas-Interior-Design-Project-Management-2133054803437241\/","article_modified_time":"2018-11-22T11:17:10+00:00","og_image":[{"url":"https:\/\/claireideas.com\/wp-content\/uploads\/2018\/11\/Picture1-249x300.jpg","type":"","width":"","height":""}],"twitter_card":"summary_large_image","schema":{"@context":"https:\/\/schema.org","@graph":[{"@type":"WebPage","@id":"https:\/\/claireideas.com\/books\/","url":"https:\/\/claireideas.com\/books\/","name":"BOOKS - Claire Ideas","isPartOf":{"@id":"https:\/\/claireideas.com\/#website"},"primaryImageOfPage":{"@id":"https:\/\/claireideas.com\/books\/#primaryimage"},"image":{"@id":"https:\/\/claireideas.com\/books\/#primaryimage"},"thumbnailUrl":"https:\/\/claireideas.com\/wp-content\/uploads\/2018\/11\/Picture1-249x300.jpg","datePublished":"2018-11-22T08:40:33+00:00","dateModified":"2018-11-22T11:17:10+00:00","description":"expertiz\u0103 tehnic\u0103 construc\u021bii, audit energetic cl\u0103diri, expert tehnic structuri beton, sustenabilitate, expertize tehnice, expertiz\u0103 tehnica A1, expertiz\u0103 tehnica SAAC, ap\u0103, canal, canalizare, verificator proiecte, verificator A1, verificator B7, verificator D5, expert A1, expert SAAC, expert Is","breadcrumb":{"@id":"https:\/\/claireideas.com\/books\/#breadcrumb"},"inLanguage":"ro-RO","potentialAction":[{"@type":"ReadAction","target":["https:\/\/claireideas.com\/books\/"]}]},{"@type":"ImageObject","inLanguage":"ro-RO","@id":"https:\/\/claireideas.com\/books\/#primaryimage","url":"https:\/\/claireideas.com\/wp-content\/uploads\/2018\/11\/Picture1-249x300.jpg","contentUrl":"https:\/\/claireideas.com\/wp-content\/uploads\/2018\/11\/Picture1-249x300.jpg"},{"@type":"BreadcrumbList","@id":"https:\/\/claireideas.com\/books\/#breadcrumb","itemListElement":[{"@type":"ListItem","position":1,"name":"Home","item":"https:\/\/claireideas.com\/"},{"@type":"ListItem","position":2,"name":"BOOKS"}]},{"@type":"WebSite","@id":"https:\/\/claireideas.com\/#website","url":"https:\/\/claireideas.com\/","name":"{:en}Claire Ideas{:}{:ro}Claire Ideas{:}","description":"Your Business Partner - Since 2018","publisher":{"@id":"https:\/\/claireideas.com\/#organization"},"potentialAction":[{"@type":"SearchAction","target":{"@type":"EntryPoint","urlTemplate":"https:\/\/claireideas.com\/?s={search_term_string}"},"query-input":{"@type":"PropertyValueSpecification","valueRequired":true,"valueName":"search_term_string"}}],"inLanguage":"ro-RO"},{"@type":"Organization","@id":"https:\/\/claireideas.com\/#organization","name":"CLAIRE IDEAS","url":"https:\/\/claireideas.com\/","logo":{"@type":"ImageObject","inLanguage":"ro-RO","@id":"https:\/\/claireideas.com\/#\/schema\/logo\/image\/","url":"https:\/\/claireideas.com\/wp-content\/uploads\/2019\/01\/Logo-Claire-Ideas.gif","contentUrl":"https:\/\/claireideas.com\/wp-content\/uploads\/2019\/01\/Logo-Claire-Ideas.gif","width":499,"height":499,"caption":"CLAIRE IDEAS"},"image":{"@id":"https:\/\/claireideas.com\/#\/schema\/logo\/image\/"},"sameAs":["https:\/\/www.facebook.com\/Claire-Ideas-Interior-Design-Project-Management-2133054803437241\/"]}]}},"amp_enabled":true,"_links":{"self":[{"href":"https:\/\/claireideas.com\/ro\/wp-json\/wp\/v2\/pages\/97","targetHints":{"allow":["GET"]}}],"collection":[{"href":"https:\/\/claireideas.com\/ro\/wp-json\/wp\/v2\/pages"}],"about":[{"href":"https:\/\/claireideas.com\/ro\/wp-json\/wp\/v2\/types\/page"}],"author":[{"embeddable":true,"href":"https:\/\/claireideas.com\/ro\/wp-json\/wp\/v2\/users\/1"}],"replies":[{"embeddable":true,"href":"https:\/\/claireideas.com\/ro\/wp-json\/wp\/v2\/comments?post=97"}],"version-history":[{"count":2,"href":"https:\/\/claireideas.com\/ro\/wp-json\/wp\/v2\/pages\/97\/revisions"}],"predecessor-version":[{"id":168,"href":"https:\/\/claireideas.com\/ro\/wp-json\/wp\/v2\/pages\/97\/revisions\/168"}],"wp:attachment":[{"href":"https:\/\/claireideas.com\/ro\/wp-json\/wp\/v2\/media?parent=97"}],"curies":[{"name":"wp","href":"https:\/\/api.w.org\/{rel}","templated":true}]}}